{"id":50,"date":"2020-12-08T09:32:16","date_gmt":"2020-12-08T09:32:16","guid":{"rendered":"https:\/\/demo.cmssuperheroes.com\/themeforest\/solatec\/?page_id=50"},"modified":"2023-09-08T22:36:41","modified_gmt":"2023-09-08T20:36:41","slug":"blog","status":"publish","type":"page","link":"https:\/\/www.kukla.sk\/en\/blog\/","title":{"rendered":"Blog"},"content":{"rendered":"<div data-elementor-type=\"wp-page\" data-elementor-id=\"50\" class=\"elementor elementor-50\">\n\t\t\t\t        <section class=\"elementor-section elementor-top-section elementor-element elementor-element-9f2f6c9 pb-50 elementor-section-boxed elementor-section-height-default elementor-section-height-default cms-boxed-bg-false\" data-id=\"9f2f6c9\" data-element_type=\"section\">\r\n\t\t\r\n\t\t<div class=\"cms-section-boxed-bg\"><\/div>        <div class=\"elementor-container elementor-column-gap-default\" >\r\n\t\t        <div class=\"elementor-column elementor-col-100 elementor-top-column elementor-element elementor-element-b214199\" data-id=\"b214199\" data-element_type=\"column\">\r\n            <div class=\"elementor-widget-wrap elementor-element-populated\">\r\n                \t\t<div class=\"elementor-element elementor-element-170c2a7 cms-post-layout-1 elementor-widget elementor-widget-cms_post_grid\" data-id=\"170c2a7\" data-element_type=\"widget\" data-widget_type=\"cms_post_grid.default\">\n\t\t\t\t<div class=\"elementor-widget-container\">\n\t\t\t\r\n<div id=\"cms_post_grid-170c2a7\" class=\"cms-grid\" data-layoutmode=\"fitRows\" data-layout=\"masonry\" data-start-page=\"1\" data-max-pages=\"1\" data-total=\"2\" data-perpage=\"6\" data-next-link=\"\">\r\n        <div class=\"cms-grid-inner cms-grid-masonry row animation-time relative\" data-layout=\"fitRows\" style=\"margin: -15px\">\r\n        <div class=\"cms-grid-sizer col-1\"><\/div>\r\n                    <div class=\"cms-grid-item col-xl-4 col-lg-4 col-md-6 col-12\" style=\"padding: 15px; margin-bottom: 0px\">\n                                    <div class=\"cms-item-content cms-radius-8 cms-shadow-hover-4 cms-transition clearfix\">    <div class=\"cms-featured cms-post-standard  cms-radius-8\"><div class=\"cms-featured-inner relative\">            <div class=\"post-image cms-post-image\">\r\n                <a href=\"https:\/\/www.kukla.sk\/en\/obnova-bytovych-domov-co-by-ste-mali-vediet\/\"><img fetchpriority=\"high\" class=\"w-100 cms-radius-10 cms-lazy lazy-loading cms-img\" data-src=\"https:\/\/www.kukla.sk\/wp-content\/uploads\/2024\/06\/obnova-bytovych-domov-770x527.webp\" width=\"770\" height=\"527\" alt=\"obnova bytov\u00fdch domov\" \/><\/a>\r\n            <\/div>\r\n            <span class=\"cms-post-feature-cat\"><a href=\"https:\/\/www.kukla.sk\/en\/category\/rekonstrukcia\/\" rel=\"tag\">Rekon\u0161trukcia<\/a><\/span><\/div><\/div>\r\n                            <div class=\"cms-item-content-inner p-lr-15 p-lr-md-40 pt-40 pb-40 mt-n8\">\n                                        <div class=\"cms-post-meta pb-5 separator-divider\">\r\n                <div class=\"cms-post-meta-inner row gutters-25\">\r\n                            <span class=\"cms-post-date col-auto\">\r\n                        <span>24. June 2024<\/span>\r\n        <\/span>\r\n                <span class=\"cms-post-author col-auto\">\r\n                        <a href=\"https:\/\/www.kukla.sk\/en\/author\/patrik\/\" title=\"Patrik\">Patrik<\/a>\r\n        <\/span>\r\n                    <\/div>\r\n            <\/div>\r\n                                    <div class=\"cms-item-content-title cms-heading text-20 lh-28 mb-25\">\n                                <a href=\"https:\/\/www.kukla.sk\/en\/obnova-bytovych-domov-co-by-ste-mali-vediet\/\">Obnova bytov\u00fdch domov. \u010co by ste mali vedie\u0165<\/a>\n                            <\/div>\n                            <div class=\"cms-item-content-excerpt mb-30\">Batteries are the most expensive part of a solar system. Between an appropriately-size battery bank and a battery-based<\/div>\n                                                            <div class=\"cms-btn-wraps cms-post-item-readmore\">\n                                    <a href=\"https:\/\/www.kukla.sk\/en\/obnova-bytovych-domov-co-by-ste-mali-vediet\/\" class=\"btn btn-outline btn-primary btn-hover-accent\">\n                                        <span class=\"cms-btn-content\">\n                                            <span class=\"cms-btn-icon text-20 cmsi-arrow-circle-right\"><\/span>\n                                            <span class=\"cms-btn-text\">Read More<\/span>\n                                        <\/span>\n                                    <\/a>\n                                <\/div>\n                                                    <\/div>\n                    <\/div>\n                            <\/div>\n                    <div class=\"cms-grid-item col-xl-4 col-lg-4 col-md-6 col-12\" style=\"padding: 15px; margin-bottom: 0px\">\n                                    <div class=\"cms-item-content cms-radius-8 cms-shadow-hover-4 cms-transition clearfix\">    <div class=\"cms-featured cms-post-standard  cms-radius-8\"><div class=\"cms-featured-inner relative\">            <div class=\"post-image cms-post-image\">\r\n                <a href=\"https:\/\/www.kukla.sk\/en\/rekonstrukcia-domov-zo-60-a-70-rokov-kompletny-sprievodca-2\/\"><img class=\"w-100 cms-radius-10 cms-lazy lazy-loading cms-img\" data-src=\"https:\/\/www.kukla.sk\/wp-content\/uploads\/2024\/05\/rekonstrukcia-domov-zo-60-a-70-rokov-770x527.webp\" width=\"770\" height=\"527\" alt=\"rekon\u0161trukcia domov zo 60. a 70. rokov\" \/><\/a>\r\n            <\/div>\r\n            <span class=\"cms-post-feature-cat\"><a href=\"https:\/\/www.kukla.sk\/en\/category\/rekonstrukcia\/\" rel=\"tag\">Rekon\u0161trukcia<\/a><\/span><\/div><\/div>\r\n                            <div class=\"cms-item-content-inner p-lr-15 p-lr-md-40 pt-40 pb-40 mt-n8\">\n                                        <div class=\"cms-post-meta pb-5 separator-divider\">\r\n                <div class=\"cms-post-meta-inner row gutters-25\">\r\n                            <span class=\"cms-post-date col-auto\">\r\n                        <span>8. December 2020<\/span>\r\n        <\/span>\r\n                <span class=\"cms-post-author col-auto\">\r\n                        <a href=\"https:\/\/www.kukla.sk\/en\/author\/patrik\/\" title=\"Patrik\">Patrik<\/a>\r\n        <\/span>\r\n                    <\/div>\r\n            <\/div>\r\n                                    <div class=\"cms-item-content-title cms-heading text-20 lh-28 mb-25\">\n                                <a href=\"https:\/\/www.kukla.sk\/en\/rekonstrukcia-domov-zo-60-a-70-rokov-kompletny-sprievodca-2\/\">Rekon\u0161trukcia domov zo 60. a 70. rokov \u2013 Kompletn\u00fd sprievodca<\/a>\n                            <\/div>\n                            <div class=\"cms-item-content-excerpt mb-30\">Batteries are the most expensive part of a solar system. Between an appropriately-size battery bank and a battery-based<\/div>\n                                                            <div class=\"cms-btn-wraps cms-post-item-readmore\">\n                                    <a href=\"https:\/\/www.kukla.sk\/en\/rekonstrukcia-domov-zo-60-a-70-rokov-kompletny-sprievodca-2\/\" class=\"btn btn-outline btn-primary btn-hover-accent\">\n                                        <span class=\"cms-btn-content\">\n                                            <span class=\"cms-btn-icon text-20 cmsi-arrow-circle-right\"><\/span>\n                                            <span class=\"cms-btn-text\">Read More<\/span>\n                                        <\/span>\n                                    <\/a>\n                                <\/div>\n                                                    <\/div>\n                    <\/div>\n                            <\/div>\n                <div class=\"cms-grid-overlay\"><\/div>\r\n    <\/div>\r\n        <\/div>\t\t<\/div>\n\t\t\t\t<\/div>\n\t\t            <\/div>\r\n        <\/div>\r\n        \t\t\t<\/div>\r\n\t\t<\/section>\r\n\t\t\t\t<\/div>","protected":false},"excerpt":{"rendered":"<p>Dec 08, 2020 Insights, Solar Mahmoud Baghagho Filing Solar Power Permits in 2020? Consider the Following Important Factors All of these factors are important to consider when permitting your solar system, and can help streamline your process. Take&#8230; Read More Dec 08, 2020 Battery, Systems Mahmoud Baghagho How to Add Battery Backup to an Existing [&hellip;]<\/p>","protected":false},"author":1,"featured_media":0,"parent":0,"menu_order":16,"comment_status":"closed","ping_status":"closed","template":"","meta":{"om_disable_all_campaigns":false,"_monsterinsights_skip_tracking":false,"_monsterinsights_sitenote_active":false,"_monsterinsights_sitenote_note":"","_monsterinsights_sitenote_category":0,"footnotes":""},"yoast_head":"<!-- This site is optimized with the Yoast SEO plugin v22.4 - https:\/\/yoast.com\/wordpress\/plugins\/seo\/ -->\n<title>Blog | Kukla.sk | Obnova budov<\/title>\n<meta name=\"robots\" content=\"index, follow, max-snippet:-1, max-image-preview:large, max-video-preview:-1\" \/>\n<link rel=\"canonical\" href=\"https:\/\/www.kukla.sk\/en\/blog\/\" \/>\n<meta property=\"og:locale\" content=\"en_US\" \/>\n<meta property=\"og:type\" content=\"article\" \/>\n<meta property=\"og:title\" content=\"Blog | Kukla.sk | Obnova budov\" \/>\n<meta property=\"og:description\" content=\"Dec 08, 2020 Insights, Solar Mahmoud Baghagho Filing Solar Power Permits in 2020? Consider the Following Important Factors All of these factors are important to consider when permitting your solar system, and can help streamline your process. Take&#8230; Read More Dec 08, 2020 Battery, Systems Mahmoud Baghagho How to Add Battery Backup to an Existing [&hellip;]\" \/>\n<meta property=\"og:url\" content=\"https:\/\/www.kukla.sk\/en\/blog\/\" \/>\n<meta property=\"og:site_name\" content=\"Kukla.sk | Obnova budov\" \/>\n<meta property=\"article:modified_time\" content=\"2023-09-08T20:36:41+00:00\" \/>\n<meta property=\"og:image\" content=\"https:\/\/demo.cmssuperheroes.com\/themeforest\/solatec\/wp-content\/uploads\/solatec-23-l-770x527.jpg\" \/>\n<meta name=\"twitter:card\" content=\"summary_large_image\" \/>\n<meta name=\"twitter:label1\" content=\"Est. reading time\" \/>\n\t<meta name=\"twitter:data1\" content=\"3 minutes\" \/>\n<script type=\"application\/ld+json\" class=\"yoast-schema-graph\">{\"@context\":\"https:\/\/schema.org\",\"@graph\":[{\"@type\":\"WebPage\",\"@id\":\"https:\/\/www.kukla.sk\/blog\/\",\"url\":\"https:\/\/www.kukla.sk\/blog\/\",\"name\":\"Blog | Kukla.sk | Obnova budov\",\"isPartOf\":{\"@id\":\"https:\/\/www.kukla.sk\/#website\"},\"primaryImageOfPage\":{\"@id\":\"https:\/\/www.kukla.sk\/blog\/#primaryimage\"},\"image\":{\"@id\":\"https:\/\/www.kukla.sk\/blog\/#primaryimage\"},\"thumbnailUrl\":\"https:\/\/demo.cmssuperheroes.com\/themeforest\/solatec\/wp-content\/uploads\/solatec-23-l-770x527.jpg\",\"datePublished\":\"2020-12-08T09:32:16+00:00\",\"dateModified\":\"2023-09-08T20:36:41+00:00\",\"breadcrumb\":{\"@id\":\"https:\/\/www.kukla.sk\/blog\/#breadcrumb\"},\"inLanguage\":\"en-US\",\"potentialAction\":[{\"@type\":\"ReadAction\",\"target\":[\"https:\/\/www.kukla.sk\/blog\/\"]}]},{\"@type\":\"ImageObject\",\"inLanguage\":\"en-US\",\"@id\":\"https:\/\/www.kukla.sk\/blog\/#primaryimage\",\"url\":\"https:\/\/demo.cmssuperheroes.com\/themeforest\/solatec\/wp-content\/uploads\/solatec-23-l-770x527.jpg\",\"contentUrl\":\"https:\/\/demo.cmssuperheroes.com\/themeforest\/solatec\/wp-content\/uploads\/solatec-23-l-770x527.jpg\"},{\"@type\":\"BreadcrumbList\",\"@id\":\"https:\/\/www.kukla.sk\/blog\/#breadcrumb\",\"itemListElement\":[{\"@type\":\"ListItem\",\"position\":1,\"name\":\"Domov\",\"item\":\"https:\/\/www.kukla.sk\/\"},{\"@type\":\"ListItem\",\"position\":2,\"name\":\"Blog\"}]},{\"@type\":\"WebSite\",\"@id\":\"https:\/\/www.kukla.sk\/#website\",\"url\":\"https:\/\/www.kukla.sk\/\",\"name\":\"Kukla.sk | Obnova budov\",\"description\":\"\",\"publisher\":{\"@id\":\"https:\/\/www.kukla.sk\/#organization\"},\"potentialAction\":[{\"@type\":\"SearchAction\",\"target\":{\"@type\":\"EntryPoint\",\"urlTemplate\":\"https:\/\/www.kukla.sk\/?s={search_term_string}\"},\"query-input\":\"required name=search_term_string\"}],\"inLanguage\":\"en-US\"},{\"@type\":\"Organization\",\"@id\":\"https:\/\/www.kukla.sk\/#organization\",\"name\":\"Kukla.sk\",\"url\":\"https:\/\/www.kukla.sk\/\",\"logo\":{\"@type\":\"ImageObject\",\"inLanguage\":\"en-US\",\"@id\":\"https:\/\/www.kukla.sk\/#\/schema\/logo\/image\/\",\"url\":\"https:\/\/www.kukla.sk\/wp-content\/uploads\/2023\/06\/cropped-logo-kukla-domecek.png\",\"contentUrl\":\"https:\/\/www.kukla.sk\/wp-content\/uploads\/2023\/06\/cropped-logo-kukla-domecek.png\",\"width\":512,\"height\":512,\"caption\":\"Kukla.sk\"},\"image\":{\"@id\":\"https:\/\/www.kukla.sk\/#\/schema\/logo\/image\/\"}}]}<\/script>\n<!-- \/ Yoast SEO plugin. -->","yoast_head_json":{"title":"Blog | Kukla.sk | Obnova budov","robots":{"index":"index","follow":"follow","max-snippet":"max-snippet:-1","max-image-preview":"max-image-preview:large","max-video-preview":"max-video-preview:-1"},"canonical":"https:\/\/www.kukla.sk\/en\/blog\/","og_locale":"en_US","og_type":"article","og_title":"Blog | Kukla.sk | Obnova budov","og_description":"Dec 08, 2020 Insights, Solar Mahmoud Baghagho Filing Solar Power Permits in 2020? Consider the Following Important Factors All of these factors are important to consider when permitting your solar system, and can help streamline your process. Take&#8230; Read More Dec 08, 2020 Battery, Systems Mahmoud Baghagho How to Add Battery Backup to an Existing [&hellip;]","og_url":"https:\/\/www.kukla.sk\/en\/blog\/","og_site_name":"Kukla.sk | Obnova budov","article_modified_time":"2023-09-08T20:36:41+00:00","og_image":[{"url":"https:\/\/demo.cmssuperheroes.com\/themeforest\/solatec\/wp-content\/uploads\/solatec-23-l-770x527.jpg"}],"twitter_card":"summary_large_image","twitter_misc":{"Est. reading time":"3 minutes"},"schema":{"@context":"https:\/\/schema.org","@graph":[{"@type":"WebPage","@id":"https:\/\/www.kukla.sk\/blog\/","url":"https:\/\/www.kukla.sk\/blog\/","name":"Blog | Kukla.sk | Obnova budov","isPartOf":{"@id":"https:\/\/www.kukla.sk\/#website"},"primaryImageOfPage":{"@id":"https:\/\/www.kukla.sk\/blog\/#primaryimage"},"image":{"@id":"https:\/\/www.kukla.sk\/blog\/#primaryimage"},"thumbnailUrl":"https:\/\/demo.cmssuperheroes.com\/themeforest\/solatec\/wp-content\/uploads\/solatec-23-l-770x527.jpg","datePublished":"2020-12-08T09:32:16+00:00","dateModified":"2023-09-08T20:36:41+00:00","breadcrumb":{"@id":"https:\/\/www.kukla.sk\/blog\/#breadcrumb"},"inLanguage":"en-US","potentialAction":[{"@type":"ReadAction","target":["https:\/\/www.kukla.sk\/blog\/"]}]},{"@type":"ImageObject","inLanguage":"en-US","@id":"https:\/\/www.kukla.sk\/blog\/#primaryimage","url":"https:\/\/demo.cmssuperheroes.com\/themeforest\/solatec\/wp-content\/uploads\/solatec-23-l-770x527.jpg","contentUrl":"https:\/\/demo.cmssuperheroes.com\/themeforest\/solatec\/wp-content\/uploads\/solatec-23-l-770x527.jpg"},{"@type":"BreadcrumbList","@id":"https:\/\/www.kukla.sk\/blog\/#breadcrumb","itemListElement":[{"@type":"ListItem","position":1,"name":"Domov","item":"https:\/\/www.kukla.sk\/"},{"@type":"ListItem","position":2,"name":"Blog"}]},{"@type":"WebSite","@id":"https:\/\/www.kukla.sk\/#website","url":"https:\/\/www.kukla.sk\/","name":"Kukla.sk | Obnova budov","description":"","publisher":{"@id":"https:\/\/www.kukla.sk\/#organization"},"potentialAction":[{"@type":"SearchAction","target":{"@type":"EntryPoint","urlTemplate":"https:\/\/www.kukla.sk\/?s={search_term_string}"},"query-input":"required name=search_term_string"}],"inLanguage":"en-US"},{"@type":"Organization","@id":"https:\/\/www.kukla.sk\/#organization","name":"Kukla.sk","url":"https:\/\/www.kukla.sk\/","logo":{"@type":"ImageObject","inLanguage":"en-US","@id":"https:\/\/www.kukla.sk\/#\/schema\/logo\/image\/","url":"https:\/\/www.kukla.sk\/wp-content\/uploads\/2023\/06\/cropped-logo-kukla-domecek.png","contentUrl":"https:\/\/www.kukla.sk\/wp-content\/uploads\/2023\/06\/cropped-logo-kukla-domecek.png","width":512,"height":512,"caption":"Kukla.sk"},"image":{"@id":"https:\/\/www.kukla.sk\/#\/schema\/logo\/image\/"}}]}},"_links":{"self":[{"href":"https:\/\/www.kukla.sk\/en\/wp-json\/wp\/v2\/pages\/50"}],"collection":[{"href":"https:\/\/www.kukla.sk\/en\/wp-json\/wp\/v2\/pages"}],"about":[{"href":"https:\/\/www.kukla.sk\/en\/wp-json\/wp\/v2\/types\/page"}],"author":[{"embeddable":true,"href":"https:\/\/www.kukla.sk\/en\/wp-json\/wp\/v2\/users\/1"}],"replies":[{"embeddable":true,"href":"https:\/\/www.kukla.sk\/en\/wp-json\/wp\/v2\/comments?post=50"}],"version-history":[{"count":3,"href":"https:\/\/www.kukla.sk\/en\/wp-json\/wp\/v2\/pages\/50\/revisions"}],"predecessor-version":[{"id":6436,"href":"https:\/\/www.kukla.sk\/en\/wp-json\/wp\/v2\/pages\/50\/revisions\/6436"}],"wp:attachment":[{"href":"https:\/\/www.kukla.sk\/en\/wp-json\/wp\/v2\/media?parent=50"}],"curies":[{"name":"wp","href":"https:\/\/api.w.org\/{rel}","templated":true}]}}