{"id":54,"date":"2020-12-08T09:32:53","date_gmt":"2020-12-08T09:32:53","guid":{"rendered":"https:\/\/demo.cmssuperheroes.com\/themeforest\/solatec\/?page_id=54"},"modified":"2023-10-10T11:28:09","modified_gmt":"2023-10-10T09:28:09","slug":"cenova-ponuka","status":"publish","type":"page","link":"https:\/\/www.kukla.sk\/en\/cenova-ponuka\/","title":{"rendered":"Cenov\u00e1 ponuka"},"content":{"rendered":"<div data-elementor-type=\"wp-page\" data-elementor-id=\"54\" class=\"elementor elementor-54\">\n\t\t\t\t        <section class=\"elementor-section elementor-top-section elementor-element elementor-element-84d18bc elementor-section-content-top elementor-section-boxed elementor-section-height-default elementor-section-height-default cms-boxed-bg-false\" data-id=\"84d18bc\" data-element_type=\"section\">\r\n\t\t\r\n\t\t<div class=\"cms-section-boxed-bg\"><\/div>        <div class=\"elementor-container elementor-column-gap-default\" >\r\n\t\t        <div class=\"elementor-column elementor-col-41 elementor-top-column elementor-element elementor-element-7f4580b cms-cloumn-sticky\" data-id=\"7f4580b\" data-element_type=\"column\">\r\n            <div class=\"elementor-widget-wrap elementor-element-populated\">\r\n                \t\t<div class=\"elementor-element elementor-element-f3872f0 cms-heading-layout-5 elementor-widget elementor-widget-cms_heading\" data-id=\"f3872f0\" data-element_type=\"widget\" data-widget_type=\"cms_heading.default\">\n\t\t\t\t<div class=\"elementor-widget-container\">\n\t\t\t\r\n<div class=\"cms-heading-wrapper\">\r\n            <div class=\"cms-mainheading text-16 lh-24 font-700 text-accent\">Slovensk\u00e1 stavebn\u00e1 spolo\u010dnos\u0165<\/div>\r\n                <div class=\"cms-heading cms-subheading text-34 lh-48 pt-10\">Vy\u017eiadajte si podrobn\u00fd odhad obnovy va\u0161ej nehnute\u013enosti<\/div>\r\n            <div class=\"cms-heading-desc text-16 lh-27 pt-20\"><p>Z\u00edskajte presn\u00fa cenov\u00fa ponuku do 3-5 dn\u00ed po vyplnen\u00ed formul\u00e1ra. Ide\u00e1lne pre \u013eud\u00ed, ktor\u00ed s\u00fa pripraven\u00ed za\u010da\u0165 proces obnovy nehnute\u013enosti e\u0161te dnes.<\/p>\n<\/div>\r\n        <div class=\"cms-heading-btns row gutters-30 gutters-grid empty-none pt-40 align-items-center justify-content-\">    <\/div>\r\n<\/div>\t\t<\/div>\n\t\t\t\t<\/div>\n\t\t\t\t<div class=\"elementor-element elementor-element-a9c1eb2 elementor-widget-divider--view-line elementor-widget elementor-widget-divider\" data-id=\"a9c1eb2\" data-element_type=\"widget\" data-widget_type=\"divider.default\">\n\t\t\t\t<div class=\"elementor-widget-container\">\n\t\t\t<style>\/*! elementor - v3.20.0 - 10-04-2024 *\/\n.elementor-widget-divider{--divider-border-style:none;--divider-border-width:1px;--divider-color:#0c0d0e;--divider-icon-size:20px;--divider-element-spacing:10px;--divider-pattern-height:24px;--divider-pattern-size:20px;--divider-pattern-url:none;--divider-pattern-repeat:repeat-x}.elementor-widget-divider .elementor-divider{display:flex}.elementor-widget-divider .elementor-divider__text{font-size:15px;line-height:1;max-width:95%}.elementor-widget-divider .elementor-divider__element{margin:0 var(--divider-element-spacing);flex-shrink:0}.elementor-widget-divider .elementor-icon{font-size:var(--divider-icon-size)}.elementor-widget-divider .elementor-divider-separator{display:flex;margin:0;direction:ltr}.elementor-widget-divider--view-line_icon .elementor-divider-separator,.elementor-widget-divider--view-line_text .elementor-divider-separator{align-items:center}.elementor-widget-divider--view-line_icon .elementor-divider-separator:after,.elementor-widget-divider--view-line_icon .elementor-divider-separator:before,.elementor-widget-divider--view-line_text .elementor-divider-separator:after,.elementor-widget-divider--view-line_text .elementor-divider-separator:before{display:block;content:\"\";border-block-end:0;flex-grow:1;border-block-start:var(--divider-border-width) var(--divider-border-style) var(--divider-color)}.elementor-widget-divider--element-align-left .elementor-divider .elementor-divider-separator>.elementor-divider__svg:first-of-type{flex-grow:0;flex-shrink:100}.elementor-widget-divider--element-align-left .elementor-divider-separator:before{content:none}.elementor-widget-divider--element-align-left .elementor-divider__element{margin-left:0}.elementor-widget-divider--element-align-right .elementor-divider .elementor-divider-separator>.elementor-divider__svg:last-of-type{flex-grow:0;flex-shrink:100}.elementor-widget-divider--element-align-right .elementor-divider-separator:after{content:none}.elementor-widget-divider--element-align-right .elementor-divider__element{margin-right:0}.elementor-widget-divider--element-align-start .elementor-divider .elementor-divider-separator>.elementor-divider__svg:first-of-type{flex-grow:0;flex-shrink:100}.elementor-widget-divider--element-align-start .elementor-divider-separator:before{content:none}.elementor-widget-divider--element-align-start .elementor-divider__element{margin-inline-start:0}.elementor-widget-divider--element-align-end .elementor-divider .elementor-divider-separator>.elementor-divider__svg:last-of-type{flex-grow:0;flex-shrink:100}.elementor-widget-divider--element-align-end .elementor-divider-separator:after{content:none}.elementor-widget-divider--element-align-end .elementor-divider__element{margin-inline-end:0}.elementor-widget-divider:not(.elementor-widget-divider--view-line_text):not(.elementor-widget-divider--view-line_icon) .elementor-divider-separator{border-block-start:var(--divider-border-width) var(--divider-border-style) var(--divider-color)}.elementor-widget-divider--separator-type-pattern{--divider-border-style:none}.elementor-widget-divider--separator-type-pattern.elementor-widget-divider--view-line .elementor-divider-separator,.elementor-widget-divider--separator-type-pattern:not(.elementor-widget-divider--view-line) .elementor-divider-separator:after,.elementor-widget-divider--separator-type-pattern:not(.elementor-widget-divider--view-line) .elementor-divider-separator:before,.elementor-widget-divider--separator-type-pattern:not([class*=elementor-widget-divider--view]) .elementor-divider-separator{width:100%;min-height:var(--divider-pattern-height);-webkit-mask-size:var(--divider-pattern-size) 100%;mask-size:var(--divider-pattern-size) 100%;-webkit-mask-repeat:var(--divider-pattern-repeat);mask-repeat:var(--divider-pattern-repeat);background-color:var(--divider-color);-webkit-mask-image:var(--divider-pattern-url);mask-image:var(--divider-pattern-url)}.elementor-widget-divider--no-spacing{--divider-pattern-size:auto}.elementor-widget-divider--bg-round{--divider-pattern-repeat:round}.rtl .elementor-widget-divider .elementor-divider__text{direction:rtl}.e-con-inner>.elementor-widget-divider,.e-con>.elementor-widget-divider{width:var(--container-widget-width,100%);--flex-grow:var(--container-widget-flex-grow)}<\/style>\t\t<div class=\"elementor-divider\">\n\t\t\t<span class=\"elementor-divider-separator\">\n\t\t\t\t\t\t<\/span>\n\t\t<\/div>\n\t\t\t\t<\/div>\n\t\t\t\t<\/div>\n\t\t\t\t<div class=\"elementor-element elementor-element-7e6abef cms-heading-layout-5 elementor-widget elementor-widget-cms_heading\" data-id=\"7e6abef\" data-element_type=\"widget\" data-widget_type=\"cms_heading.default\">\n\t\t\t\t<div class=\"elementor-widget-container\">\n\t\t\t\r\n<div class=\"cms-heading-wrapper\">\r\n            <div class=\"cms-mainheading text-16 lh-24 font-700 text-primary\">Alebo n\u00e1m m\u00f4\u017eete zavola\u0165:<\/div>\r\n                <div class=\"cms-heading cms-subheading text-34 lh-48 pt-10 text-accent\">+421 919 378 348<\/div>\r\n            <div class=\"cms-heading-desc text-16 lh-27 pt-20\"><p>Ozveme sa v\u00e1m do 24 hod\u00edn alebo n\u00e1m zavolajte ka\u017ed\u00fd de\u0148 od 9:00 do 17:00. <\/p>\n<p>Alebo n\u00e1m m\u00f4\u017eete posla\u0165 e-mail <a class=\"font-700 text-accent\" href=\"mailto:andrej@kukla.sk\">andrej@kukla.sk<\/a><\/p>\n<\/div>\r\n        <div class=\"cms-heading-btns row gutters-30 gutters-grid empty-none pt-40 align-items-center justify-content-\">    <\/div>\r\n<\/div>\t\t<\/div>\n\t\t\t\t<\/div>\n\t\t            <\/div>\r\n        <\/div>\r\n                <div class=\"elementor-column elementor-col-58 elementor-top-column elementor-element elementor-element-2a460fa pl-xl-60\" data-id=\"2a460fa\" data-element_type=\"column\">\r\n            <div class=\"elementor-widget-wrap elementor-element-populated\">\r\n                \t\t<div class=\"elementor-element elementor-element-3a28f51 cms-cf7-layout-1 elementor-widget elementor-widget-cms_ctf7\" data-id=\"3a28f51\" data-element_type=\"widget\" data-widget_type=\"cms_ctf7.default\">\n\t\t\t\t<div class=\"elementor-widget-container\">\n\t\t\t    <div id=\"cms_ctf7-3a28f51\" class=\"cms-cf7 overflow-hidden bg-white p-20 p-lg-30 p-xl-50 cms-radius-16 cms-shadow-3\">\r\n        <div class=\"cms-cf7-inner\">                <div class=\"cms-form-heading cms-heading text-24 font-500 mt-n12\">Nap\u00ed\u0161te n\u00e1m<\/div>\r\n                        <div class=\"pt-20\">\n<div class=\"wpcf7 no-js\" id=\"wpcf7-f3439-o1\" lang=\"en-US\" dir=\"ltr\">\n<div class=\"screen-reader-response\"><p role=\"status\" aria-live=\"polite\" aria-atomic=\"true\"><\/p> <ul><\/ul><\/div>\n<form action=\"\/en\/wp-json\/wp\/v2\/pages\/54#wpcf7-f3439-o1\" method=\"post\" class=\"wpcf7-form init\" aria-label=\"Contact form\" novalidate=\"novalidate\" data-status=\"init\" data-trp-original-action=\"\/en\/wp-json\/wp\/v2\/pages\/54#wpcf7-f3439-o1\">\n<div style=\"display: none;\">\n<input type=\"hidden\" name=\"_wpcf7\" value=\"3439\" \/>\n<input type=\"hidden\" name=\"_wpcf7_version\" value=\"5.9.3\" \/>\n<input type=\"hidden\" name=\"_wpcf7_locale\" value=\"en_US\" \/>\n<input type=\"hidden\" name=\"_wpcf7_unit_tag\" value=\"wpcf7-f3439-o1\" \/>\n<input type=\"hidden\" name=\"_wpcf7_container_post\" value=\"0\" \/>\n<input type=\"hidden\" name=\"_wpcf7_posted_data_hash\" value=\"\" \/>\n<\/div>\n<div class=\"row\">\n\t<div class=\"col-lg-6 mb-20\">\n\t\t<p><span class=\"wpcf7-form-control-wrap\" data-name=\"your-name\"><input size=\"40\" class=\"wpcf7-form-control wpcf7-text wpcf7-validates-as-required\" aria-required=\"true\" aria-invalid=\"false\" placeholder=\"Meno\" value=\"\" type=\"text\" name=\"your-name\" \/><\/span>\n\t\t<\/p>\n\t<\/div>\n\t<div class=\"col-lg-6 mb-20\">\n\t\t<p><span class=\"wpcf7-form-control-wrap\" data-name=\"your-email\"><input size=\"40\" class=\"wpcf7-form-control wpcf7-email wpcf7-validates-as-required wpcf7-text wpcf7-validates-as-email\" aria-required=\"true\" aria-invalid=\"false\" placeholder=\"Email\" value=\"\" type=\"email\" name=\"your-email\" \/><\/span>\n\t\t<\/p>\n\t<\/div>\n\t<div class=\"col-lg-6 mb-20\">\n\t\t<p><span class=\"wpcf7-form-control-wrap\" data-name=\"phone\"><input size=\"40\" class=\"wpcf7-form-control wpcf7-tel wpcf7-validates-as-required wpcf7-text wpcf7-validates-as-tel\" aria-required=\"true\" aria-invalid=\"false\" placeholder=\"\u010c\u00edslo\" value=\"\" type=\"tel\" name=\"phone\" \/><\/span>\n\t\t<\/p>\n\t<\/div>\n\t<div class=\"col-lg-6 mb-20\">\n\t\t<p><span class=\"wpcf7-form-control-wrap\" data-name=\"spolocnost\"><input size=\"40\" class=\"wpcf7-form-control wpcf7-text wpcf7-validates-as-required\" aria-required=\"true\" aria-invalid=\"false\" placeholder=\"Spolo\u010dnos\u0165\" value=\"\" type=\"text\" name=\"spolocnost\" \/><\/span>\n\t\t<\/p>\n\t<\/div>\n<\/div>\n<div class=\"text-primary text-14 lh-28 font-700 pb-10\">\n\t<p>Inform\u00e1cie o projekte:\n\t<\/p>\n<\/div>\n<div class=\"row\">\n\t<div class=\"col-lg-6 mb-20\">\n\t\t<p><span class=\"wpcf7-form-control-wrap\" data-name=\"Typ\"><select class=\"wpcf7-form-control wpcf7-select wpcf7-validates-as-required\" aria-required=\"true\" aria-invalid=\"false\" name=\"Typ\"><option value=\"\">Typ projektu<\/option><option value=\"zateplenie budovy\">zateplenie budovy<\/option><option value=\"San\u00e1cia fas\u00e1dy\u2028a omietky\">San\u00e1cia fas\u00e1dy\u2028a omietky<\/option><option value=\"V\u00fdmena rozvodov\">V\u00fdmena rozvodov<\/option><option value=\"Rekon\u0161trukcia striech\u2028\">Rekon\u0161trukcia striech\u2028<\/option><option value=\"V\u00fdmena dver\u00ed a okien\u2028\">V\u00fdmena dver\u00ed a okien\u2028<\/option><option value=\"Rekon\u0161trukcia balk\u00f3nov\">Rekon\u0161trukcia balk\u00f3nov<\/option><option value=\"Mont\u00e1\u017e a renov\u00e1cia v\u00fd\u0165ahov\u2028\">Mont\u00e1\u017e a renov\u00e1cia v\u00fd\u0165ahov\u2028<\/option><option value=\"Likvid\u00e1cia azbestu\u2028\">Likvid\u00e1cia azbestu\u2028<\/option><\/select><\/span>\n\t\t<\/p>\n\t<\/div>\n\t<div class=\"col-lg-6 mb-20\">\n\t\t<p><span class=\"wpcf7-form-control-wrap\" data-name=\"Miesto\"><input size=\"40\" class=\"wpcf7-form-control wpcf7-text wpcf7-validates-as-required\" aria-required=\"true\" aria-invalid=\"false\" placeholder=\"Miesto projektu\" value=\"\" type=\"text\" name=\"Miesto\" \/><\/span>\n\t\t<\/p>\n\t<\/div>\n\t<div class=\"col-lg-6 mb-20\">\n\t\t<p><span class=\"wpcf7-form-control-wrap\" data-name=\"Fotodokumentacia\"><select class=\"wpcf7-form-control wpcf7-select wpcf7-validates-as-required\" aria-required=\"true\" aria-invalid=\"false\" name=\"Fotodokumentacia\"><option value=\"\">Fotodokument\u00e1cia<\/option><option value=\"\u00e1no\">\u00e1no<\/option><option value=\"nie\">nie<\/option><\/select><\/span>\n\t\t<\/p>\n\t<\/div>\n<\/div>\n<div class=\"text-primary text-14 lh-28 font-700 pb-10\">\n\t<p>Preferovan\u00e1 met\u00f3da kontaktu\n\t<\/p>\n<\/div>\n<p><span class=\"wpcf7-form-control-wrap\" data-name=\"Preferovana\"><span class=\"wpcf7-form-control wpcf7-radio\"><span class=\"wpcf7-list-item first\"><label><input type=\"radio\" name=\"Preferovana\" value=\"V\u0161etko\" checked=\"checked\" \/><span class=\"wpcf7-list-item-label\">V\u0161etko<\/span><\/label><\/span><span class=\"wpcf7-list-item\"><label><input type=\"radio\" name=\"Preferovana\" value=\"mobil\" \/><span class=\"wpcf7-list-item-label\">mobil<\/span><\/label><\/span><span class=\"wpcf7-list-item last\"><label><input type=\"radio\" name=\"Preferovana\" value=\"email\" \/><span class=\"wpcf7-list-item-label\">email<\/span><\/label><\/span><\/span><\/span>\n<\/p>\n<div class=\"cms-submit\">\n\t<p><button class=\"wpcf7-form-control wpcf7-submit btn btn-primary btn-lg w-100\" type=\"submit\"><span class=\"cms-btn-content\"><span class=\"wpcf7-submit-icon cms-btn-icon cmsi-arrow-circle-right rtl-flip\"><\/span><span class=\"cms-btn-text\">Odosla\u0165<\/span><\/span><\/button>\n\t<\/p>\n<\/div><div class=\"wpcf7-response-output\" aria-hidden=\"true\"><\/div>\n<input type=\"hidden\" name=\"trp-form-language\" value=\"en\"\/><\/form>\n<\/div>\n<\/div>\r\n        <\/div>\r\n    <\/div>\r\n\t\t<\/div>\n\t\t\t\t<\/div>\n\t\t            <\/div>\r\n        <\/div>\r\n        \t\t\t<\/div>\r\n\t\t<\/section>\r\n\t\t\t\t<\/div>","protected":false},"excerpt":{"rendered":"<p>Slovensk\u00e1 stavebn\u00e1 spolo\u010dnos\u0165 Vy\u017eiadajte si podrobn\u00fd odhad obnovy va\u0161ej nehnute\u013enosti Z\u00edskajte presn\u00fa cenov\u00fa ponuku do 3-5 dn\u00ed po vyplnen\u00ed formul\u00e1ra. Ide\u00e1lne pre \u013eud\u00ed, ktor\u00ed s\u00fa pripraven\u00ed za\u010da\u0165 proces obnovy nehnute\u013enosti e\u0161te dnes. Alebo n\u00e1m m\u00f4\u017eete zavola\u0165: +421 919 378 348 Ozveme sa v\u00e1m do 24 hod\u00edn alebo n\u00e1m zavolajte ka\u017ed\u00fd de\u0148 od 9:00 do 17:00. [&hellip;]<\/p>","protected":false},"author":1,"featured_media":6024,"parent":0,"menu_order":18,"comment_status":"closed","ping_status":"closed","template":"","meta":{"om_disable_all_campaigns":false,"_monsterinsights_skip_tracking":false,"_monsterinsights_sitenote_active":false,"_monsterinsights_sitenote_note":"","_monsterinsights_sitenote_category":0,"footnotes":""},"yoast_head":"<!-- This site is optimized with the Yoast SEO plugin v22.4 - https:\/\/yoast.com\/wordpress\/plugins\/seo\/ -->\n<title>Cenov\u00e1 ponuka na stavebn\u00e9 pr\u00e1ce | Kukla.sk | Obnova budov<\/title>\n<meta name=\"description\" content=\"Nechajte si vypracova\u0165 nez\u00e1v\u00e4zn\u00fa cenov\u00fa ponuku na na\u0161e rekon\u0161truk\u010dn\u00e9 a stavebn\u00e9 pr\u00e1ce. U n\u00e1s m\u00e1te istotu, \u017ee sa cena \u010dasom nemen\u00ed.\" \/>\n<meta name=\"robots\" content=\"index, follow, max-snippet:-1, max-image-preview:large, max-video-preview:-1\" \/>\n<link rel=\"canonical\" href=\"https:\/\/www.kukla.sk\/en\/cenova-ponuka\/\" \/>\n<meta property=\"og:locale\" content=\"en_US\" \/>\n<meta property=\"og:type\" content=\"article\" \/>\n<meta property=\"og:title\" content=\"Cenov\u00e1 ponuka na stavebn\u00e9 pr\u00e1ce | Kukla.sk | Obnova budov\" \/>\n<meta property=\"og:description\" content=\"Nechajte si vypracova\u0165 nez\u00e1v\u00e4zn\u00fa cenov\u00fa ponuku na na\u0161e rekon\u0161truk\u010dn\u00e9 a stavebn\u00e9 pr\u00e1ce. U n\u00e1s m\u00e1te istotu, \u017ee sa cena \u010dasom nemen\u00ed.\" \/>\n<meta property=\"og:url\" content=\"https:\/\/www.kukla.sk\/en\/cenova-ponuka\/\" \/>\n<meta property=\"og:site_name\" content=\"Kukla.sk | Obnova budov\" \/>\n<meta property=\"article:modified_time\" content=\"2023-10-10T09:28:09+00:00\" \/>\n<meta property=\"og:image\" content=\"https:\/\/www.kukla.sk\/wp-content\/uploads\/2023\/09\/pexels-andrea-piacquadio-3760613-1-scaled.jpg\" \/>\n\t<meta property=\"og:image:width\" content=\"2560\" \/>\n\t<meta property=\"og:image:height\" content=\"751\" \/>\n\t<meta property=\"og:image:type\" content=\"image\/jpeg\" \/>\n<meta name=\"twitter:card\" content=\"summary_large_image\" \/>\n<meta name=\"twitter:label1\" content=\"Est. reading time\" \/>\n\t<meta name=\"twitter:data1\" content=\"1 minute\" \/>\n<script type=\"application\/ld+json\" class=\"yoast-schema-graph\">{\"@context\":\"https:\/\/schema.org\",\"@graph\":[{\"@type\":\"WebPage\",\"@id\":\"https:\/\/www.kukla.sk\/cenova-ponuka\/\",\"url\":\"https:\/\/www.kukla.sk\/cenova-ponuka\/\",\"name\":\"Cenov\u00e1 ponuka na stavebn\u00e9 pr\u00e1ce | Kukla.sk | Obnova budov\",\"isPartOf\":{\"@id\":\"https:\/\/www.kukla.sk\/#website\"},\"primaryImageOfPage\":{\"@id\":\"https:\/\/www.kukla.sk\/cenova-ponuka\/#primaryimage\"},\"image\":{\"@id\":\"https:\/\/www.kukla.sk\/cenova-ponuka\/#primaryimage\"},\"thumbnailUrl\":\"https:\/\/www.kukla.sk\/wp-content\/uploads\/2023\/09\/pexels-andrea-piacquadio-3760613-1-scaled.jpg\",\"datePublished\":\"2020-12-08T09:32:53+00:00\",\"dateModified\":\"2023-10-10T09:28:09+00:00\",\"description\":\"Nechajte si vypracova\u0165 nez\u00e1v\u00e4zn\u00fa cenov\u00fa ponuku na na\u0161e rekon\u0161truk\u010dn\u00e9 a stavebn\u00e9 pr\u00e1ce. U n\u00e1s m\u00e1te istotu, \u017ee sa cena \u010dasom nemen\u00ed.\",\"breadcrumb\":{\"@id\":\"https:\/\/www.kukla.sk\/cenova-ponuka\/#breadcrumb\"},\"inLanguage\":\"en-US\",\"potentialAction\":[{\"@type\":\"ReadAction\",\"target\":[\"https:\/\/www.kukla.sk\/cenova-ponuka\/\"]}]},{\"@type\":\"ImageObject\",\"inLanguage\":\"en-US\",\"@id\":\"https:\/\/www.kukla.sk\/cenova-ponuka\/#primaryimage\",\"url\":\"https:\/\/www.kukla.sk\/wp-content\/uploads\/2023\/09\/pexels-andrea-piacquadio-3760613-1-scaled.jpg\",\"contentUrl\":\"https:\/\/www.kukla.sk\/wp-content\/uploads\/2023\/09\/pexels-andrea-piacquadio-3760613-1-scaled.jpg\",\"width\":2560,\"height\":751},{\"@type\":\"BreadcrumbList\",\"@id\":\"https:\/\/www.kukla.sk\/cenova-ponuka\/#breadcrumb\",\"itemListElement\":[{\"@type\":\"ListItem\",\"position\":1,\"name\":\"Domov\",\"item\":\"https:\/\/www.kukla.sk\/\"},{\"@type\":\"ListItem\",\"position\":2,\"name\":\"Cenov\u00e1 ponuka\"}]},{\"@type\":\"WebSite\",\"@id\":\"https:\/\/www.kukla.sk\/#website\",\"url\":\"https:\/\/www.kukla.sk\/\",\"name\":\"Kukla.sk | Obnova budov\",\"description\":\"\",\"publisher\":{\"@id\":\"https:\/\/www.kukla.sk\/#organization\"},\"potentialAction\":[{\"@type\":\"SearchAction\",\"target\":{\"@type\":\"EntryPoint\",\"urlTemplate\":\"https:\/\/www.kukla.sk\/?s={search_term_string}\"},\"query-input\":\"required name=search_term_string\"}],\"inLanguage\":\"en-US\"},{\"@type\":\"Organization\",\"@id\":\"https:\/\/www.kukla.sk\/#organization\",\"name\":\"Kukla.sk\",\"url\":\"https:\/\/www.kukla.sk\/\",\"logo\":{\"@type\":\"ImageObject\",\"inLanguage\":\"en-US\",\"@id\":\"https:\/\/www.kukla.sk\/#\/schema\/logo\/image\/\",\"url\":\"https:\/\/www.kukla.sk\/wp-content\/uploads\/2023\/06\/cropped-logo-kukla-domecek.png\",\"contentUrl\":\"https:\/\/www.kukla.sk\/wp-content\/uploads\/2023\/06\/cropped-logo-kukla-domecek.png\",\"width\":512,\"height\":512,\"caption\":\"Kukla.sk\"},\"image\":{\"@id\":\"https:\/\/www.kukla.sk\/#\/schema\/logo\/image\/\"}}]}<\/script>\n<!-- \/ Yoast SEO plugin. -->","yoast_head_json":{"title":"Cenov\u00e1 ponuka na stavebn\u00e9 pr\u00e1ce | Kukla.sk | Obnova budov","description":"Nechajte si vypracova\u0165 nez\u00e1v\u00e4zn\u00fa cenov\u00fa ponuku na na\u0161e rekon\u0161truk\u010dn\u00e9 a stavebn\u00e9 pr\u00e1ce. U n\u00e1s m\u00e1te istotu, \u017ee sa cena \u010dasom nemen\u00ed.","robots":{"index":"index","follow":"follow","max-snippet":"max-snippet:-1","max-image-preview":"max-image-preview:large","max-video-preview":"max-video-preview:-1"},"canonical":"https:\/\/www.kukla.sk\/en\/cenova-ponuka\/","og_locale":"en_US","og_type":"article","og_title":"Cenov\u00e1 ponuka na stavebn\u00e9 pr\u00e1ce | Kukla.sk | Obnova budov","og_description":"Nechajte si vypracova\u0165 nez\u00e1v\u00e4zn\u00fa cenov\u00fa ponuku na na\u0161e rekon\u0161truk\u010dn\u00e9 a stavebn\u00e9 pr\u00e1ce. U n\u00e1s m\u00e1te istotu, \u017ee sa cena \u010dasom nemen\u00ed.","og_url":"https:\/\/www.kukla.sk\/en\/cenova-ponuka\/","og_site_name":"Kukla.sk | Obnova budov","article_modified_time":"2023-10-10T09:28:09+00:00","og_image":[{"width":2560,"height":751,"url":"https:\/\/www.kukla.sk\/wp-content\/uploads\/2023\/09\/pexels-andrea-piacquadio-3760613-1-scaled.jpg","type":"image\/jpeg"}],"twitter_card":"summary_large_image","twitter_misc":{"Est. reading time":"1 minute"},"schema":{"@context":"https:\/\/schema.org","@graph":[{"@type":"WebPage","@id":"https:\/\/www.kukla.sk\/cenova-ponuka\/","url":"https:\/\/www.kukla.sk\/cenova-ponuka\/","name":"Cenov\u00e1 ponuka na stavebn\u00e9 pr\u00e1ce | Kukla.sk | Obnova budov","isPartOf":{"@id":"https:\/\/www.kukla.sk\/#website"},"primaryImageOfPage":{"@id":"https:\/\/www.kukla.sk\/cenova-ponuka\/#primaryimage"},"image":{"@id":"https:\/\/www.kukla.sk\/cenova-ponuka\/#primaryimage"},"thumbnailUrl":"https:\/\/www.kukla.sk\/wp-content\/uploads\/2023\/09\/pexels-andrea-piacquadio-3760613-1-scaled.jpg","datePublished":"2020-12-08T09:32:53+00:00","dateModified":"2023-10-10T09:28:09+00:00","description":"Nechajte si vypracova\u0165 nez\u00e1v\u00e4zn\u00fa cenov\u00fa ponuku na na\u0161e rekon\u0161truk\u010dn\u00e9 a stavebn\u00e9 pr\u00e1ce. U n\u00e1s m\u00e1te istotu, \u017ee sa cena \u010dasom nemen\u00ed.","breadcrumb":{"@id":"https:\/\/www.kukla.sk\/cenova-ponuka\/#breadcrumb"},"inLanguage":"en-US","potentialAction":[{"@type":"ReadAction","target":["https:\/\/www.kukla.sk\/cenova-ponuka\/"]}]},{"@type":"ImageObject","inLanguage":"en-US","@id":"https:\/\/www.kukla.sk\/cenova-ponuka\/#primaryimage","url":"https:\/\/www.kukla.sk\/wp-content\/uploads\/2023\/09\/pexels-andrea-piacquadio-3760613-1-scaled.jpg","contentUrl":"https:\/\/www.kukla.sk\/wp-content\/uploads\/2023\/09\/pexels-andrea-piacquadio-3760613-1-scaled.jpg","width":2560,"height":751},{"@type":"BreadcrumbList","@id":"https:\/\/www.kukla.sk\/cenova-ponuka\/#breadcrumb","itemListElement":[{"@type":"ListItem","position":1,"name":"Domov","item":"https:\/\/www.kukla.sk\/"},{"@type":"ListItem","position":2,"name":"Cenov\u00e1 ponuka"}]},{"@type":"WebSite","@id":"https:\/\/www.kukla.sk\/#website","url":"https:\/\/www.kukla.sk\/","name":"Kukla.sk | Obnova budov","description":"","publisher":{"@id":"https:\/\/www.kukla.sk\/#organization"},"potentialAction":[{"@type":"SearchAction","target":{"@type":"EntryPoint","urlTemplate":"https:\/\/www.kukla.sk\/?s={search_term_string}"},"query-input":"required name=search_term_string"}],"inLanguage":"en-US"},{"@type":"Organization","@id":"https:\/\/www.kukla.sk\/#organization","name":"Kukla.sk","url":"https:\/\/www.kukla.sk\/","logo":{"@type":"ImageObject","inLanguage":"en-US","@id":"https:\/\/www.kukla.sk\/#\/schema\/logo\/image\/","url":"https:\/\/www.kukla.sk\/wp-content\/uploads\/2023\/06\/cropped-logo-kukla-domecek.png","contentUrl":"https:\/\/www.kukla.sk\/wp-content\/uploads\/2023\/06\/cropped-logo-kukla-domecek.png","width":512,"height":512,"caption":"Kukla.sk"},"image":{"@id":"https:\/\/www.kukla.sk\/#\/schema\/logo\/image\/"}}]}},"_links":{"self":[{"href":"https:\/\/www.kukla.sk\/en\/wp-json\/wp\/v2\/pages\/54"}],"collection":[{"href":"https:\/\/www.kukla.sk\/en\/wp-json\/wp\/v2\/pages"}],"about":[{"href":"https:\/\/www.kukla.sk\/en\/wp-json\/wp\/v2\/types\/page"}],"author":[{"embeddable":true,"href":"https:\/\/www.kukla.sk\/en\/wp-json\/wp\/v2\/users\/1"}],"replies":[{"embeddable":true,"href":"https:\/\/www.kukla.sk\/en\/wp-json\/wp\/v2\/comments?post=54"}],"version-history":[{"count":13,"href":"https:\/\/www.kukla.sk\/en\/wp-json\/wp\/v2\/pages\/54\/revisions"}],"predecessor-version":[{"id":6401,"href":"https:\/\/www.kukla.sk\/en\/wp-json\/wp\/v2\/pages\/54\/revisions\/6401"}],"wp:featuredmedia":[{"embeddable":true,"href":"https:\/\/www.kukla.sk\/en\/wp-json\/wp\/v2\/media\/6024"}],"wp:attachment":[{"href":"https:\/\/www.kukla.sk\/en\/wp-json\/wp\/v2\/media?parent=54"}],"curies":[{"name":"wp","href":"https:\/\/api.w.org\/{rel}","templated":true}]}}