{"id":6300,"date":"2023-09-08T21:04:23","date_gmt":"2023-09-08T19:04:23","guid":{"rendered":"https:\/\/www.kukla.sk\/?page_id=6300"},"modified":"2023-09-08T21:06:46","modified_gmt":"2023-09-08T19:06:46","slug":"bezpecnost-a-ochrana-zdravia","status":"publish","type":"page","link":"https:\/\/www.kukla.sk\/en\/bezpecnost-a-ochrana-zdravia\/","title":{"rendered":"Bezpe\u010dnos\u0165 a ochrana zdravia"},"content":{"rendered":"<div data-elementor-type=\"wp-page\" data-elementor-id=\"6300\" class=\"elementor elementor-6300\">\n\t\t\t\t<div class=\"elementor-element elementor-element-98fd99a e-flex e-con-boxed e-con e-parent\" data-id=\"98fd99a\" data-element_type=\"container\" data-core-v316-plus=\"true\">\r\n\t\t\t\t\t<div class=\"e-con-inner\">\r\n\t\t\t\t<div class=\"elementor-element elementor-element-6b7edd9 elementor-widget elementor-widget-spacer\" data-id=\"6b7edd9\" data-element_type=\"widget\" data-widget_type=\"spacer.default\">\n\t\t\t\t<div class=\"elementor-widget-container\">\n\t\t\t<style>\/*! elementor - v3.20.0 - 10-04-2024 *\/\n.elementor-column .elementor-spacer-inner{height:var(--spacer-size)}.e-con{--container-widget-width:100%}.e-con-inner>.elementor-widget-spacer,.e-con>.elementor-widget-spacer{width:var(--container-widget-width,var(--spacer-size));--align-self:var(--container-widget-align-self,initial);--flex-shrink:0}.e-con-inner>.elementor-widget-spacer>.elementor-widget-container,.e-con>.elementor-widget-spacer>.elementor-widget-container{height:100%;width:100%}.e-con-inner>.elementor-widget-spacer>.elementor-widget-container>.elementor-spacer,.e-con>.elementor-widget-spacer>.elementor-widget-container>.elementor-spacer{height:100%}.e-con-inner>.elementor-widget-spacer>.elementor-widget-container>.elementor-spacer>.elementor-spacer-inner,.e-con>.elementor-widget-spacer>.elementor-widget-container>.elementor-spacer>.elementor-spacer-inner{height:var(--container-widget-height,var(--spacer-size))}.e-con-inner>.elementor-widget-spacer.elementor-widget-empty,.e-con>.elementor-widget-spacer.elementor-widget-empty{position:relative;min-height:22px;min-width:22px}.e-con-inner>.elementor-widget-spacer.elementor-widget-empty .elementor-widget-empty-icon,.e-con>.elementor-widget-spacer.elementor-widget-empty .elementor-widget-empty-icon{position:absolute;top:0;bottom:0;left:0;right:0;margin:auto;padding:0;width:22px;height:22px}<\/style>\t\t<div class=\"elementor-spacer\">\n\t\t\t<div class=\"elementor-spacer-inner\"><\/div>\n\t\t<\/div>\n\t\t\t\t<\/div>\n\t\t\t\t<\/div>\n\t\t\t\t\t<\/div>\r\n\t\t\t\t<\/div>\r\n\t\t<div class=\"elementor-element elementor-element-9c462d5 e-flex e-con-boxed e-con e-parent\" data-id=\"9c462d5\" data-element_type=\"container\" data-core-v316-plus=\"true\">\r\n\t\t\t\t\t<div class=\"e-con-inner\">\r\n\t\t\t\t<div class=\"elementor-element elementor-element-4a8a383 elementor-widget elementor-widget-text-editor\" data-id=\"4a8a383\" data-element_type=\"widget\" data-widget_type=\"text-editor.default\">\n\t\t\t\t<div class=\"elementor-widget-container\">\n\t\t\t<style>\/*! elementor - v3.20.0 - 10-04-2024 *\/\n.elementor-widget-text-editor.elementor-drop-cap-view-stacked .elementor-drop-cap{background-color:#69727d;color:#fff}.elementor-widget-text-editor.elementor-drop-cap-view-framed .elementor-drop-cap{color:#69727d;border:3px solid;background-color:transparent}.elementor-widget-text-editor:not(.elementor-drop-cap-view-default) .elementor-drop-cap{margin-top:8px}.elementor-widget-text-editor:not(.elementor-drop-cap-view-default) .elementor-drop-cap-letter{width:1em;height:1em}.elementor-widget-text-editor .elementor-drop-cap{float:left;text-align:center;line-height:1;font-size:50px}.elementor-widget-text-editor .elementor-drop-cap-letter{display:inline-block}<\/style>\t\t\t\t<h1 id=\"top-title\"><span class=\"word\">POLITIKA<\/span>\u00a0<span class=\"word\">BEZPE\u010cNOSTI<\/span>\u00a0<span class=\"word\">A<\/span>\u00a0<span class=\"word\">OCHRANY<\/span>\u00a0<span class=\"word\">ZDRAVIA<\/span>\u00a0<span class=\"word\">PRI<\/span>\u00a0<span class=\"word\">PR\u00c1CI<\/span>\u00a0<span class=\"word\">A<\/span>\u00a0<span class=\"word\">OCHRANY<\/span>\u00a0<span class=\"word\">\u017dIVOTN\u00c9HO<\/span>\u00a0<span class=\"word\">PROSTREDIA<\/span><\/h1><p>Pri realiz\u00e1cii svojich podnikate\u013esk\u00fdch aktiv\u00edt vyu\u017e\u00edva projekt Kukla sk\u00fasenosti svojich zamestnancov. Vych\u00e1dza pritom z ich anga\u017eovanosti, znalosti problematiky a riadiacich schopnost\u00ed v zhode so z\u00e1kladn\u00fdm zameran\u00edm firmy.<\/p><h3><strong>Vedenie spolo\u010dnosti sa zav\u00e4zuje:<\/strong><\/h3><p>\u2013 dodr\u017eiava\u0165 aplikovate\u013en\u00e9 pr\u00e1vne a in\u00e9 po\u017eiadavky z oblasti BOZP a ochrany \u017eivotn\u00e9ho prostredia,<\/p><p>\u2013\u00a0s\u00fastavne a trvale zlep\u0161ova\u0165 syst\u00e9m bezpe\u010dnosti a ochrany zdravia pri pr\u00e1ci a ochrany \u017eivotn\u00e9ho prostredia,<\/p><p>\u2013 zabezpe\u010dova\u0165 pravideln\u00fa odborn\u00fa pr\u00edpravu, kvalifik\u00e1ciu, \u0161kolenia zamestnancov a rozv\u00edja\u0165 ich povedomie o z\u00e1sad\u00e1ch BOZP aby to viedlo k bezpe\u010dnej pr\u00e1ci, ochrane zdravia,\u00a0<\/p><p>\u2013 predch\u00e1dza\u0165 vzniku neh\u00f4d, pracovn\u00fdch \u00farazov, chor\u00f4b z povolania alebo po\u0161kodenia zdravia, po\u0161kodenia \u017eivotn\u00e9ho prostredia a hmotn\u00fdch \u0161k\u00f4d,<\/p><p>\u2013 plni\u0165 \u00falohy v starostlivosti o BOZP, ktor\u00e9 s\u00fa s\u00fa\u010das\u0165ou plnenia v\u0161etk\u00fdch \u00faloh ved\u00facich zamestnancov,<\/p><p>\u2013 v r\u00e1mci kompetenci\u00ed vytv\u00e1ra\u0165 potrebn\u00e9 technick\u00e9, organiza\u010dn\u00e9, finan\u010dn\u00e9 a person\u00e1lne predpoklady pre bezpe\u010dn\u00e9 pracovn\u00e9 prostredie, v pr\u00edpade potreby ich priebe\u017ene prisp\u00f4sobova\u0165 a uv\u00e1dza\u0165 do \u017eivota koncepciu bezpe\u010dnosti,<\/p><p>\u2013 vyd\u00e1va\u0165 pravidl\u00e1 a pokyny na zaistenie bezpe\u010dnosti a ochrany zdravia pri pr\u00e1ci v s\u00falade so z\u00e1konn\u00fdmi predpismi,<\/p><p>\u2013 na z\u00e1klade zisten\u00fdch nebezpe\u010denstiev, ohrozen\u00ed, riz\u00edk vytv\u00e1ra\u0165 pracovn\u00e9 podmienky s cie\u013eom \u010do najviac zn\u00ed\u017ei\u0165 pravdepodobnos\u0165 vzniku nepriazniv\u00fdch riz\u00edk sp\u00f4sobuj\u00face ujmu na zdrav\u00ed a majetku,<\/p><p>\u2013 bezplatne poskytova\u0165 a stara\u0165 sa o osobn\u00e9 ochrann\u00e9 pracovn\u00e9 prostriedky, ktor\u00e9 s\u00fa ur\u010den\u00e9 na ochranu pred poraneniami pri pr\u00e1ci a pred chorobami,\u00a0<\/p><p>\u2013 informova\u0165 zamestnancov a z\u00e1stupcov zamestnancov o stave zaistenia BOZP, hlavne v oblasti elimin\u00e1cie riz\u00edk na pracovisk\u00e1ch,<\/p><p>\u2013 umo\u017eni\u0165 zamestnancom a z\u00e1stupcom zamestnancov vyjadri\u0165 sa k problematike BOZP.\u00a0<\/p>\t\t\t\t\t\t<\/div>\n\t\t\t\t<\/div>\n\t\t\t\t\t<\/div>\r\n\t\t\t\t<\/div>\r\n\t\t\t\t<\/div>","protected":false},"excerpt":{"rendered":"<p>POLITIKA\u00a0BEZPE\u010cNOSTI\u00a0A\u00a0OCHRANY\u00a0ZDRAVIA\u00a0PRI\u00a0PR\u00c1CI\u00a0A\u00a0OCHRANY\u00a0\u017dIVOTN\u00c9HO\u00a0PROSTREDIA Pri realiz\u00e1cii svojich podnikate\u013esk\u00fdch aktiv\u00edt vyu\u017e\u00edva projekt Kukla sk\u00fasenosti svojich zamestnancov. Vych\u00e1dza pritom z ich anga\u017eovanosti, znalosti problematiky a riadiacich schopnost\u00ed v zhode so z\u00e1kladn\u00fdm zameran\u00edm firmy. Vedenie spolo\u010dnosti sa zav\u00e4zuje: \u2013 dodr\u017eiava\u0165 aplikovate\u013en\u00e9 pr\u00e1vne a in\u00e9 po\u017eiadavky z oblasti BOZP a ochrany \u017eivotn\u00e9ho prostredia, \u2013\u00a0s\u00fastavne a trvale zlep\u0161ova\u0165 syst\u00e9m bezpe\u010dnosti a ochrany zdravia [&hellip;]<\/p>","protected":false},"author":1,"featured_media":0,"parent":0,"menu_order":0,"comment_status":"closed","ping_status":"closed","template":"","meta":{"om_disable_all_campaigns":false,"_monsterinsights_skip_tracking":false,"_monsterinsights_sitenote_active":false,"_monsterinsights_sitenote_note":"","_monsterinsights_sitenote_category":0,"footnotes":""},"yoast_head":"<!-- This site is optimized with the Yoast SEO plugin v22.4 - https:\/\/yoast.com\/wordpress\/plugins\/seo\/ -->\n<title>Bezpe\u010dnos\u0165 a ochrana zdravia | Kukla.sk | Obnova budov<\/title>\n<meta name=\"robots\" content=\"index, follow, max-snippet:-1, max-image-preview:large, max-video-preview:-1\" \/>\n<link rel=\"canonical\" href=\"https:\/\/www.kukla.sk\/en\/bezpecnost-a-ochrana-zdravia\/\" \/>\n<meta property=\"og:locale\" content=\"en_US\" \/>\n<meta property=\"og:type\" content=\"article\" \/>\n<meta property=\"og:title\" content=\"Bezpe\u010dnos\u0165 a ochrana zdravia | Kukla.sk | Obnova budov\" \/>\n<meta property=\"og:description\" content=\"POLITIKA\u00a0BEZPE\u010cNOSTI\u00a0A\u00a0OCHRANY\u00a0ZDRAVIA\u00a0PRI\u00a0PR\u00c1CI\u00a0A\u00a0OCHRANY\u00a0\u017dIVOTN\u00c9HO\u00a0PROSTREDIA Pri realiz\u00e1cii svojich podnikate\u013esk\u00fdch aktiv\u00edt vyu\u017e\u00edva projekt Kukla sk\u00fasenosti svojich zamestnancov. Vych\u00e1dza pritom z ich anga\u017eovanosti, znalosti problematiky a riadiacich schopnost\u00ed v zhode so z\u00e1kladn\u00fdm zameran\u00edm firmy. Vedenie spolo\u010dnosti sa zav\u00e4zuje: \u2013 dodr\u017eiava\u0165 aplikovate\u013en\u00e9 pr\u00e1vne a in\u00e9 po\u017eiadavky z oblasti BOZP a ochrany \u017eivotn\u00e9ho prostredia, \u2013\u00a0s\u00fastavne a trvale zlep\u0161ova\u0165 syst\u00e9m bezpe\u010dnosti a ochrany zdravia [&hellip;]\" \/>\n<meta property=\"og:url\" content=\"https:\/\/www.kukla.sk\/en\/bezpecnost-a-ochrana-zdravia\/\" \/>\n<meta property=\"og:site_name\" content=\"Kukla.sk | Obnova budov\" \/>\n<meta property=\"article:modified_time\" content=\"2023-09-08T19:06:46+00:00\" \/>\n<meta property=\"og:image\" content=\"https:\/\/www.kukla.sk\/wp-content\/uploads\/2023\/09\/3e102593-0d0b-4555-b8bf-714e8d1b17bf.jpg\" \/>\n\t<meta property=\"og:image:width\" content=\"1024\" \/>\n\t<meta property=\"og:image:height\" content=\"768\" \/>\n\t<meta property=\"og:image:type\" content=\"image\/jpeg\" \/>\n<meta name=\"twitter:card\" content=\"summary_large_image\" \/>\n<meta name=\"twitter:label1\" content=\"Est. reading time\" \/>\n\t<meta name=\"twitter:data1\" content=\"2 minutes\" \/>\n<script type=\"application\/ld+json\" class=\"yoast-schema-graph\">{\"@context\":\"https:\/\/schema.org\",\"@graph\":[{\"@type\":\"WebPage\",\"@id\":\"https:\/\/www.kukla.sk\/bezpecnost-a-ochrana-zdravia\/\",\"url\":\"https:\/\/www.kukla.sk\/bezpecnost-a-ochrana-zdravia\/\",\"name\":\"Bezpe\u010dnos\u0165 a ochrana zdravia | Kukla.sk | Obnova budov\",\"isPartOf\":{\"@id\":\"https:\/\/www.kukla.sk\/#website\"},\"datePublished\":\"2023-09-08T19:04:23+00:00\",\"dateModified\":\"2023-09-08T19:06:46+00:00\",\"breadcrumb\":{\"@id\":\"https:\/\/www.kukla.sk\/bezpecnost-a-ochrana-zdravia\/#breadcrumb\"},\"inLanguage\":\"en-US\",\"potentialAction\":[{\"@type\":\"ReadAction\",\"target\":[\"https:\/\/www.kukla.sk\/bezpecnost-a-ochrana-zdravia\/\"]}]},{\"@type\":\"BreadcrumbList\",\"@id\":\"https:\/\/www.kukla.sk\/bezpecnost-a-ochrana-zdravia\/#breadcrumb\",\"itemListElement\":[{\"@type\":\"ListItem\",\"position\":1,\"name\":\"Domov\",\"item\":\"https:\/\/www.kukla.sk\/\"},{\"@type\":\"ListItem\",\"position\":2,\"name\":\"Bezpe\u010dnos\u0165 a ochrana zdravia\"}]},{\"@type\":\"WebSite\",\"@id\":\"https:\/\/www.kukla.sk\/#website\",\"url\":\"https:\/\/www.kukla.sk\/\",\"name\":\"Kukla.sk | Obnova budov\",\"description\":\"\",\"publisher\":{\"@id\":\"https:\/\/www.kukla.sk\/#organization\"},\"potentialAction\":[{\"@type\":\"SearchAction\",\"target\":{\"@type\":\"EntryPoint\",\"urlTemplate\":\"https:\/\/www.kukla.sk\/?s={search_term_string}\"},\"query-input\":\"required name=search_term_string\"}],\"inLanguage\":\"en-US\"},{\"@type\":\"Organization\",\"@id\":\"https:\/\/www.kukla.sk\/#organization\",\"name\":\"Kukla.sk\",\"url\":\"https:\/\/www.kukla.sk\/\",\"logo\":{\"@type\":\"ImageObject\",\"inLanguage\":\"en-US\",\"@id\":\"https:\/\/www.kukla.sk\/#\/schema\/logo\/image\/\",\"url\":\"https:\/\/www.kukla.sk\/wp-content\/uploads\/2023\/06\/cropped-logo-kukla-domecek.png\",\"contentUrl\":\"https:\/\/www.kukla.sk\/wp-content\/uploads\/2023\/06\/cropped-logo-kukla-domecek.png\",\"width\":512,\"height\":512,\"caption\":\"Kukla.sk\"},\"image\":{\"@id\":\"https:\/\/www.kukla.sk\/#\/schema\/logo\/image\/\"}}]}<\/script>\n<!-- \/ Yoast SEO plugin. -->","yoast_head_json":{"title":"Bezpe\u010dnos\u0165 a ochrana zdravia | Kukla.sk | Obnova budov","robots":{"index":"index","follow":"follow","max-snippet":"max-snippet:-1","max-image-preview":"max-image-preview:large","max-video-preview":"max-video-preview:-1"},"canonical":"https:\/\/www.kukla.sk\/en\/bezpecnost-a-ochrana-zdravia\/","og_locale":"en_US","og_type":"article","og_title":"Bezpe\u010dnos\u0165 a ochrana zdravia | Kukla.sk | Obnova budov","og_description":"POLITIKA\u00a0BEZPE\u010cNOSTI\u00a0A\u00a0OCHRANY\u00a0ZDRAVIA\u00a0PRI\u00a0PR\u00c1CI\u00a0A\u00a0OCHRANY\u00a0\u017dIVOTN\u00c9HO\u00a0PROSTREDIA Pri realiz\u00e1cii svojich podnikate\u013esk\u00fdch aktiv\u00edt vyu\u017e\u00edva projekt Kukla sk\u00fasenosti svojich zamestnancov. Vych\u00e1dza pritom z ich anga\u017eovanosti, znalosti problematiky a riadiacich schopnost\u00ed v zhode so z\u00e1kladn\u00fdm zameran\u00edm firmy. Vedenie spolo\u010dnosti sa zav\u00e4zuje: \u2013 dodr\u017eiava\u0165 aplikovate\u013en\u00e9 pr\u00e1vne a in\u00e9 po\u017eiadavky z oblasti BOZP a ochrany \u017eivotn\u00e9ho prostredia, \u2013\u00a0s\u00fastavne a trvale zlep\u0161ova\u0165 syst\u00e9m bezpe\u010dnosti a ochrany zdravia [&hellip;]","og_url":"https:\/\/www.kukla.sk\/en\/bezpecnost-a-ochrana-zdravia\/","og_site_name":"Kukla.sk | Obnova budov","article_modified_time":"2023-09-08T19:06:46+00:00","og_image":[{"width":1024,"height":768,"url":"https:\/\/www.kukla.sk\/wp-content\/uploads\/2023\/09\/3e102593-0d0b-4555-b8bf-714e8d1b17bf.jpg","type":"image\/jpeg"}],"twitter_card":"summary_large_image","twitter_misc":{"Est. reading time":"2 minutes"},"schema":{"@context":"https:\/\/schema.org","@graph":[{"@type":"WebPage","@id":"https:\/\/www.kukla.sk\/bezpecnost-a-ochrana-zdravia\/","url":"https:\/\/www.kukla.sk\/bezpecnost-a-ochrana-zdravia\/","name":"Bezpe\u010dnos\u0165 a ochrana zdravia | Kukla.sk | Obnova budov","isPartOf":{"@id":"https:\/\/www.kukla.sk\/#website"},"datePublished":"2023-09-08T19:04:23+00:00","dateModified":"2023-09-08T19:06:46+00:00","breadcrumb":{"@id":"https:\/\/www.kukla.sk\/bezpecnost-a-ochrana-zdravia\/#breadcrumb"},"inLanguage":"en-US","potentialAction":[{"@type":"ReadAction","target":["https:\/\/www.kukla.sk\/bezpecnost-a-ochrana-zdravia\/"]}]},{"@type":"BreadcrumbList","@id":"https:\/\/www.kukla.sk\/bezpecnost-a-ochrana-zdravia\/#breadcrumb","itemListElement":[{"@type":"ListItem","position":1,"name":"Domov","item":"https:\/\/www.kukla.sk\/"},{"@type":"ListItem","position":2,"name":"Bezpe\u010dnos\u0165 a ochrana zdravia"}]},{"@type":"WebSite","@id":"https:\/\/www.kukla.sk\/#website","url":"https:\/\/www.kukla.sk\/","name":"Kukla.sk | Obnova budov","description":"","publisher":{"@id":"https:\/\/www.kukla.sk\/#organization"},"potentialAction":[{"@type":"SearchAction","target":{"@type":"EntryPoint","urlTemplate":"https:\/\/www.kukla.sk\/?s={search_term_string}"},"query-input":"required name=search_term_string"}],"inLanguage":"en-US"},{"@type":"Organization","@id":"https:\/\/www.kukla.sk\/#organization","name":"Kukla.sk","url":"https:\/\/www.kukla.sk\/","logo":{"@type":"ImageObject","inLanguage":"en-US","@id":"https:\/\/www.kukla.sk\/#\/schema\/logo\/image\/","url":"https:\/\/www.kukla.sk\/wp-content\/uploads\/2023\/06\/cropped-logo-kukla-domecek.png","contentUrl":"https:\/\/www.kukla.sk\/wp-content\/uploads\/2023\/06\/cropped-logo-kukla-domecek.png","width":512,"height":512,"caption":"Kukla.sk"},"image":{"@id":"https:\/\/www.kukla.sk\/#\/schema\/logo\/image\/"}}]}},"_links":{"self":[{"href":"https:\/\/www.kukla.sk\/en\/wp-json\/wp\/v2\/pages\/6300"}],"collection":[{"href":"https:\/\/www.kukla.sk\/en\/wp-json\/wp\/v2\/pages"}],"about":[{"href":"https:\/\/www.kukla.sk\/en\/wp-json\/wp\/v2\/types\/page"}],"author":[{"embeddable":true,"href":"https:\/\/www.kukla.sk\/en\/wp-json\/wp\/v2\/users\/1"}],"replies":[{"embeddable":true,"href":"https:\/\/www.kukla.sk\/en\/wp-json\/wp\/v2\/comments?post=6300"}],"version-history":[{"count":5,"href":"https:\/\/www.kukla.sk\/en\/wp-json\/wp\/v2\/pages\/6300\/revisions"}],"predecessor-version":[{"id":6306,"href":"https:\/\/www.kukla.sk\/en\/wp-json\/wp\/v2\/pages\/6300\/revisions\/6306"}],"wp:attachment":[{"href":"https:\/\/www.kukla.sk\/en\/wp-json\/wp\/v2\/media?parent=6300"}],"curies":[{"name":"wp","href":"https:\/\/api.w.org\/{rel}","templated":true}]}}