{"id":6310,"date":"2023-09-08T21:09:33","date_gmt":"2023-09-08T19:09:33","guid":{"rendered":"https:\/\/www.kukla.sk\/?page_id=6310"},"modified":"2023-09-08T21:10:59","modified_gmt":"2023-09-08T19:10:59","slug":"politika-pre-alkohol-a-drogy","status":"publish","type":"page","link":"https:\/\/www.kukla.sk\/en\/politika-pre-alkohol-a-drogy\/","title":{"rendered":"POLITIKA PRE ALKOHOL A DROGY"},"content":{"rendered":"<div data-elementor-type=\"wp-page\" data-elementor-id=\"6310\" class=\"elementor elementor-6310\">\n\t\t\t\t<div class=\"elementor-element elementor-element-4c29a9b e-flex e-con-boxed e-con e-parent\" data-id=\"4c29a9b\" data-element_type=\"container\" data-core-v316-plus=\"true\">\r\n\t\t\t\t\t<div class=\"e-con-inner\">\r\n\t\t\t\t<div class=\"elementor-element elementor-element-8462359 elementor-widget elementor-widget-spacer\" data-id=\"8462359\" data-element_type=\"widget\" data-widget_type=\"spacer.default\">\n\t\t\t\t<div class=\"elementor-widget-container\">\n\t\t\t<style>\/*! elementor - v3.20.0 - 10-04-2024 *\/\n.elementor-column .elementor-spacer-inner{height:var(--spacer-size)}.e-con{--container-widget-width:100%}.e-con-inner>.elementor-widget-spacer,.e-con>.elementor-widget-spacer{width:var(--container-widget-width,var(--spacer-size));--align-self:var(--container-widget-align-self,initial);--flex-shrink:0}.e-con-inner>.elementor-widget-spacer>.elementor-widget-container,.e-con>.elementor-widget-spacer>.elementor-widget-container{height:100%;width:100%}.e-con-inner>.elementor-widget-spacer>.elementor-widget-container>.elementor-spacer,.e-con>.elementor-widget-spacer>.elementor-widget-container>.elementor-spacer{height:100%}.e-con-inner>.elementor-widget-spacer>.elementor-widget-container>.elementor-spacer>.elementor-spacer-inner,.e-con>.elementor-widget-spacer>.elementor-widget-container>.elementor-spacer>.elementor-spacer-inner{height:var(--container-widget-height,var(--spacer-size))}.e-con-inner>.elementor-widget-spacer.elementor-widget-empty,.e-con>.elementor-widget-spacer.elementor-widget-empty{position:relative;min-height:22px;min-width:22px}.e-con-inner>.elementor-widget-spacer.elementor-widget-empty .elementor-widget-empty-icon,.e-con>.elementor-widget-spacer.elementor-widget-empty .elementor-widget-empty-icon{position:absolute;top:0;bottom:0;left:0;right:0;margin:auto;padding:0;width:22px;height:22px}<\/style>\t\t<div class=\"elementor-spacer\">\n\t\t\t<div class=\"elementor-spacer-inner\"><\/div>\n\t\t<\/div>\n\t\t\t\t<\/div>\n\t\t\t\t<\/div>\n\t\t\t\t\t<\/div>\r\n\t\t\t\t<\/div>\r\n\t\t<div class=\"elementor-element elementor-element-2a17070 e-flex e-con-boxed e-con e-parent\" data-id=\"2a17070\" data-element_type=\"container\" data-core-v316-plus=\"true\">\r\n\t\t\t\t\t<div class=\"e-con-inner\">\r\n\t\t\t\t<div class=\"elementor-element elementor-element-da28c1d elementor-widget elementor-widget-text-editor\" data-id=\"da28c1d\" data-element_type=\"widget\" data-widget_type=\"text-editor.default\">\n\t\t\t\t<div class=\"elementor-widget-container\">\n\t\t\t<style>\/*! elementor - v3.20.0 - 10-04-2024 *\/\n.elementor-widget-text-editor.elementor-drop-cap-view-stacked .elementor-drop-cap{background-color:#69727d;color:#fff}.elementor-widget-text-editor.elementor-drop-cap-view-framed .elementor-drop-cap{color:#69727d;border:3px solid;background-color:transparent}.elementor-widget-text-editor:not(.elementor-drop-cap-view-default) .elementor-drop-cap{margin-top:8px}.elementor-widget-text-editor:not(.elementor-drop-cap-view-default) .elementor-drop-cap-letter{width:1em;height:1em}.elementor-widget-text-editor .elementor-drop-cap{float:left;text-align:center;line-height:1;font-size:50px}.elementor-widget-text-editor .elementor-drop-cap-letter{display:inline-block}<\/style>\t\t\t\t<h1><span class=\"word\">POLITIKA<\/span>\u00a0<span class=\"word\">PRE<\/span>\u00a0<span class=\"word\">ALKOHOL<\/span>\u00a0<span class=\"word\">A<\/span>\u00a0<span class=\"word\">DROGY<\/span><\/h1><h3><b>ZMYSE\u013d POLITIKY:<\/b><\/h3><p>By\u0165 pod vplyvom alkoholu alebo drog m\u00f4\u017ee v\u00e1\u017ene naru\u0161i\u0165 \u00fasudok a reakcie jednotlivca, \u010do vedie k zv\u00fd\u0161en\u00e9mu riziku neh\u00f4d a zranen\u00ed.<\/p><p>Cie\u013eom tejto politiky je zabezpe\u010di\u0165 bezpe\u010dnos\u0165 v\u0161etk\u00fdch zamestnancov, pracovn\u00edkov a n\u00e1v\u0161tevn\u00edkov zaveden\u00edm jasn\u00fdch pravidiel t\u00fdkaj\u00facich sa u\u017e\u00edvania a dr\u017eania alkoholu a drog a podporova\u0165 t\u00fdch, ktor\u00ed nahl\u00e1sili probl\u00e9m so z\u00e1vislos\u0165ou od alkoholu alebo drog.<\/p><p>Na \u00fa\u010dely tejto politiky je z\u00e1vislos\u0165 od alkoholu definovan\u00e1 ako:<\/p><p>\u201eZvy\u010dajn\u00e9 u\u017e\u00edvanie opojn\u00e9ho moku zamestnancom, ktor\u00fdm je s\u0165a\u017een\u00e1 schopnos\u0165 zamestnanca plni\u0165 si pracovn\u00e9 povinnosti alebo je poru\u0161en\u00e1 jeho doch\u00e1dzka do pr\u00e1ce, alebo ohrozuje bezpe\u010dnos\u0165 in\u00fdch pracovn\u00edkov\u201c.<\/p><p>Drogov\u00e1 z\u00e1vislos\u0165 je definovan\u00e1 ako:<\/p><p>\u00a0\u00a0\u201eZvy\u010dajn\u00e9 u\u017e\u00edvanie drog zamestnancom okrem liekov predp\u00edsan\u00fdch ako liek, \u010d\u00edm je s\u0165a\u017een\u00e1 schopnos\u0165 zamestnanca plni\u0165 si pracovn\u00e9 povinnosti alebo je s\u0165a\u017een\u00e1 jeho doch\u00e1dzka do pr\u00e1ce alebo ohrozuje bezpe\u010dnos\u0165 in\u00fdch pracovn\u00edkov\u201c .<\/p><h3><b>PRINC\u00cdPY:<\/b><\/h3><p>\u00a0\u00a0\u2013 So v\u0161etk\u00fdmi zamestnancami a pracovn\u00edkmi sa bude zaobch\u00e1dza\u0165 konzistentne a spravodlivo v s\u00falade s touto politikou.<\/p><p>\u2013 Pravidl\u00e1 t\u00fdkaj\u00face sa alkoholu a drog sa bud\u00fa pr\u00edsne dodr\u017eiava\u0165.<\/p><p>\u2013 T\u00ed, ktor\u00ed pripustia, \u017ee maj\u00fa probl\u00e9m s alkoholom alebo drogami, bud\u00fa plne podporovan\u00ed ich priamym nadriaden\u00fdm.<\/p><p>\u2013 Zamestnancom s ochoren\u00edm s\u00favisiacim s alkoholom alebo drogami sa odpor\u00fa\u010da, aby to ozn\u00e1mili pri najbli\u017e\u0161ej pr\u00edle\u017eitosti, aby si zabezpe\u010dili podporu a pomoc pri lie\u010dbe.<\/p><p>\u2013 V\u0161etky z\u00e1le\u017eitosti t\u00fdkaj\u00face sa alkoholu a drog bud\u00fa pova\u017eovan\u00e9 za d\u00f4vern\u00e9.<\/p><p>\u2013 T\u00e1to politika je navrhnut\u00e1 tak, aby bola v s\u00falade s pr\u00edslu\u0161nou legislat\u00edvou<\/p><p>\u2013 Politika spolo\u010dnosti t\u00fdkaj\u00faca sa alkoholu a drog sa vz\u0165ahuje na v\u0161etk\u00fdch zamestnancov.<\/p><p>\u00a0\u2013 Pravidl\u00e1 stanoven\u00e9 v tejto politike sa vz\u0165ahuj\u00fa na v\u0161etk\u00fdch zamestnancov, pracovn\u00edkov a dod\u00e1vate\u013eov.<\/p><p>\u00a0\u2013 Priestupky v s\u00favislosti s alkoholom a drogami sa bud\u00fa rie\u0161i\u0165 v s\u00falade s disciplin\u00e1rnou politikou.<\/p><p>Probl\u00e9my s doch\u00e1dzkou alebo dlhodob\u00e9 ochorenie s\u00favisiace s alkoholom\/drogami bud\u00fa rie\u0161en\u00e9 v s\u00falade s politikou nepr\u00edtomnosti v chorobe.<\/p><h3><b>PRAVIDL\u00c1<\/b><\/h3><p>Z\u00e1sadou spolo\u010dnosti je, \u017ee po\u010das pracovnej doby a po cel\u00fd \u010das, ke\u010f s\u00fa zamestnanci na pracovisku, musia by\u0165 bez vplyvu drog alebo alkoholu.<\/p><p>Pom\u00f4\u017ee to zabezpe\u010di\u0165 zdravie a bezpe\u010dnos\u0165 zamestnancov a in\u00fdch os\u00f4b, s ktor\u00fdmi pr\u00eddu do kontaktu, udr\u017ea\u0165 bezpe\u010dnos\u0165 a efekt\u00edvne fungovanie podniku a zabezpe\u010di\u0165, aby z\u00e1kazn\u00edci dost\u00e1vali slu\u017eby, ktor\u00e9 po\u017eaduj\u00fa. Z t\u00fdchto d\u00f4vodov bud\u00fa pr\u00edsne dodr\u017eiavan\u00e9 nasleduj\u00face pravidl\u00e1.<\/p><p>\u017diadny zamestnanec, pracovn\u00edk ani dod\u00e1vate\u013e nesmie:<\/p><p>\u00a0\u2013 nahl\u00e1si\u0165 alebo pok\u00fasi\u0165 sa nahl\u00e1si\u0165 do pr\u00e1ce, ke\u010f nie je sp\u00f4sobil\u00fd* v d\u00f4sledku alkoholu alebo drog (\u010di u\u017e leg\u00e1lnych alebo neleg\u00e1lnych**) alebo pri u\u017e\u00edvan\u00ed n\u00e1vykov\u00fdch l\u00e1tok<\/p><p>\u2013 nesmie ma\u0165 na pracovisku alkohol alebo neleg\u00e1lne drogy<\/p><p>\u2013 nesmie z\u00e1sobova\u0165 ostatn\u00fdch neleg\u00e1lnymi drogami na pracovisku a v \u010dase kedy sa nach\u00e1dza na projekte;<\/p><p>\u2013 nesmie z\u00e1sobova\u0165 ostatn\u00fdch alkoholom na pracovisku<\/p><p>\u2013 nesmie u\u017e\u00edva\u0165 alkohol alebo neleg\u00e1lne drogy alebo zneu\u017e\u00edva\u0165 ak\u00fako\u013evek l\u00e1tku po\u010das pr\u00e1ce.<\/p><p>\u2013 nesmie u\u017e\u00edva\u0165 neleg\u00e1lne drogy alebo zneu\u017e\u00edva\u0165 ak\u00fako\u013evek l\u00e1tku po\u010das \u010dasu kedy sa nach\u00e1dza na projekte<\/p><p>*To, \u010di je zamestnanec schopn\u00fd pracova\u0165, je vecou rozumn\u00e9ho n\u00e1zoru vedenia.<\/p><p>** Neleg\u00e1lne drogy zah\u0155\u0148aj\u00fa, ale nie s\u00fa obmedzen\u00e9 len na heroin, cannabis\/marihuanu, koka\u00edn, ext\u00e1zu a amfetam\u00edny a \u010fal\u0161ie.<\/p><p>Okrem toho musia zamestnanci, pracovn\u00edci alebo dod\u00e1vatelia:<\/p><p>\u2013 zabezpe\u010di\u0165, aby boli informovan\u00ed o ved\u013eaj\u0161\u00edch \u00fa\u010dinkoch ak\u00fdchko\u013evek liekov na predpis;<\/p><p>\u2013 okam\u017eite informova\u0165 svojho priameho nadriaden\u00e9ho alebo \u010dlena riadiaceho t\u00edmu o ak\u00fdchko\u013evek ved\u013eaj\u0161\u00edch \u00fa\u010dinkoch liekov na predpis, ktor\u00e9 m\u00f4\u017eu ovplyvni\u0165 pracovn\u00fd v\u00fdkon alebo zdravie a bezpe\u010dnos\u0165 ich alebo in\u00fdch (Napr\u00edklad ospalos\u0165\u2026)<\/p><p>Poru\u0161enie t\u00fdchto pravidiel je hrub\u00e9 poru\u0161enie pravidiel a spolo\u010dnos\u0165 podnikne disciplin\u00e1rne konanie za ka\u017ed\u00e9 poru\u0161enie t\u00fdchto pravidiel, ktor\u00e9 m\u00f4\u017ee zah\u0155\u0148a\u0165 skr\u00e1ten\u00e9 prepustenie. V pr\u00edpade agent\u00farnych pracovn\u00edkov alebo dod\u00e1vate\u013eov m\u00f4\u017eu by\u0165 slu\u017eby okam\u017eite ukon\u010den\u00e9 pri poru\u0161en\u00ed t\u00fdchto pravidiel.<\/p><p>Ak existuje d\u00f4vodn\u00e9 presved\u010denie, \u017ee osoba je pri nahl\u00e1sen\u00ed do pr\u00e1ce alebo po\u010das v\u00fdkonu pr\u00e1ce pod vplyvom alkoholu alebo omamn\u00fdch l\u00e1tok (napr\u00edklad ak bola z dychu tejto osoby c\u00edti\u0165 siln\u00fd alkohol), mus\u00ed by\u0165 poslan\u00e1 domov okam\u017eite.<\/p><p>Okrem toho bude dr\u017eanie alebo obchodovanie s neleg\u00e1lnymi drogami v priestoroch spolo\u010dnosti bez v\u00fdnimky nahl\u00e1sen\u00e9 pol\u00edcii.<\/p><h3><strong>POMOC A PODPORA<\/strong><\/h3><p>Spolo\u010dnos\u0165 sa bude sna\u017ei\u0165 zabezpe\u010di\u0165, aby rady a pomoc boli dostupn\u00e9 ka\u017ed\u00e9mu zamestnancovi, ktor\u00fd m\u00e1 pocit, \u017ee m\u00e1 probl\u00e9m so zneu\u017e\u00edvan\u00edm alkoholu alebo drog. V prvom rade bud\u00fa jednotlivci vyzvan\u00ed, aby vyh\u013eadali pomoc svojho praktick\u00e9ho lek\u00e1ra.<\/p><p>Za t\u00fdchto okolnost\u00ed a so s\u00fahlasom zamestnanca bude odporu\u010den\u00e9 pracovisko. Ob\u010das m\u00f4\u017ee by\u0165 potrebn\u00e9 po\u017eiada\u0165 zamestnanca, aby sa do\u010dasne zdr\u017eal pr\u00e1ce alebo aby prijal obmedzen\u00e9 povinnosti na zaistenie vlastnej bezpe\u010dnosti a bezpe\u010dnosti in\u00fdch. Spolo\u010dnos\u0165 m\u00f4\u017ee zamestnancom poskytn\u00fa\u0165 aj dodato\u010dn\u00e9 vo\u013eno (zvy\u010dajne neplaten\u00e9) na o\u0161etrenie alebo \u00fa\u010das\u0165 v podporn\u00fdch skupin\u00e1ch.<\/p><p>Ka\u017ed\u00fd zamestnanec, ktor\u00fd po\u017eiada spolo\u010dnos\u0165 o pomoc pri h\u013eadan\u00ed lie\u010dby probl\u00e9mu s drogami alebo alkoholom, m\u00e1 \u00fapln\u00fa z\u00e1ruku d\u00f4vernosti spolo\u010dnosti.<\/p>\t\t\t\t\t\t<\/div>\n\t\t\t\t<\/div>\n\t\t\t\t\t<\/div>\r\n\t\t\t\t<\/div>\r\n\t\t\t\t<\/div>","protected":false},"excerpt":{"rendered":"<p>POLITIKA\u00a0PRE\u00a0ALKOHOL\u00a0A\u00a0DROGY ZMYSE\u013d POLITIKY: By\u0165 pod vplyvom alkoholu alebo drog m\u00f4\u017ee v\u00e1\u017ene naru\u0161i\u0165 \u00fasudok a reakcie jednotlivca, \u010do vedie k zv\u00fd\u0161en\u00e9mu riziku neh\u00f4d a zranen\u00ed. Cie\u013eom tejto politiky je zabezpe\u010di\u0165 bezpe\u010dnos\u0165 v\u0161etk\u00fdch zamestnancov, pracovn\u00edkov a n\u00e1v\u0161tevn\u00edkov zaveden\u00edm jasn\u00fdch pravidiel t\u00fdkaj\u00facich sa u\u017e\u00edvania a dr\u017eania alkoholu a drog a podporova\u0165 t\u00fdch, ktor\u00ed nahl\u00e1sili probl\u00e9m so z\u00e1vislos\u0165ou od [&hellip;]<\/p>","protected":false},"author":1,"featured_media":0,"parent":0,"menu_order":0,"comment_status":"closed","ping_status":"closed","template":"","meta":{"om_disable_all_campaigns":false,"_monsterinsights_skip_tracking":false,"_monsterinsights_sitenote_active":false,"_monsterinsights_sitenote_note":"","_monsterinsights_sitenote_category":0,"footnotes":""},"yoast_head":"<!-- This site is optimized with the Yoast SEO plugin v22.4 - https:\/\/yoast.com\/wordpress\/plugins\/seo\/ -->\n<title>POLITIKA PRE ALKOHOL A DROGY | Kukla.sk | Obnova budov<\/title>\n<meta name=\"robots\" content=\"index, follow, max-snippet:-1, max-image-preview:large, max-video-preview:-1\" \/>\n<link rel=\"canonical\" href=\"https:\/\/www.kukla.sk\/en\/politika-pre-alkohol-a-drogy\/\" \/>\n<meta property=\"og:locale\" content=\"en_US\" \/>\n<meta property=\"og:type\" content=\"article\" \/>\n<meta property=\"og:title\" content=\"POLITIKA PRE ALKOHOL A DROGY | Kukla.sk | Obnova budov\" \/>\n<meta property=\"og:description\" content=\"POLITIKA\u00a0PRE\u00a0ALKOHOL\u00a0A\u00a0DROGY ZMYSE\u013d POLITIKY: By\u0165 pod vplyvom alkoholu alebo drog m\u00f4\u017ee v\u00e1\u017ene naru\u0161i\u0165 \u00fasudok a reakcie jednotlivca, \u010do vedie k zv\u00fd\u0161en\u00e9mu riziku neh\u00f4d a zranen\u00ed. Cie\u013eom tejto politiky je zabezpe\u010di\u0165 bezpe\u010dnos\u0165 v\u0161etk\u00fdch zamestnancov, pracovn\u00edkov a n\u00e1v\u0161tevn\u00edkov zaveden\u00edm jasn\u00fdch pravidiel t\u00fdkaj\u00facich sa u\u017e\u00edvania a dr\u017eania alkoholu a drog a podporova\u0165 t\u00fdch, ktor\u00ed nahl\u00e1sili probl\u00e9m so z\u00e1vislos\u0165ou od [&hellip;]\" \/>\n<meta property=\"og:url\" content=\"https:\/\/www.kukla.sk\/en\/politika-pre-alkohol-a-drogy\/\" \/>\n<meta property=\"og:site_name\" content=\"Kukla.sk | Obnova budov\" \/>\n<meta property=\"article:modified_time\" content=\"2023-09-08T19:10:59+00:00\" \/>\n<meta property=\"og:image\" content=\"https:\/\/www.kukla.sk\/wp-content\/uploads\/2023\/09\/3e102593-0d0b-4555-b8bf-714e8d1b17bf.jpg\" \/>\n\t<meta property=\"og:image:width\" content=\"1024\" \/>\n\t<meta property=\"og:image:height\" content=\"768\" \/>\n\t<meta property=\"og:image:type\" content=\"image\/jpeg\" \/>\n<meta name=\"twitter:card\" content=\"summary_large_image\" \/>\n<meta name=\"twitter:label1\" content=\"Est. reading time\" \/>\n\t<meta name=\"twitter:data1\" content=\"4 minutes\" \/>\n<script type=\"application\/ld+json\" class=\"yoast-schema-graph\">{\"@context\":\"https:\/\/schema.org\",\"@graph\":[{\"@type\":\"WebPage\",\"@id\":\"https:\/\/www.kukla.sk\/politika-pre-alkohol-a-drogy\/\",\"url\":\"https:\/\/www.kukla.sk\/politika-pre-alkohol-a-drogy\/\",\"name\":\"POLITIKA PRE ALKOHOL A DROGY | Kukla.sk | Obnova budov\",\"isPartOf\":{\"@id\":\"https:\/\/www.kukla.sk\/#website\"},\"datePublished\":\"2023-09-08T19:09:33+00:00\",\"dateModified\":\"2023-09-08T19:10:59+00:00\",\"breadcrumb\":{\"@id\":\"https:\/\/www.kukla.sk\/politika-pre-alkohol-a-drogy\/#breadcrumb\"},\"inLanguage\":\"en-US\",\"potentialAction\":[{\"@type\":\"ReadAction\",\"target\":[\"https:\/\/www.kukla.sk\/politika-pre-alkohol-a-drogy\/\"]}]},{\"@type\":\"BreadcrumbList\",\"@id\":\"https:\/\/www.kukla.sk\/politika-pre-alkohol-a-drogy\/#breadcrumb\",\"itemListElement\":[{\"@type\":\"ListItem\",\"position\":1,\"name\":\"Domov\",\"item\":\"https:\/\/www.kukla.sk\/\"},{\"@type\":\"ListItem\",\"position\":2,\"name\":\"POLITIKA PRE ALKOHOL A DROGY\"}]},{\"@type\":\"WebSite\",\"@id\":\"https:\/\/www.kukla.sk\/#website\",\"url\":\"https:\/\/www.kukla.sk\/\",\"name\":\"Kukla.sk | Obnova budov\",\"description\":\"\",\"publisher\":{\"@id\":\"https:\/\/www.kukla.sk\/#organization\"},\"potentialAction\":[{\"@type\":\"SearchAction\",\"target\":{\"@type\":\"EntryPoint\",\"urlTemplate\":\"https:\/\/www.kukla.sk\/?s={search_term_string}\"},\"query-input\":\"required name=search_term_string\"}],\"inLanguage\":\"en-US\"},{\"@type\":\"Organization\",\"@id\":\"https:\/\/www.kukla.sk\/#organization\",\"name\":\"Kukla.sk\",\"url\":\"https:\/\/www.kukla.sk\/\",\"logo\":{\"@type\":\"ImageObject\",\"inLanguage\":\"en-US\",\"@id\":\"https:\/\/www.kukla.sk\/#\/schema\/logo\/image\/\",\"url\":\"https:\/\/www.kukla.sk\/wp-content\/uploads\/2023\/06\/cropped-logo-kukla-domecek.png\",\"contentUrl\":\"https:\/\/www.kukla.sk\/wp-content\/uploads\/2023\/06\/cropped-logo-kukla-domecek.png\",\"width\":512,\"height\":512,\"caption\":\"Kukla.sk\"},\"image\":{\"@id\":\"https:\/\/www.kukla.sk\/#\/schema\/logo\/image\/\"}}]}<\/script>\n<!-- \/ Yoast SEO plugin. -->","yoast_head_json":{"title":"POLITIKA PRE ALKOHOL A DROGY | Kukla.sk | Obnova budov","robots":{"index":"index","follow":"follow","max-snippet":"max-snippet:-1","max-image-preview":"max-image-preview:large","max-video-preview":"max-video-preview:-1"},"canonical":"https:\/\/www.kukla.sk\/en\/politika-pre-alkohol-a-drogy\/","og_locale":"en_US","og_type":"article","og_title":"POLITIKA PRE ALKOHOL A DROGY | Kukla.sk | Obnova budov","og_description":"POLITIKA\u00a0PRE\u00a0ALKOHOL\u00a0A\u00a0DROGY ZMYSE\u013d POLITIKY: By\u0165 pod vplyvom alkoholu alebo drog m\u00f4\u017ee v\u00e1\u017ene naru\u0161i\u0165 \u00fasudok a reakcie jednotlivca, \u010do vedie k zv\u00fd\u0161en\u00e9mu riziku neh\u00f4d a zranen\u00ed. Cie\u013eom tejto politiky je zabezpe\u010di\u0165 bezpe\u010dnos\u0165 v\u0161etk\u00fdch zamestnancov, pracovn\u00edkov a n\u00e1v\u0161tevn\u00edkov zaveden\u00edm jasn\u00fdch pravidiel t\u00fdkaj\u00facich sa u\u017e\u00edvania a dr\u017eania alkoholu a drog a podporova\u0165 t\u00fdch, ktor\u00ed nahl\u00e1sili probl\u00e9m so z\u00e1vislos\u0165ou od [&hellip;]","og_url":"https:\/\/www.kukla.sk\/en\/politika-pre-alkohol-a-drogy\/","og_site_name":"Kukla.sk | Obnova budov","article_modified_time":"2023-09-08T19:10:59+00:00","og_image":[{"width":1024,"height":768,"url":"https:\/\/www.kukla.sk\/wp-content\/uploads\/2023\/09\/3e102593-0d0b-4555-b8bf-714e8d1b17bf.jpg","type":"image\/jpeg"}],"twitter_card":"summary_large_image","twitter_misc":{"Est. reading time":"4 minutes"},"schema":{"@context":"https:\/\/schema.org","@graph":[{"@type":"WebPage","@id":"https:\/\/www.kukla.sk\/politika-pre-alkohol-a-drogy\/","url":"https:\/\/www.kukla.sk\/politika-pre-alkohol-a-drogy\/","name":"POLITIKA PRE ALKOHOL A DROGY | Kukla.sk | Obnova budov","isPartOf":{"@id":"https:\/\/www.kukla.sk\/#website"},"datePublished":"2023-09-08T19:09:33+00:00","dateModified":"2023-09-08T19:10:59+00:00","breadcrumb":{"@id":"https:\/\/www.kukla.sk\/politika-pre-alkohol-a-drogy\/#breadcrumb"},"inLanguage":"en-US","potentialAction":[{"@type":"ReadAction","target":["https:\/\/www.kukla.sk\/politika-pre-alkohol-a-drogy\/"]}]},{"@type":"BreadcrumbList","@id":"https:\/\/www.kukla.sk\/politika-pre-alkohol-a-drogy\/#breadcrumb","itemListElement":[{"@type":"ListItem","position":1,"name":"Domov","item":"https:\/\/www.kukla.sk\/"},{"@type":"ListItem","position":2,"name":"POLITIKA PRE ALKOHOL A DROGY"}]},{"@type":"WebSite","@id":"https:\/\/www.kukla.sk\/#website","url":"https:\/\/www.kukla.sk\/","name":"Kukla.sk | Obnova budov","description":"","publisher":{"@id":"https:\/\/www.kukla.sk\/#organization"},"potentialAction":[{"@type":"SearchAction","target":{"@type":"EntryPoint","urlTemplate":"https:\/\/www.kukla.sk\/?s={search_term_string}"},"query-input":"required name=search_term_string"}],"inLanguage":"en-US"},{"@type":"Organization","@id":"https:\/\/www.kukla.sk\/#organization","name":"Kukla.sk","url":"https:\/\/www.kukla.sk\/","logo":{"@type":"ImageObject","inLanguage":"en-US","@id":"https:\/\/www.kukla.sk\/#\/schema\/logo\/image\/","url":"https:\/\/www.kukla.sk\/wp-content\/uploads\/2023\/06\/cropped-logo-kukla-domecek.png","contentUrl":"https:\/\/www.kukla.sk\/wp-content\/uploads\/2023\/06\/cropped-logo-kukla-domecek.png","width":512,"height":512,"caption":"Kukla.sk"},"image":{"@id":"https:\/\/www.kukla.sk\/#\/schema\/logo\/image\/"}}]}},"_links":{"self":[{"href":"https:\/\/www.kukla.sk\/en\/wp-json\/wp\/v2\/pages\/6310"}],"collection":[{"href":"https:\/\/www.kukla.sk\/en\/wp-json\/wp\/v2\/pages"}],"about":[{"href":"https:\/\/www.kukla.sk\/en\/wp-json\/wp\/v2\/types\/page"}],"author":[{"embeddable":true,"href":"https:\/\/www.kukla.sk\/en\/wp-json\/wp\/v2\/users\/1"}],"replies":[{"embeddable":true,"href":"https:\/\/www.kukla.sk\/en\/wp-json\/wp\/v2\/comments?post=6310"}],"version-history":[{"count":4,"href":"https:\/\/www.kukla.sk\/en\/wp-json\/wp\/v2\/pages\/6310\/revisions"}],"predecessor-version":[{"id":6318,"href":"https:\/\/www.kukla.sk\/en\/wp-json\/wp\/v2\/pages\/6310\/revisions\/6318"}],"wp:attachment":[{"href":"https:\/\/www.kukla.sk\/en\/wp-json\/wp\/v2\/media?parent=6310"}],"curies":[{"name":"wp","href":"https:\/\/api.w.org\/{rel}","templated":true}]}}