{"id":6319,"date":"2023-09-08T21:12:24","date_gmt":"2023-09-08T19:12:24","guid":{"rendered":"https:\/\/www.kukla.sk\/?page_id=6319"},"modified":"2023-09-08T21:14:44","modified_gmt":"2023-09-08T19:14:44","slug":"politika-o-ochrane-zivotneho-prostredia","status":"publish","type":"page","link":"https:\/\/www.kukla.sk\/en\/politika-o-ochrane-zivotneho-prostredia\/","title":{"rendered":"Politika o ochrane \u017eivotn\u00e9ho prostredia"},"content":{"rendered":"<div data-elementor-type=\"wp-page\" data-elementor-id=\"6319\" class=\"elementor elementor-6319\">\n\t\t\t\t<div class=\"elementor-element elementor-element-c629fd5 e-flex e-con-boxed e-con e-parent\" data-id=\"c629fd5\" data-element_type=\"container\" data-core-v316-plus=\"true\">\r\n\t\t\t\t\t<div class=\"e-con-inner\">\r\n\t\t\t\t<div class=\"elementor-element elementor-element-b9edcfb elementor-widget elementor-widget-spacer\" data-id=\"b9edcfb\" data-element_type=\"widget\" data-widget_type=\"spacer.default\">\n\t\t\t\t<div class=\"elementor-widget-container\">\n\t\t\t<style>\/*! elementor - v3.20.0 - 10-04-2024 *\/\n.elementor-column .elementor-spacer-inner{height:var(--spacer-size)}.e-con{--container-widget-width:100%}.e-con-inner>.elementor-widget-spacer,.e-con>.elementor-widget-spacer{width:var(--container-widget-width,var(--spacer-size));--align-self:var(--container-widget-align-self,initial);--flex-shrink:0}.e-con-inner>.elementor-widget-spacer>.elementor-widget-container,.e-con>.elementor-widget-spacer>.elementor-widget-container{height:100%;width:100%}.e-con-inner>.elementor-widget-spacer>.elementor-widget-container>.elementor-spacer,.e-con>.elementor-widget-spacer>.elementor-widget-container>.elementor-spacer{height:100%}.e-con-inner>.elementor-widget-spacer>.elementor-widget-container>.elementor-spacer>.elementor-spacer-inner,.e-con>.elementor-widget-spacer>.elementor-widget-container>.elementor-spacer>.elementor-spacer-inner{height:var(--container-widget-height,var(--spacer-size))}.e-con-inner>.elementor-widget-spacer.elementor-widget-empty,.e-con>.elementor-widget-spacer.elementor-widget-empty{position:relative;min-height:22px;min-width:22px}.e-con-inner>.elementor-widget-spacer.elementor-widget-empty .elementor-widget-empty-icon,.e-con>.elementor-widget-spacer.elementor-widget-empty .elementor-widget-empty-icon{position:absolute;top:0;bottom:0;left:0;right:0;margin:auto;padding:0;width:22px;height:22px}<\/style>\t\t<div class=\"elementor-spacer\">\n\t\t\t<div class=\"elementor-spacer-inner\"><\/div>\n\t\t<\/div>\n\t\t\t\t<\/div>\n\t\t\t\t<\/div>\n\t\t\t\t\t<\/div>\r\n\t\t\t\t<\/div>\r\n\t\t<div class=\"elementor-element elementor-element-67d172d e-flex e-con-boxed e-con e-parent\" data-id=\"67d172d\" data-element_type=\"container\" data-core-v316-plus=\"true\">\r\n\t\t\t\t\t<div class=\"e-con-inner\">\r\n\t\t\t\t<div class=\"elementor-element elementor-element-90a740c elementor-widget elementor-widget-text-editor\" data-id=\"90a740c\" data-element_type=\"widget\" data-widget_type=\"text-editor.default\">\n\t\t\t\t<div class=\"elementor-widget-container\">\n\t\t\t<style>\/*! elementor - v3.20.0 - 10-04-2024 *\/\n.elementor-widget-text-editor.elementor-drop-cap-view-stacked .elementor-drop-cap{background-color:#69727d;color:#fff}.elementor-widget-text-editor.elementor-drop-cap-view-framed .elementor-drop-cap{color:#69727d;border:3px solid;background-color:transparent}.elementor-widget-text-editor:not(.elementor-drop-cap-view-default) .elementor-drop-cap{margin-top:8px}.elementor-widget-text-editor:not(.elementor-drop-cap-view-default) .elementor-drop-cap-letter{width:1em;height:1em}.elementor-widget-text-editor .elementor-drop-cap{float:left;text-align:center;line-height:1;font-size:50px}.elementor-widget-text-editor .elementor-drop-cap-letter{display:inline-block}<\/style>\t\t\t\t<h2 id=\"top-title\"><span class=\"word\">VYHL\u00c1SENIE<\/span>\u00a0<span class=\"word\">O<\/span>\u00a0<span class=\"word\">OCHRANE<\/span>\u00a0<span class=\"word\">\u017dIVOTN\u00c9HO<\/span>\u00a0<span class=\"word\">PROSTREDIA<\/span>\u00a0<span class=\"word\">A<\/span>\u00a0<span class=\"word\">UDR\u017dATE\u013dNOSTI<\/span><\/h2><p>Jedn\u00fdm z kritick\u00fdch cie\u013eov projektu Kukla je prev\u00e1dzkovanie prev\u00e1dzky bez zbyto\u010dn\u00fdch alebo neprijate\u013en\u00fdch vplyvov na \u017eivotn\u00e9 prostredie. Ak\u00e9ko\u013evek v\u00fdsledky bud\u00fa minimalizovan\u00e9, pokia\u013e je to mo\u017en\u00e9. Ekologick\u00e9 h\u013eadisk\u00e1 bud\u00fa ma\u0165 rovnak\u00fa d\u00f4le\u017eitos\u0165 ako tradi\u010dnej\u0161ie obchodn\u00e9 z\u00e1le\u017eitosti, ak\u00fdmi s\u00fa v\u00fdroba, v\u00fdskum, predaj, bezpe\u010dnos\u0165 a financie.<\/p><h4><strong>Kukla bude pracova\u0165 na dosiahnut\u00ed svojich environment\u00e1lnych cie\u013eov t\u00fdm, \u017ee:<\/strong><\/h4><p>\u2013 Minimaliz\u00e1cia dopadov v\u0161etk\u00fdch svojich oper\u00e1ci\u00ed na lok\u00e1lne a glob\u00e1lne prostredie a kvalitu \u017eivota miestnych komun\u00edt, v ktor\u00fdch Spolo\u010dnos\u0165 p\u00f4sob\u00ed.<\/p><p>\u2013 Splnenie v\u0161etk\u00fdch pr\u00edslu\u0161n\u00fdch z\u00e1konn\u00fdch predpisov.<\/p><p>\u2013 Udr\u017eiavanie \u010distoty a vzh\u013eadu priestorov pod\u013ea najvy\u0161\u0161\u00edch praktick\u00fdch \u0161tandardov.<\/p><p>\u2013 Zameranie sa na efekt\u00edvne vyu\u017e\u00edvanie v\u0161etk\u00fdch zdrojov pou\u017e\u00edvan\u00fdch pri prev\u00e1dzke a na zni\u017eovanie odpadu prostredn\u00edctvom zlep\u0161ovania procesov. Recykl\u00e1cia materi\u00e1lu pokra\u010duje v\u0161ade tam, kde je to mo\u017en\u00e9, a prij\u00edmaj\u00fa sa \u010fal\u0161ie pozit\u00edvne kroky na \u0161etrenie zdrojov, najm\u00e4 t\u00fdch, ktor\u00e9 s\u00fa vz\u00e1cne alebo neobnovite\u013en\u00e9.<\/p><p>\u2013 Vopred, ak je to mo\u017en\u00e9, plne zv\u00e1\u017ei\u0165 environment\u00e1lne vplyvy ka\u017ed\u00e9ho v\u00fdznamn\u00e9ho nov\u00e9ho v\u00fdvoja a pod\u013ea toho upravi\u0165 pl\u00e1ny Spolo\u010dnosti.<\/p><p>\u2013 Spolupr\u00e1ca s dod\u00e1vate\u013emi s cie\u013eom zabezpe\u010di\u0165, aby produkty a slu\u017eby, ktor\u00e9 dod\u00e1vaj\u00fa, boli environment\u00e1lne prijate\u013en\u00e9.<\/p><p>\u2013 Poskytovanie potrebn\u00fdch inform\u00e1ci\u00ed, ktor\u00e9 umo\u017enia zamestnancom prev\u00e1dzkova\u0165 procesy spr\u00e1vne a s minim\u00e1lnymi vplyvmi na \u017eivotn\u00e9 prostredie. \u0160kolenie zamestnancov, dod\u00e1vate\u013eov a dod\u00e1vate\u013eov na zv\u00fd\u0161enie povedomia o environment\u00e1lnych pr\u00e1vnych predpisoch, nariadeniach, norm\u00e1ch a osved\u010den\u00fdch postupoch.<\/p><p>\u2013 Rozvoj syst\u00e9mu mana\u017e\u00e9rstva na preuk\u00e1zanie neust\u00e1leho zlep\u0161ovania environment\u00e1lneho spr\u00e1vania.<\/p><p>\u2013 Odpad je odv\u00e1\u017ean\u00fd v s\u00falade s legislat\u00edvou registrovan\u00fdmi prepravcami na licencovan\u00e9 skl\u00e1dky<\/p><p>\u2013 Prij\u00edmaj\u00fa sa opatrenia na kontrolu zne\u010distenia p\u00f4dy, riek a pobre\u017en\u00fdch v\u00f4d.<\/p><p>\u2013 Podnikli sa kroky na kontrolu zne\u010distenia hlukom.<\/p><p>\u2013 Uplat\u0148uje sa politika dobr\u00e9ho susedstva.<\/p><p>\u2013 Dodr\u017eiavajte Montrealsk\u00fd protokol t\u00fdm, \u017ee zabezpe\u010d\u00edte, aby sa plyny po\u0161kodzuj\u00face oz\u00f3nov\u00fa vrstvu, ako s\u00fa CFC a hal\u00f3ny, nevyp\u00fa\u0161\u0165ali do atmosf\u00e9ry.<\/p><p>\u2013 Minimalizuje sa plytvanie materi\u00e1lom, podporuj\u00fa sa mo\u017enosti recykl\u00e1cie a \u0161etr\u00ed sa voda, papier a energia.<\/p><p>\u2013 Vo\u013ene \u017eij\u00face \u017eivo\u010d\u00edchy, biotopy, fl\u00f3ra a fauna, ako aj archeologick\u00e9 lokality a miesta dedi\u010dstva s\u00fa primerane chr\u00e1nen\u00e9.<\/p><p>\u2013 V\u0161etky incidenty po\u0161kodzuj\u00face \u017eivotn\u00e9 prostredie sa vy\u0161etruj\u00fa a nahlasuj\u00fa a podnikn\u00fa sa prevent\u00edvne opatrenia proti ich opakovaniu.<\/p><p>V pr\u00edpade potreby vypracuje Kukla environment\u00e1lny pl\u00e1n pre navrhovan\u00e9 pr\u00e1ce.<\/p><p>To by zah\u0155\u0148alo zv\u00e1\u017eenie nasleduj\u00facich opatren\u00ed:<\/p><p>\u2013 Minimaliz\u00e1cia spotreby vody vypl\u00fdvaj\u00facej z \u010dinnost\u00ed na mieste.<\/p><p>\u2013 Monitorovanie a zni\u017eovanie odpadu na mieste.<\/p><p>\u2013 Triedenie a recykl\u00e1cia odpadu.<\/p><p>\u2013 Prijatie z\u00e1sad osved\u010den\u00fdch postupov na kontrolu hluku a prachu.<\/p><p>\u2013 N\u00e1kup materi\u00e1lov od certifikovan\u00e9ho dod\u00e1vate\u013ea.<\/p><p>\u2013 Recykl\u00e1cia zna\u010dn\u00e9ho mno\u017estva predt\u00fdm dodan\u00fdch materi\u00e1lov.<\/p><h4><strong>Povinnos\u0165 o starostlivosti<\/strong><\/h4><p>Povinnos\u0165 o starostlivosti pod\u013ea z\u00e1kona spolo\u010dnos\u0165 uzn\u00e1va po\u010das vykon\u00e1vania svojich pr\u00e1c a sp\u013a\u0148a tieto z\u00e1kladn\u00e9 princ\u00edpy:<\/p><p>\u2013 Zabr\u00e1nenie komuko\u013evek uchov\u00e1va\u0165, uklada\u0165, zne\u0161kod\u0148ova\u0165 alebo zhodnocova\u0165 n\u00e1\u0161 \u201etrieden\u00fd odpad\u201c bez povolenia na nakladanie s odpadmi alebo v\u00fdnimky z potreby povolenia.<\/p><p>\u2013 Zabr\u00e1nenie \u00faniku materi\u00e1lov spod na\u0161ej kontroly alebo kontroly kohoko\u013evek in\u00e9ho ich vhodn\u00fdm zabalen\u00edm.<\/p><p>\u2013 Zabezpe\u010di\u0165 odovzdanie odpadu len opr\u00e1vnenej osobe. Uistite sa, \u017ee osoba alebo firma m\u00e1 pr\u00e1vomoc naklada\u0165 s na\u0161\u00edm konkr\u00e9tnym typom odpadu.<\/p><p>\u2013 Zabezpe\u010di\u0165, aby bol prepravovan\u00fd odpad sprev\u00e1dzan\u00fd p\u00edsomn\u00fdm popisom, ktor\u00fd ka\u017ed\u00e9mu, kto ho prevezme, umo\u017en\u00ed s n\u00edm naklada\u0165 alebo s n\u00edm naklada\u0165 v s\u00falade s jeho povinnos\u0165ou starostlivosti. Za a v mene Kukla<\/p><div>\u00a0<\/div>\t\t\t\t\t\t<\/div>\n\t\t\t\t<\/div>\n\t\t\t\t\t<\/div>\r\n\t\t\t\t<\/div>\r\n\t\t\t\t<\/div>","protected":false},"excerpt":{"rendered":"<p>VYHL\u00c1SENIE\u00a0O\u00a0OCHRANE\u00a0\u017dIVOTN\u00c9HO\u00a0PROSTREDIA\u00a0A\u00a0UDR\u017dATE\u013dNOSTI Jedn\u00fdm z kritick\u00fdch cie\u013eov projektu Kukla je prev\u00e1dzkovanie prev\u00e1dzky bez zbyto\u010dn\u00fdch alebo neprijate\u013en\u00fdch vplyvov na \u017eivotn\u00e9 prostredie. Ak\u00e9ko\u013evek v\u00fdsledky bud\u00fa minimalizovan\u00e9, pokia\u013e je to mo\u017en\u00e9. Ekologick\u00e9 h\u013eadisk\u00e1 bud\u00fa ma\u0165 rovnak\u00fa d\u00f4le\u017eitos\u0165 ako tradi\u010dnej\u0161ie obchodn\u00e9 z\u00e1le\u017eitosti, ak\u00fdmi s\u00fa v\u00fdroba, v\u00fdskum, predaj, bezpe\u010dnos\u0165 a financie. Kukla bude pracova\u0165 na dosiahnut\u00ed svojich environment\u00e1lnych cie\u013eov t\u00fdm, \u017ee: \u2013 [&hellip;]<\/p>","protected":false},"author":1,"featured_media":0,"parent":0,"menu_order":0,"comment_status":"closed","ping_status":"closed","template":"","meta":{"om_disable_all_campaigns":false,"_monsterinsights_skip_tracking":false,"_monsterinsights_sitenote_active":false,"_monsterinsights_sitenote_note":"","_monsterinsights_sitenote_category":0,"footnotes":""},"yoast_head":"<!-- This site is optimized with the Yoast SEO plugin v22.4 - https:\/\/yoast.com\/wordpress\/plugins\/seo\/ -->\n<title>Politika o ochrane \u017eivotn\u00e9ho prostredia | Kukla.sk | Obnova budov<\/title>\n<meta name=\"robots\" content=\"index, follow, max-snippet:-1, max-image-preview:large, max-video-preview:-1\" \/>\n<link rel=\"canonical\" href=\"https:\/\/www.kukla.sk\/en\/politika-o-ochrane-zivotneho-prostredia\/\" \/>\n<meta property=\"og:locale\" content=\"en_US\" \/>\n<meta property=\"og:type\" content=\"article\" \/>\n<meta property=\"og:title\" content=\"Politika o ochrane \u017eivotn\u00e9ho prostredia | Kukla.sk | Obnova budov\" \/>\n<meta property=\"og:description\" content=\"VYHL\u00c1SENIE\u00a0O\u00a0OCHRANE\u00a0\u017dIVOTN\u00c9HO\u00a0PROSTREDIA\u00a0A\u00a0UDR\u017dATE\u013dNOSTI Jedn\u00fdm z kritick\u00fdch cie\u013eov projektu Kukla je prev\u00e1dzkovanie prev\u00e1dzky bez zbyto\u010dn\u00fdch alebo neprijate\u013en\u00fdch vplyvov na \u017eivotn\u00e9 prostredie. Ak\u00e9ko\u013evek v\u00fdsledky bud\u00fa minimalizovan\u00e9, pokia\u013e je to mo\u017en\u00e9. Ekologick\u00e9 h\u013eadisk\u00e1 bud\u00fa ma\u0165 rovnak\u00fa d\u00f4le\u017eitos\u0165 ako tradi\u010dnej\u0161ie obchodn\u00e9 z\u00e1le\u017eitosti, ak\u00fdmi s\u00fa v\u00fdroba, v\u00fdskum, predaj, bezpe\u010dnos\u0165 a financie. Kukla bude pracova\u0165 na dosiahnut\u00ed svojich environment\u00e1lnych cie\u013eov t\u00fdm, \u017ee: \u2013 [&hellip;]\" \/>\n<meta property=\"og:url\" content=\"https:\/\/www.kukla.sk\/en\/politika-o-ochrane-zivotneho-prostredia\/\" \/>\n<meta property=\"og:site_name\" content=\"Kukla.sk | Obnova budov\" \/>\n<meta property=\"article:modified_time\" content=\"2023-09-08T19:14:44+00:00\" \/>\n<meta property=\"og:image\" content=\"https:\/\/www.kukla.sk\/wp-content\/uploads\/2023\/09\/3e102593-0d0b-4555-b8bf-714e8d1b17bf.jpg\" \/>\n\t<meta property=\"og:image:width\" content=\"1024\" \/>\n\t<meta property=\"og:image:height\" content=\"768\" \/>\n\t<meta property=\"og:image:type\" content=\"image\/jpeg\" \/>\n<meta name=\"twitter:card\" content=\"summary_large_image\" \/>\n<meta name=\"twitter:label1\" content=\"Est. reading time\" \/>\n\t<meta name=\"twitter:data1\" content=\"3 minutes\" \/>\n<script type=\"application\/ld+json\" class=\"yoast-schema-graph\">{\"@context\":\"https:\/\/schema.org\",\"@graph\":[{\"@type\":\"WebPage\",\"@id\":\"https:\/\/www.kukla.sk\/politika-o-ochrane-zivotneho-prostredia\/\",\"url\":\"https:\/\/www.kukla.sk\/politika-o-ochrane-zivotneho-prostredia\/\",\"name\":\"Politika o ochrane \u017eivotn\u00e9ho prostredia | Kukla.sk | Obnova budov\",\"isPartOf\":{\"@id\":\"https:\/\/www.kukla.sk\/#website\"},\"datePublished\":\"2023-09-08T19:12:24+00:00\",\"dateModified\":\"2023-09-08T19:14:44+00:00\",\"breadcrumb\":{\"@id\":\"https:\/\/www.kukla.sk\/politika-o-ochrane-zivotneho-prostredia\/#breadcrumb\"},\"inLanguage\":\"en-US\",\"potentialAction\":[{\"@type\":\"ReadAction\",\"target\":[\"https:\/\/www.kukla.sk\/politika-o-ochrane-zivotneho-prostredia\/\"]}]},{\"@type\":\"BreadcrumbList\",\"@id\":\"https:\/\/www.kukla.sk\/politika-o-ochrane-zivotneho-prostredia\/#breadcrumb\",\"itemListElement\":[{\"@type\":\"ListItem\",\"position\":1,\"name\":\"Domov\",\"item\":\"https:\/\/www.kukla.sk\/\"},{\"@type\":\"ListItem\",\"position\":2,\"name\":\"Politika o ochrane \u017eivotn\u00e9ho prostredia\"}]},{\"@type\":\"WebSite\",\"@id\":\"https:\/\/www.kukla.sk\/#website\",\"url\":\"https:\/\/www.kukla.sk\/\",\"name\":\"Kukla.sk | Obnova budov\",\"description\":\"\",\"publisher\":{\"@id\":\"https:\/\/www.kukla.sk\/#organization\"},\"potentialAction\":[{\"@type\":\"SearchAction\",\"target\":{\"@type\":\"EntryPoint\",\"urlTemplate\":\"https:\/\/www.kukla.sk\/?s={search_term_string}\"},\"query-input\":\"required name=search_term_string\"}],\"inLanguage\":\"en-US\"},{\"@type\":\"Organization\",\"@id\":\"https:\/\/www.kukla.sk\/#organization\",\"name\":\"Kukla.sk\",\"url\":\"https:\/\/www.kukla.sk\/\",\"logo\":{\"@type\":\"ImageObject\",\"inLanguage\":\"en-US\",\"@id\":\"https:\/\/www.kukla.sk\/#\/schema\/logo\/image\/\",\"url\":\"https:\/\/www.kukla.sk\/wp-content\/uploads\/2023\/06\/cropped-logo-kukla-domecek.png\",\"contentUrl\":\"https:\/\/www.kukla.sk\/wp-content\/uploads\/2023\/06\/cropped-logo-kukla-domecek.png\",\"width\":512,\"height\":512,\"caption\":\"Kukla.sk\"},\"image\":{\"@id\":\"https:\/\/www.kukla.sk\/#\/schema\/logo\/image\/\"}}]}<\/script>\n<!-- \/ Yoast SEO plugin. -->","yoast_head_json":{"title":"Politika o ochrane \u017eivotn\u00e9ho prostredia | Kukla.sk | Obnova budov","robots":{"index":"index","follow":"follow","max-snippet":"max-snippet:-1","max-image-preview":"max-image-preview:large","max-video-preview":"max-video-preview:-1"},"canonical":"https:\/\/www.kukla.sk\/en\/politika-o-ochrane-zivotneho-prostredia\/","og_locale":"en_US","og_type":"article","og_title":"Politika o ochrane \u017eivotn\u00e9ho prostredia | Kukla.sk | Obnova budov","og_description":"VYHL\u00c1SENIE\u00a0O\u00a0OCHRANE\u00a0\u017dIVOTN\u00c9HO\u00a0PROSTREDIA\u00a0A\u00a0UDR\u017dATE\u013dNOSTI Jedn\u00fdm z kritick\u00fdch cie\u013eov projektu Kukla je prev\u00e1dzkovanie prev\u00e1dzky bez zbyto\u010dn\u00fdch alebo neprijate\u013en\u00fdch vplyvov na \u017eivotn\u00e9 prostredie. Ak\u00e9ko\u013evek v\u00fdsledky bud\u00fa minimalizovan\u00e9, pokia\u013e je to mo\u017en\u00e9. Ekologick\u00e9 h\u013eadisk\u00e1 bud\u00fa ma\u0165 rovnak\u00fa d\u00f4le\u017eitos\u0165 ako tradi\u010dnej\u0161ie obchodn\u00e9 z\u00e1le\u017eitosti, ak\u00fdmi s\u00fa v\u00fdroba, v\u00fdskum, predaj, bezpe\u010dnos\u0165 a financie. Kukla bude pracova\u0165 na dosiahnut\u00ed svojich environment\u00e1lnych cie\u013eov t\u00fdm, \u017ee: \u2013 [&hellip;]","og_url":"https:\/\/www.kukla.sk\/en\/politika-o-ochrane-zivotneho-prostredia\/","og_site_name":"Kukla.sk | Obnova budov","article_modified_time":"2023-09-08T19:14:44+00:00","og_image":[{"width":1024,"height":768,"url":"https:\/\/www.kukla.sk\/wp-content\/uploads\/2023\/09\/3e102593-0d0b-4555-b8bf-714e8d1b17bf.jpg","type":"image\/jpeg"}],"twitter_card":"summary_large_image","twitter_misc":{"Est. reading time":"3 minutes"},"schema":{"@context":"https:\/\/schema.org","@graph":[{"@type":"WebPage","@id":"https:\/\/www.kukla.sk\/politika-o-ochrane-zivotneho-prostredia\/","url":"https:\/\/www.kukla.sk\/politika-o-ochrane-zivotneho-prostredia\/","name":"Politika o ochrane \u017eivotn\u00e9ho prostredia | Kukla.sk | Obnova budov","isPartOf":{"@id":"https:\/\/www.kukla.sk\/#website"},"datePublished":"2023-09-08T19:12:24+00:00","dateModified":"2023-09-08T19:14:44+00:00","breadcrumb":{"@id":"https:\/\/www.kukla.sk\/politika-o-ochrane-zivotneho-prostredia\/#breadcrumb"},"inLanguage":"en-US","potentialAction":[{"@type":"ReadAction","target":["https:\/\/www.kukla.sk\/politika-o-ochrane-zivotneho-prostredia\/"]}]},{"@type":"BreadcrumbList","@id":"https:\/\/www.kukla.sk\/politika-o-ochrane-zivotneho-prostredia\/#breadcrumb","itemListElement":[{"@type":"ListItem","position":1,"name":"Domov","item":"https:\/\/www.kukla.sk\/"},{"@type":"ListItem","position":2,"name":"Politika o ochrane \u017eivotn\u00e9ho prostredia"}]},{"@type":"WebSite","@id":"https:\/\/www.kukla.sk\/#website","url":"https:\/\/www.kukla.sk\/","name":"Kukla.sk | Obnova budov","description":"","publisher":{"@id":"https:\/\/www.kukla.sk\/#organization"},"potentialAction":[{"@type":"SearchAction","target":{"@type":"EntryPoint","urlTemplate":"https:\/\/www.kukla.sk\/?s={search_term_string}"},"query-input":"required name=search_term_string"}],"inLanguage":"en-US"},{"@type":"Organization","@id":"https:\/\/www.kukla.sk\/#organization","name":"Kukla.sk","url":"https:\/\/www.kukla.sk\/","logo":{"@type":"ImageObject","inLanguage":"en-US","@id":"https:\/\/www.kukla.sk\/#\/schema\/logo\/image\/","url":"https:\/\/www.kukla.sk\/wp-content\/uploads\/2023\/06\/cropped-logo-kukla-domecek.png","contentUrl":"https:\/\/www.kukla.sk\/wp-content\/uploads\/2023\/06\/cropped-logo-kukla-domecek.png","width":512,"height":512,"caption":"Kukla.sk"},"image":{"@id":"https:\/\/www.kukla.sk\/#\/schema\/logo\/image\/"}}]}},"_links":{"self":[{"href":"https:\/\/www.kukla.sk\/en\/wp-json\/wp\/v2\/pages\/6319"}],"collection":[{"href":"https:\/\/www.kukla.sk\/en\/wp-json\/wp\/v2\/pages"}],"about":[{"href":"https:\/\/www.kukla.sk\/en\/wp-json\/wp\/v2\/types\/page"}],"author":[{"embeddable":true,"href":"https:\/\/www.kukla.sk\/en\/wp-json\/wp\/v2\/users\/1"}],"replies":[{"embeddable":true,"href":"https:\/\/www.kukla.sk\/en\/wp-json\/wp\/v2\/comments?post=6319"}],"version-history":[{"count":4,"href":"https:\/\/www.kukla.sk\/en\/wp-json\/wp\/v2\/pages\/6319\/revisions"}],"predecessor-version":[{"id":6324,"href":"https:\/\/www.kukla.sk\/en\/wp-json\/wp\/v2\/pages\/6319\/revisions\/6324"}],"wp:attachment":[{"href":"https:\/\/www.kukla.sk\/en\/wp-json\/wp\/v2\/media?parent=6319"}],"curies":[{"name":"wp","href":"https:\/\/api.w.org\/{rel}","templated":true}]}}