{"id":6461,"date":"2023-09-08T22:43:10","date_gmt":"2023-09-08T20:43:10","guid":{"rendered":"https:\/\/www.kukla.sk\/?page_id=6461"},"modified":"2026-03-18T12:04:30","modified_gmt":"2026-03-18T11:04:30","slug":"kontakt","status":"publish","type":"page","link":"https:\/\/www.kukla.sk\/en\/kontakt\/","title":{"rendered":"Kontakt"},"content":{"rendered":"<div data-elementor-type=\"wp-page\" data-elementor-id=\"6461\" class=\"elementor elementor-6461\">\n\t\t\t\t        <section class=\"elementor-section elementor-top-section elementor-element elementor-element-0b4db98 elementor-section-stretched elementor-section-boxed elementor-section-height-default elementor-section-height-default cms-boxed-bg-false\" data-id=\"0b4db98\" data-element_type=\"section\" data-settings=\"{&quot;stretch_section&quot;:&quot;section-stretched&quot;}\">\r\n\t\t\r\n\t\t<div class=\"cms-section-boxed-bg\"><\/div>        <div class=\"elementor-container elementor-column-gap-default\" >\r\n\t\t        <div class=\"elementor-column elementor-col-33 elementor-top-column elementor-element elementor-element-81f9a8c\" data-id=\"81f9a8c\" data-element_type=\"column\">\r\n            <div class=\"elementor-widget-wrap elementor-element-populated\">\r\n                \t\t<div class=\"elementor-element elementor-element-ec5064c cms-quick-contact-layout-10 elementor-widget elementor-widget-cms_quickcontact\" data-id=\"ec5064c\" data-element_type=\"widget\" data-widget_type=\"cms_quickcontact.default\">\n\t\t\t\t<div class=\"elementor-widget-container\">\n\t\t\t<div class=\"cms-qc-wrap\">\n\t<div class=\"cms-qc-inner p-30 p-lg-60\">\n\t\t<div class=\"row justify-content-center text-body\">\n\t\t\t\t\t<div class=\"cms-qc-list col-12 text-\">\n\t\t\t\t<div class=\"row gutters-10 align-items-center\">\n\t\t\t\t\t<div class=\"col-auto empty-none\"><\/div>\n\t\t\t        <div class=\"col empty-none\">\n\t\t\t        \t<div>\n\t\t\t        \t\t<div class=\"cms-heading text-17 cms-contact-title empty-none\">S\u00eddlo spolo\u010dnosti<\/div>\n\t\t\t        \t\tPestovate\u013esk\u00e1 2, <\/div>\n\t\t\t        \t<div><div class=\"cms-heading text-17 cms-contact-title empty-none\"><\/div> 821 02 Bratislava, Slovensko<\/div>\n\t\t\t        <\/div>\n\t\t\t    <\/div>\n\t\t    <\/div>      \n\t\t\t\t\t<div class=\"cms-qc-list col-12 text-\">\n\t\t\t\t<div class=\"row gutters-10 align-items-center\">\n\t\t\t\t\t<div class=\"col-auto empty-none\"><\/div>\n\t\t\t        <div class=\"col empty-none\">\n\t\t\t        \t<div>\n\t\t\t        \t\t<div class=\"cms-heading text-17 cms-contact-title empty-none\">\t\t        \t\t\t\t<a href=\"mailto:andrej@kukla.sk\">R\u00fdchly kontakt<\/div>\n\t\t\t        \t\tEmail: andrej@kukla.sk<\/a><\/div>\n\t\t\t        \t<div><div class=\"cms-heading text-17 cms-contact-title empty-none\"><\/div> Podpora: masarik@kukla.sk<\/div>\n\t\t\t        <\/div>\n\t\t\t    <\/div>\n\t\t    <\/div>      \n\t\t\t\t\t<div class=\"cms-qc-list col-12 text-\">\n\t\t\t\t<div class=\"row gutters-10 align-items-center\">\n\t\t\t\t\t<div class=\"col-auto empty-none\"><\/div>\n\t\t\t        <div class=\"col empty-none\">\n\t\t\t        \t<div>\n\t\t\t        \t\t<div class=\"cms-heading text-17 cms-contact-title empty-none\">Otv\u00e1racie hodiny<\/div>\n\t\t\t        \t\tPondelok - Piatok<\/div>\n\t\t\t        \t<div><div class=\"cms-heading text-17 cms-contact-title empty-none\"><\/div> 8.00 - 19:00<\/div>\n\t\t\t        <\/div>\n\t\t\t    <\/div>\n\t\t    <\/div>      \n\t\t\t\t<\/div>\n\t\t        <div class=\"cms-btn-wraps mt-10 text-justify\">\r\n                <a href=\"https:\/\/www.kukla.sk\/en\/cenova-ponuka\/\" class=\"btn btn-fill btn-white btn-hover-primary btn-lg d-block   cms-animate elementor-invisible\" data-settings='{\"_animation\":\"none\",\"animation\":\"none\",\"animation_delay\":300}'>\r\n                <span class=\"cms-btn-content cms-btn-content-layout10\">\r\n                                        <span class=\"cms-btn-text\">Z\u00edska\u0165 cenov\u00fa ponuku<\/span>\r\n                                    <\/span>\r\n            <\/a>\r\n                <\/div>\r\n    \t<\/div>\n<\/div>\t\t<\/div>\n\t\t\t\t<\/div>\n\t\t            <\/div>\r\n        <\/div>\r\n                <div class=\"elementor-column elementor-col-66 elementor-top-column elementor-element elementor-element-bf5761a pl-xl-100\" data-id=\"bf5761a\" data-element_type=\"column\">\r\n            <div class=\"elementor-widget-wrap elementor-element-populated\">\r\n                \t\t<div class=\"elementor-element elementor-element-7df3da5 cms-cf7-layout-1 elementor-widget elementor-widget-cms_ctf7\" data-id=\"7df3da5\" data-element_type=\"widget\" data-widget_type=\"cms_ctf7.default\">\n\t\t\t\t<div class=\"elementor-widget-container\">\n\t\t\t    <div id=\"cms_ctf7-7df3da5\" class=\"cms-cf7 overflow-hidden bg-white p-20 p-lg-30 p-xl-50 cms-radius-16 cms-shadow-3\">\r\n        <div class=\"cms-cf7-inner\">                <div class=\"cms-form-heading cms-heading text-24 font-500 mt-n12\">Kontaktujte n\u00e1s<\/div>\r\n                            <div class=\"cms-form-desc text-15 lh-26 pt-10\">Sme ve\u013emi hrd\u00ed na v\u0161etko, \u010do rob\u00edme, \u00fapln\u00e1 kontrola nad na\u0161imi slu\u017ebami n\u00e1m umo\u017e\u0148uje zabezpe\u010di\u0165 na\u0161im z\u00e1kazn\u00edkom slu\u017eby najvy\u0161\u0161ej kvality.<\/div>\r\n                        <div class=\"pt-20\">\n<div class=\"wpcf7 no-js\" id=\"wpcf7-f3404-o1\" lang=\"en-US\" dir=\"ltr\">\n<div class=\"screen-reader-response\"><p role=\"status\" aria-live=\"polite\" aria-atomic=\"true\"><\/p> <ul><\/ul><\/div>\n<form action=\"\/en\/wp-json\/wp\/v2\/pages\/6461#wpcf7-f3404-o1\" method=\"post\" class=\"wpcf7-form init\" aria-label=\"Contact form\" novalidate=\"novalidate\" data-status=\"init\" data-trp-original-action=\"\/en\/wp-json\/wp\/v2\/pages\/6461#wpcf7-f3404-o1\">\n<div style=\"display: none;\">\n<input type=\"hidden\" name=\"_wpcf7\" value=\"3404\" \/>\n<input type=\"hidden\" name=\"_wpcf7_version\" value=\"5.9.3\" \/>\n<input type=\"hidden\" name=\"_wpcf7_locale\" value=\"en_US\" \/>\n<input type=\"hidden\" name=\"_wpcf7_unit_tag\" value=\"wpcf7-f3404-o1\" \/>\n<input type=\"hidden\" name=\"_wpcf7_container_post\" value=\"0\" \/>\n<input type=\"hidden\" name=\"_wpcf7_posted_data_hash\" value=\"\" \/>\n<\/div>\n<div class=\"row\">\n\t<div class=\"col-lg-6 mb-30\">\n\t\t<p><span class=\"wpcf7-form-control-wrap\" data-name=\"your-name\"><input size=\"40\" class=\"wpcf7-form-control wpcf7-text wpcf7-validates-as-required\" aria-required=\"true\" aria-invalid=\"false\" placeholder=\"Meno\" value=\"\" type=\"text\" name=\"your-name\" \/><\/span>\n\t\t<\/p>\n\t<\/div>\n\t<div class=\"col-lg-6 mb-30\">\n\t\t<p><span class=\"wpcf7-form-control-wrap\" data-name=\"your-email\"><input size=\"40\" class=\"wpcf7-form-control wpcf7-email wpcf7-validates-as-required wpcf7-text wpcf7-validates-as-email\" aria-required=\"true\" aria-invalid=\"false\" placeholder=\"Email\" value=\"\" type=\"email\" name=\"your-email\" \/><\/span>\n\t\t<\/p>\n\t<\/div>\n\t<div class=\"col-lg-6 mb-30\">\n\t\t<p><span class=\"wpcf7-form-control-wrap\" data-name=\"phone\"><input size=\"40\" class=\"wpcf7-form-control wpcf7-tel wpcf7-validates-as-required wpcf7-text wpcf7-validates-as-tel\" aria-required=\"true\" aria-invalid=\"false\" placeholder=\"Telef\u00f3n\" value=\"\" type=\"tel\" name=\"phone\" \/><\/span>\n\t\t<\/p>\n\t<\/div>\n\t<div class=\"col-lg-6 mb-30\">\n\t\t<p><span class=\"wpcf7-form-control-wrap\" data-name=\"services\"><select class=\"wpcf7-form-control wpcf7-select wpcf7-validates-as-required\" aria-required=\"true\" aria-invalid=\"false\" name=\"services\"><option value=\"\">Zateplenie budovy<\/option><option value=\"San\u00e1cia fasady a omietkz\">San\u00e1cia fasady a omietkz<\/option><option value=\"V\u00fdmena rozvodov\">V\u00fdmena rozvodov<\/option><option value=\"Rekon\u0161trukcia striech\">Rekon\u0161trukcia striech<\/option><option value=\"V\u00fdmena dver\u00ed a okien\">V\u00fdmena dver\u00ed a okien<\/option><option value=\"Rekon\u0161trukcia balk\u00f3nov\">Rekon\u0161trukcia balk\u00f3nov<\/option><option value=\"Mont\u00e1\u017e a renov\u00e1cia v\u00fd\u0165ahov\">Mont\u00e1\u017e a renov\u00e1cia v\u00fd\u0165ahov<\/option><option value=\"Likvid\u00e1cia azbestu\">Likvid\u00e1cia azbestu<\/option><\/select><\/span>\n\t\t<\/p>\n\t<\/div>\n\t<div class=\"col-lg-12 mb-30\">\n\t\t<p><span class=\"wpcf7-form-control-wrap\" data-name=\"your-message\"><textarea cols=\"40\" rows=\"10\" class=\"wpcf7-form-control wpcf7-textarea\" aria-invalid=\"false\" placeholder=\"\u010ea\u013e\u0161ie inform\u00e1cie\" name=\"your-message\"><\/textarea><\/span>\n\t\t<\/p>\n\t<\/div>\n\t<div class=\"col-12\">\n\t\t<p><button class=\"wpcf7-form-control wpcf7-submit btn btn-primary btn-lg\" type=\"submit\"><span class=\"cms-btn-content\"><span class=\"wpcf7-submit-icon cms-btn-icon cmsi-arrow-circle-right rtl-flip\"><\/span><span class=\"cms-btn-text\">Odosla\u0165<\/span><\/span><\/button>\n\t\t<\/p>\n\t<\/div>\n<\/div><div class=\"wpcf7-response-output\" aria-hidden=\"true\"><\/div>\n<input type=\"hidden\" name=\"trp-form-language\" value=\"en\"\/><\/form>\n<\/div>\n<\/div>\r\n        <\/div>\r\n    <\/div>\r\n\t\t<\/div>\n\t\t\t\t<\/div>\n\t\t            <\/div>\r\n        <\/div>\r\n        \t\t\t<\/div>\r\n\t\t<\/section>\r\n\t\t<div class=\"elementor-element elementor-element-d297f5d e-flex e-con-boxed e-con e-parent\" data-id=\"d297f5d\" data-element_type=\"container\" data-core-v316-plus=\"true\">\r\n\t\t\t\t\t<div class=\"e-con-inner\">\r\n\t\t<div class=\"elementor-element elementor-element-758e0a6 e-con-full e-flex e-con e-child\" data-id=\"758e0a6\" data-element_type=\"container\">\r\n\t\t\t\t<div class=\"elementor-element elementor-element-56ec7bf elementor-drop-cap-yes elementor-drop-cap-view-default elementor-widget elementor-widget-text-editor\" data-id=\"56ec7bf\" data-element_type=\"widget\" data-settings=\"{&quot;drop_cap&quot;:&quot;yes&quot;}\" data-widget_type=\"text-editor.default\">\n\t\t\t\t<div class=\"elementor-widget-container\">\n\t\t\t<style>\/*! elementor - v3.20.0 - 10-04-2024 *\/\n.elementor-widget-text-editor.elementor-drop-cap-view-stacked .elementor-drop-cap{background-color:#69727d;color:#fff}.elementor-widget-text-editor.elementor-drop-cap-view-framed .elementor-drop-cap{color:#69727d;border:3px solid;background-color:transparent}.elementor-widget-text-editor:not(.elementor-drop-cap-view-default) .elementor-drop-cap{margin-top:8px}.elementor-widget-text-editor:not(.elementor-drop-cap-view-default) .elementor-drop-cap-letter{width:1em;height:1em}.elementor-widget-text-editor .elementor-drop-cap{float:left;text-align:center;line-height:1;font-size:50px}.elementor-widget-text-editor .elementor-drop-cap-letter{display:inline-block}<\/style>\t\t\t\t<p class=\"p1\"><strong>Faktura\u010dn\u00e9 \u00fadaje:<\/strong><\/p><p>Akeps, s.r.o.<br \/>Dvorn\u00edky 500,\u00a0 920 56 Dvorn\u00edky<\/p>\t\t\t\t\t\t<\/div>\n\t\t\t\t<\/div>\n\t\t\t\t<div class=\"elementor-element elementor-element-aa91fa6 elementor-drop-cap-yes elementor-drop-cap-view-default elementor-widget elementor-widget-text-editor\" data-id=\"aa91fa6\" data-element_type=\"widget\" data-settings=\"{&quot;drop_cap&quot;:&quot;yes&quot;}\" data-widget_type=\"text-editor.default\">\n\t\t\t\t<div class=\"elementor-widget-container\">\n\t\t\t\t\t\t\t<ul class=\"ul-list m-b-none\"><li class=\"inline\"><strong>I\u010cO:<\/strong>45241317<\/li><li class=\"inline\"><strong>DI\u010c:<\/strong>2022920152<\/li><li class=\"inline\"><strong>I\u010c DPH: <\/strong>SK2022920152<\/li><\/ul>\t\t\t\t\t\t<\/div>\n\t\t\t\t<\/div>\n\t\t\t\t<\/div>\r\n\t\t<div class=\"elementor-element elementor-element-e93dbe9 e-con-full e-flex e-con e-child\" data-id=\"e93dbe9\" data-element_type=\"container\">\r\n\t\t\t\t<div class=\"elementor-element elementor-element-67bb2ae elementor-drop-cap-yes elementor-drop-cap-view-default elementor-widget elementor-widget-text-editor\" data-id=\"67bb2ae\" data-element_type=\"widget\" data-settings=\"{&quot;drop_cap&quot;:&quot;yes&quot;}\" data-widget_type=\"text-editor.default\">\n\t\t\t\t<div class=\"elementor-widget-container\">\n\t\t\t\t\t\t\t<p class=\"p1\"><strong>Kontakt:<\/strong><\/p>\t\t\t\t\t\t<\/div>\n\t\t\t\t<\/div>\n\t\t\t\t<div class=\"elementor-element elementor-element-fd2de95 cms-quick-contact-layout-1 elementor-widget elementor-widget-cms_quickcontact\" data-id=\"fd2de95\" data-element_type=\"widget\" data-widget_type=\"cms_quickcontact.default\">\n\t\t\t\t<div class=\"elementor-widget-container\">\n\t\t\t<div class=\"cms-qc-wrap\">\n\t<div class=\"cms-qc-inner\">\n\t\t<div class=\"row justify-content-center text-body\">\n\t\t\t\t\t<div class=\"cms-qc-list col-auto text-\">\n\t\t\t\t<div class=\"row gutters-10 align-items-center\">\n\t\t\t\t\t<div class=\"col-auto\">\n\t\t\t\t\t        <div class=\"cms-icon-wrap\" ><i aria-hidden=\"true\" class=\"cms-icon text-primary fas fa-phone-alt\" style=\"\"><\/i><\/div>\r\n        \t\t\t        <\/div>\n\t\t\t        <div class=\"col\">\n\t\t\t        \t<div>\n\t\t\t        \t\t<span class=\"cms-contact-title\">Konate\u013e spolo\u010dnosti:<\/span>\n\t\t\t        \t\tAndrej Kukla<\/div>\n\t\t\t        \t<div><span class=\"cms-contact-title\">+421 915 876 589<\/span> andrej@kukla.sk<\/div>\n\t\t\t        <\/div>\n\t\t\t    <\/div>\n\t\t    <\/div>      \n\t\t\t\t<\/div>\n\t<\/div>\n<\/div>\t\t<\/div>\n\t\t\t\t<\/div>\n\t\t\t\t<div class=\"elementor-element elementor-element-cb44033 cms-quick-contact-layout-1 elementor-widget elementor-widget-cms_quickcontact\" data-id=\"cb44033\" data-element_type=\"widget\" data-widget_type=\"cms_quickcontact.default\">\n\t\t\t\t<div class=\"elementor-widget-container\">\n\t\t\t<div class=\"cms-qc-wrap\">\n\t<div class=\"cms-qc-inner\">\n\t\t<div class=\"row justify-content-center text-body\">\n\t\t\t\t\t<div class=\"cms-qc-list col-auto text-\">\n\t\t\t\t<div class=\"row gutters-10 align-items-center\">\n\t\t\t\t\t<div class=\"col-auto\">\n\t\t\t\t\t        <div class=\"cms-icon-wrap\" ><i aria-hidden=\"true\" class=\"cms-icon text-primary fas fa-phone-alt\" style=\"\"><\/i><\/div>\r\n        \t\t\t        <\/div>\n\t\t\t        <div class=\"col\">\n\t\t\t        \t<div>\n\t\t\t        \t\t<span class=\"cms-contact-title\">Projektov\u00fd mana\u017e\u00e9r:<\/span>\n\t\t\t        \t\tRado Masarik<\/div>\n\t\t\t        \t<div><span class=\"cms-contact-title\">+421 907 784 340<\/span> masarik@kukla.sk<\/div>\n\t\t\t        <\/div>\n\t\t\t    <\/div>\n\t\t    <\/div>      \n\t\t\t\t<\/div>\n\t<\/div>\n<\/div>\t\t<\/div>\n\t\t\t\t<\/div>\n\t\t\t\t<div class=\"elementor-element elementor-element-a1c367d cms-quick-contact-layout-1 elementor-widget elementor-widget-cms_quickcontact\" data-id=\"a1c367d\" data-element_type=\"widget\" data-widget_type=\"cms_quickcontact.default\">\n\t\t\t\t<div class=\"elementor-widget-container\">\n\t\t\t<div class=\"cms-qc-wrap\">\n\t<div class=\"cms-qc-inner\">\n\t\t<div class=\"row justify-content-center text-body\">\n\t\t\t\t\t<div class=\"cms-qc-list col-auto text-\">\n\t\t\t\t<div class=\"row gutters-10 align-items-center\">\n\t\t\t\t\t<div class=\"col-auto\">\n\t\t\t\t\t        <div class=\"cms-icon-wrap\" ><i aria-hidden=\"true\" class=\"cms-icon text-primary fas fa-phone-alt\" style=\"\"><\/i><\/div>\r\n        \t\t\t        <\/div>\n\t\t\t        <div class=\"col\">\n\t\t\t        \t<div>\n\t\t\t        \t\t<span class=\"cms-contact-title\">Ekonomick\u00fd &amp; HR riadite\u013e:<\/span>\n\t\t\t        \t\tRomana Vr\u00e1nov\u00e1<\/div>\n\t\t\t        \t<div><span class=\"cms-contact-title\">+421 905 500 693<\/span> vranova@kukla.sk<\/div>\n\t\t\t        <\/div>\n\t\t\t    <\/div>\n\t\t    <\/div>      \n\t\t\t\t<\/div>\n\t<\/div>\n<\/div>\t\t<\/div>\n\t\t\t\t<\/div>\n\t\t\t\t<\/div>\r\n\t\t\t\t\t<\/div>\r\n\t\t\t\t<\/div>\r\n\t\t        <section class=\"elementor-section elementor-top-section elementor-element elementor-element-6a444cc elementor-section-full_width elementor-section-stretched elementor-section-height-default elementor-section-height-default cms-full-content-with-space-none\" data-id=\"6a444cc\" data-element_type=\"section\" data-settings=\"{&quot;stretch_section&quot;:&quot;section-stretched&quot;}\">\r\n\t\t\r\n\t\t<div class=\"cms-section-boxed-bg\"><\/div>        <div class=\"elementor-container elementor-column-gap-no\" >\r\n\t\t        <div class=\"elementor-column elementor-col-100 elementor-top-column elementor-element elementor-element-323bf05\" data-id=\"323bf05\" data-element_type=\"column\">\r\n            <div class=\"elementor-widget-wrap elementor-element-populated\">\r\n                \t\t<div class=\"elementor-element elementor-element-785b644 elementor-widget elementor-widget-google_maps\" data-id=\"785b644\" data-element_type=\"widget\" data-widget_type=\"google_maps.default\">\n\t\t\t\t<div class=\"elementor-widget-container\">\n\t\t\t<style>\/*! elementor - v3.20.0 - 10-04-2024 *\/\n.elementor-widget-google_maps .elementor-widget-container{overflow:hidden}.elementor-widget-google_maps .elementor-custom-embed{line-height:0}.elementor-widget-google_maps iframe{height:300px}<\/style>\t\t<div class=\"elementor-custom-embed\">\n\t\t\t<iframe loading=\"lazy\"\n\t\t\t\t\tsrc=\"https:\/\/maps.google.com\/maps?q=Pestovatelska%202%2C%20Bratislava&#038;t=m&#038;z=12&#038;output=embed&#038;iwloc=near\"\n\t\t\t\t\ttitle=\"Pestovatelska 2, Bratislava\"\n\t\t\t\t\taria-label=\"Pestovatelska 2, Bratislava\"\n\t\t\t><\/iframe>\n\t\t<\/div>\n\t\t\t\t<\/div>\n\t\t\t\t<\/div>\n\t\t            <\/div>\r\n        <\/div>\r\n        \t\t\t<\/div>\r\n\t\t<\/section>\r\n\t\t\t\t<\/div>","protected":false},"excerpt":{"rendered":"<p>S\u00eddlo spolo\u010dnosti Pestovate\u013esk\u00e1 2, 821 02 Bratislava, Slovensko R\u00fdchly kontakt Email: andrej@kukla.sk Podpora: masarik@kukla.sk Otv\u00e1racie hodiny Pondelok &#8211; Piatok 8.00 &#8211; 19:00 Z\u00edska\u0165 cenov\u00fa ponuku Kontaktujte n\u00e1s Sme ve\u013emi hrd\u00ed na v\u0161etko, \u010do rob\u00edme, \u00fapln\u00e1 kontrola nad na\u0161imi slu\u017ebami n\u00e1m umo\u017e\u0148uje zabezpe\u010di\u0165 na\u0161im z\u00e1kazn\u00edkom slu\u017eby najvy\u0161\u0161ej kvality. Zateplenie budovySan\u00e1cia fasady a omietkzV\u00fdmena rozvodovRekon\u0161trukcia striechV\u00fdmena dver\u00ed [&hellip;]<\/p>","protected":false},"author":1,"featured_media":0,"parent":0,"menu_order":0,"comment_status":"closed","ping_status":"closed","template":"","meta":{"om_disable_all_campaigns":false,"_monsterinsights_skip_tracking":false,"_monsterinsights_sitenote_active":false,"_monsterinsights_sitenote_note":"","_monsterinsights_sitenote_category":0,"footnotes":""},"yoast_head":"<!-- This site is optimized with the Yoast SEO plugin v22.4 - https:\/\/yoast.com\/wordpress\/plugins\/seo\/ -->\n<title>Kontakt na n\u00e1s | Kukla.sk | Obnova budov<\/title>\n<meta name=\"description\" content=\"Potrebujete opravi\u0165 dom, rekon\u0161truova\u0165 strechu, vymeni\u0165 okn\u00e1, dvere, \u010di zatepli\u0165? Ozvite sa n\u00e1m. Garantujeme dohodnut\u00fa sumu. Profesion\u00e1lny pr\u00edstup.\" \/>\n<meta name=\"robots\" content=\"index, follow, max-snippet:-1, max-image-preview:large, max-video-preview:-1\" \/>\n<link rel=\"canonical\" href=\"https:\/\/www.kukla.sk\/en\/kontakt\/\" \/>\n<meta property=\"og:locale\" content=\"en_US\" \/>\n<meta property=\"og:type\" content=\"article\" \/>\n<meta property=\"og:title\" content=\"Kontakt na n\u00e1s | Kukla.sk | Obnova budov\" \/>\n<meta property=\"og:description\" content=\"Potrebujete opravi\u0165 dom, rekon\u0161truova\u0165 strechu, vymeni\u0165 okn\u00e1, dvere, \u010di zatepli\u0165? Ozvite sa n\u00e1m. Garantujeme dohodnut\u00fa sumu. Profesion\u00e1lny pr\u00edstup.\" \/>\n<meta property=\"og:url\" content=\"https:\/\/www.kukla.sk\/en\/kontakt\/\" \/>\n<meta property=\"og:site_name\" content=\"Kukla.sk | Obnova budov\" \/>\n<meta property=\"article:modified_time\" content=\"2026-03-18T11:04:30+00:00\" \/>\n<meta property=\"og:image\" content=\"https:\/\/www.kukla.sk\/wp-content\/uploads\/2023\/09\/3e102593-0d0b-4555-b8bf-714e8d1b17bf.jpg\" \/>\n\t<meta property=\"og:image:width\" content=\"1024\" \/>\n\t<meta property=\"og:image:height\" content=\"768\" \/>\n\t<meta property=\"og:image:type\" content=\"image\/jpeg\" \/>\n<meta name=\"twitter:card\" content=\"summary_large_image\" \/>\n<meta name=\"twitter:label1\" content=\"Est. reading time\" \/>\n\t<meta name=\"twitter:data1\" content=\"1 minute\" \/>\n<script type=\"application\/ld+json\" class=\"yoast-schema-graph\">{\"@context\":\"https:\/\/schema.org\",\"@graph\":[{\"@type\":\"WebPage\",\"@id\":\"https:\/\/www.kukla.sk\/kontakt\/\",\"url\":\"https:\/\/www.kukla.sk\/kontakt\/\",\"name\":\"Kontakt na n\u00e1s | Kukla.sk | Obnova budov\",\"isPartOf\":{\"@id\":\"https:\/\/www.kukla.sk\/#website\"},\"datePublished\":\"2023-09-08T20:43:10+00:00\",\"dateModified\":\"2026-03-18T11:04:30+00:00\",\"description\":\"Potrebujete opravi\u0165 dom, rekon\u0161truova\u0165 strechu, vymeni\u0165 okn\u00e1, dvere, \u010di zatepli\u0165? Ozvite sa n\u00e1m. Garantujeme dohodnut\u00fa sumu. Profesion\u00e1lny pr\u00edstup.\",\"breadcrumb\":{\"@id\":\"https:\/\/www.kukla.sk\/kontakt\/#breadcrumb\"},\"inLanguage\":\"en-US\",\"potentialAction\":[{\"@type\":\"ReadAction\",\"target\":[\"https:\/\/www.kukla.sk\/kontakt\/\"]}]},{\"@type\":\"BreadcrumbList\",\"@id\":\"https:\/\/www.kukla.sk\/kontakt\/#breadcrumb\",\"itemListElement\":[{\"@type\":\"ListItem\",\"position\":1,\"name\":\"Domov\",\"item\":\"https:\/\/www.kukla.sk\/\"},{\"@type\":\"ListItem\",\"position\":2,\"name\":\"Kontakt\"}]},{\"@type\":\"WebSite\",\"@id\":\"https:\/\/www.kukla.sk\/#website\",\"url\":\"https:\/\/www.kukla.sk\/\",\"name\":\"Kukla.sk | Obnova budov\",\"description\":\"\",\"publisher\":{\"@id\":\"https:\/\/www.kukla.sk\/#organization\"},\"potentialAction\":[{\"@type\":\"SearchAction\",\"target\":{\"@type\":\"EntryPoint\",\"urlTemplate\":\"https:\/\/www.kukla.sk\/?s={search_term_string}\"},\"query-input\":\"required name=search_term_string\"}],\"inLanguage\":\"en-US\"},{\"@type\":\"Organization\",\"@id\":\"https:\/\/www.kukla.sk\/#organization\",\"name\":\"Kukla.sk\",\"url\":\"https:\/\/www.kukla.sk\/\",\"logo\":{\"@type\":\"ImageObject\",\"inLanguage\":\"en-US\",\"@id\":\"https:\/\/www.kukla.sk\/#\/schema\/logo\/image\/\",\"url\":\"https:\/\/www.kukla.sk\/wp-content\/uploads\/2023\/06\/cropped-logo-kukla-domecek.png\",\"contentUrl\":\"https:\/\/www.kukla.sk\/wp-content\/uploads\/2023\/06\/cropped-logo-kukla-domecek.png\",\"width\":512,\"height\":512,\"caption\":\"Kukla.sk\"},\"image\":{\"@id\":\"https:\/\/www.kukla.sk\/#\/schema\/logo\/image\/\"}}]}<\/script>\n<!-- \/ Yoast SEO plugin. -->","yoast_head_json":{"title":"Kontakt na n\u00e1s | Kukla.sk | Obnova budov","description":"Potrebujete opravi\u0165 dom, rekon\u0161truova\u0165 strechu, vymeni\u0165 okn\u00e1, dvere, \u010di zatepli\u0165? Ozvite sa n\u00e1m. Garantujeme dohodnut\u00fa sumu. Profesion\u00e1lny pr\u00edstup.","robots":{"index":"index","follow":"follow","max-snippet":"max-snippet:-1","max-image-preview":"max-image-preview:large","max-video-preview":"max-video-preview:-1"},"canonical":"https:\/\/www.kukla.sk\/en\/kontakt\/","og_locale":"en_US","og_type":"article","og_title":"Kontakt na n\u00e1s | Kukla.sk | Obnova budov","og_description":"Potrebujete opravi\u0165 dom, rekon\u0161truova\u0165 strechu, vymeni\u0165 okn\u00e1, dvere, \u010di zatepli\u0165? Ozvite sa n\u00e1m. Garantujeme dohodnut\u00fa sumu. Profesion\u00e1lny pr\u00edstup.","og_url":"https:\/\/www.kukla.sk\/en\/kontakt\/","og_site_name":"Kukla.sk | Obnova budov","article_modified_time":"2026-03-18T11:04:30+00:00","og_image":[{"width":1024,"height":768,"url":"https:\/\/www.kukla.sk\/wp-content\/uploads\/2023\/09\/3e102593-0d0b-4555-b8bf-714e8d1b17bf.jpg","type":"image\/jpeg"}],"twitter_card":"summary_large_image","twitter_misc":{"Est. reading time":"1 minute"},"schema":{"@context":"https:\/\/schema.org","@graph":[{"@type":"WebPage","@id":"https:\/\/www.kukla.sk\/kontakt\/","url":"https:\/\/www.kukla.sk\/kontakt\/","name":"Kontakt na n\u00e1s | Kukla.sk | Obnova budov","isPartOf":{"@id":"https:\/\/www.kukla.sk\/#website"},"datePublished":"2023-09-08T20:43:10+00:00","dateModified":"2026-03-18T11:04:30+00:00","description":"Potrebujete opravi\u0165 dom, rekon\u0161truova\u0165 strechu, vymeni\u0165 okn\u00e1, dvere, \u010di zatepli\u0165? Ozvite sa n\u00e1m. Garantujeme dohodnut\u00fa sumu. Profesion\u00e1lny pr\u00edstup.","breadcrumb":{"@id":"https:\/\/www.kukla.sk\/kontakt\/#breadcrumb"},"inLanguage":"en-US","potentialAction":[{"@type":"ReadAction","target":["https:\/\/www.kukla.sk\/kontakt\/"]}]},{"@type":"BreadcrumbList","@id":"https:\/\/www.kukla.sk\/kontakt\/#breadcrumb","itemListElement":[{"@type":"ListItem","position":1,"name":"Domov","item":"https:\/\/www.kukla.sk\/"},{"@type":"ListItem","position":2,"name":"Kontakt"}]},{"@type":"WebSite","@id":"https:\/\/www.kukla.sk\/#website","url":"https:\/\/www.kukla.sk\/","name":"Kukla.sk | Obnova budov","description":"","publisher":{"@id":"https:\/\/www.kukla.sk\/#organization"},"potentialAction":[{"@type":"SearchAction","target":{"@type":"EntryPoint","urlTemplate":"https:\/\/www.kukla.sk\/?s={search_term_string}"},"query-input":"required name=search_term_string"}],"inLanguage":"en-US"},{"@type":"Organization","@id":"https:\/\/www.kukla.sk\/#organization","name":"Kukla.sk","url":"https:\/\/www.kukla.sk\/","logo":{"@type":"ImageObject","inLanguage":"en-US","@id":"https:\/\/www.kukla.sk\/#\/schema\/logo\/image\/","url":"https:\/\/www.kukla.sk\/wp-content\/uploads\/2023\/06\/cropped-logo-kukla-domecek.png","contentUrl":"https:\/\/www.kukla.sk\/wp-content\/uploads\/2023\/06\/cropped-logo-kukla-domecek.png","width":512,"height":512,"caption":"Kukla.sk"},"image":{"@id":"https:\/\/www.kukla.sk\/#\/schema\/logo\/image\/"}}]}},"_links":{"self":[{"href":"https:\/\/www.kukla.sk\/en\/wp-json\/wp\/v2\/pages\/6461"}],"collection":[{"href":"https:\/\/www.kukla.sk\/en\/wp-json\/wp\/v2\/pages"}],"about":[{"href":"https:\/\/www.kukla.sk\/en\/wp-json\/wp\/v2\/types\/page"}],"author":[{"embeddable":true,"href":"https:\/\/www.kukla.sk\/en\/wp-json\/wp\/v2\/users\/1"}],"replies":[{"embeddable":true,"href":"https:\/\/www.kukla.sk\/en\/wp-json\/wp\/v2\/comments?post=6461"}],"version-history":[{"count":58,"href":"https:\/\/www.kukla.sk\/en\/wp-json\/wp\/v2\/pages\/6461\/revisions"}],"predecessor-version":[{"id":7285,"href":"https:\/\/www.kukla.sk\/en\/wp-json\/wp\/v2\/pages\/6461\/revisions\/7285"}],"wp:attachment":[{"href":"https:\/\/www.kukla.sk\/en\/wp-json\/wp\/v2\/media?parent=6461"}],"curies":[{"name":"wp","href":"https:\/\/api.w.org\/{rel}","templated":true}]}}