{"id":6762,"date":"2023-09-10T13:26:18","date_gmt":"2023-09-10T11:26:18","guid":{"rendered":"https:\/\/www.kukla.sk\/?page_id=6762"},"modified":"2023-10-10T11:20:14","modified_gmt":"2023-10-10T09:20:14","slug":"zateplovac","status":"publish","type":"page","link":"https:\/\/www.kukla.sk\/en\/zateplovac\/","title":{"rendered":"Zatep\u013eova\u010d"},"content":{"rendered":"<div data-elementor-type=\"wp-page\" data-elementor-id=\"6762\" class=\"elementor elementor-6762\">\n\t\t\t\t<div class=\"elementor-element elementor-element-e738980 e-flex e-con-boxed e-con e-parent\" data-id=\"e738980\" data-element_type=\"container\" data-core-v316-plus=\"true\">\r\n\t\t\t\t\t<div class=\"e-con-inner\">\r\n\t\t\t\t<div class=\"elementor-element elementor-element-82a48f6 elementor-widget elementor-widget-spacer\" data-id=\"82a48f6\" data-element_type=\"widget\" data-widget_type=\"spacer.default\">\n\t\t\t\t<div class=\"elementor-widget-container\">\n\t\t\t<style>\/*! elementor - v3.20.0 - 10-04-2024 *\/\n.elementor-column .elementor-spacer-inner{height:var(--spacer-size)}.e-con{--container-widget-width:100%}.e-con-inner>.elementor-widget-spacer,.e-con>.elementor-widget-spacer{width:var(--container-widget-width,var(--spacer-size));--align-self:var(--container-widget-align-self,initial);--flex-shrink:0}.e-con-inner>.elementor-widget-spacer>.elementor-widget-container,.e-con>.elementor-widget-spacer>.elementor-widget-container{height:100%;width:100%}.e-con-inner>.elementor-widget-spacer>.elementor-widget-container>.elementor-spacer,.e-con>.elementor-widget-spacer>.elementor-widget-container>.elementor-spacer{height:100%}.e-con-inner>.elementor-widget-spacer>.elementor-widget-container>.elementor-spacer>.elementor-spacer-inner,.e-con>.elementor-widget-spacer>.elementor-widget-container>.elementor-spacer>.elementor-spacer-inner{height:var(--container-widget-height,var(--spacer-size))}.e-con-inner>.elementor-widget-spacer.elementor-widget-empty,.e-con>.elementor-widget-spacer.elementor-widget-empty{position:relative;min-height:22px;min-width:22px}.e-con-inner>.elementor-widget-spacer.elementor-widget-empty .elementor-widget-empty-icon,.e-con>.elementor-widget-spacer.elementor-widget-empty .elementor-widget-empty-icon{position:absolute;top:0;bottom:0;left:0;right:0;margin:auto;padding:0;width:22px;height:22px}<\/style>\t\t<div class=\"elementor-spacer\">\n\t\t\t<div class=\"elementor-spacer-inner\"><\/div>\n\t\t<\/div>\n\t\t\t\t<\/div>\n\t\t\t\t<\/div>\n\t\t\t\t\t<\/div>\r\n\t\t\t\t<\/div>\r\n\t\t<div class=\"elementor-element elementor-element-e47c7e8 e-flex e-con-boxed e-con e-parent\" data-id=\"e47c7e8\" data-element_type=\"container\" data-core-v316-plus=\"true\">\r\n\t\t\t\t\t<div class=\"e-con-inner\">\r\n\t\t<div class=\"elementor-element elementor-element-902a259 e-con-full e-flex e-con e-parent\" data-id=\"902a259\" data-element_type=\"container\" data-core-v316-plus=\"true\">\r\n\t\t\t\t<div class=\"elementor-element elementor-element-f47eed0 elementor-widget elementor-widget-heading\" data-id=\"f47eed0\" data-element_type=\"widget\" data-widget_type=\"heading.default\">\n\t\t\t\t<div class=\"elementor-widget-container\">\n\t\t\t<style>\/*! elementor - v3.20.0 - 10-04-2024 *\/\n.elementor-heading-title{padding:0;margin:0;line-height:1}.elementor-widget-heading .elementor-heading-title[class*=elementor-size-]>a{color:inherit;font-size:inherit;line-height:inherit}.elementor-widget-heading .elementor-heading-title.elementor-size-small{font-size:15px}.elementor-widget-heading .elementor-heading-title.elementor-size-medium{font-size:19px}.elementor-widget-heading .elementor-heading-title.elementor-size-large{font-size:29px}.elementor-widget-heading .elementor-heading-title.elementor-size-xl{font-size:39px}.elementor-widget-heading .elementor-heading-title.elementor-size-xxl{font-size:59px}<\/style><h2 class=\"elementor-heading-title elementor-size-default\">\u010cO O\u010cAK\u00c1VAME<\/h2>\t\t<\/div>\n\t\t\t\t<\/div>\n\t\t\t\t<div class=\"elementor-element elementor-element-2fca5f9 elementor-widget elementor-widget-text-editor\" data-id=\"2fca5f9\" data-element_type=\"widget\" data-widget_type=\"text-editor.default\">\n\t\t\t\t<div class=\"elementor-widget-container\">\n\t\t\t<style>\/*! elementor - v3.20.0 - 10-04-2024 *\/\n.elementor-widget-text-editor.elementor-drop-cap-view-stacked .elementor-drop-cap{background-color:#69727d;color:#fff}.elementor-widget-text-editor.elementor-drop-cap-view-framed .elementor-drop-cap{color:#69727d;border:3px solid;background-color:transparent}.elementor-widget-text-editor:not(.elementor-drop-cap-view-default) .elementor-drop-cap{margin-top:8px}.elementor-widget-text-editor:not(.elementor-drop-cap-view-default) .elementor-drop-cap-letter{width:1em;height:1em}.elementor-widget-text-editor .elementor-drop-cap{float:left;text-align:center;line-height:1;font-size:50px}.elementor-widget-text-editor .elementor-drop-cap-letter{display:inline-block}<\/style>\t\t\t\t<p>Pr\u00e1ce vo v\u00fd\u0161kach, V\u00fdstavba, prer\u00e1banie, obkladanie a zatep\u013eovanie rodinn\u00fdch domov, bytoviek a \u010dast\u00ed domov (kom\u00ednov, prie\u010dok, fas\u00e1d), pomocn\u00e9 stavebn\u00e9 pr\u00e1ce na budov\u00e1ch<\/p>\t\t\t\t\t\t<\/div>\n\t\t\t\t<\/div>\n\t\t\t\t<\/div>\r\n\t\t<div class=\"elementor-element elementor-element-f4867f2 e-con-full e-flex e-con e-parent\" data-id=\"f4867f2\" data-element_type=\"container\" data-core-v316-plus=\"true\">\r\n\t\t\t\t<div class=\"elementor-element elementor-element-7f36ebd elementor-widget elementor-widget-text-editor\" data-id=\"7f36ebd\" data-element_type=\"widget\" data-widget_type=\"text-editor.default\">\n\t\t\t\t<div class=\"elementor-widget-container\">\n\t\t\t\t\t\t\t<h5 class=\"p1\"><strong>Po\u017eadovan\u00e9 vzdelanie<\/strong><\/h5><p class=\"p2\">Z\u00e1kladn\u00e9 vzdelanie<\/p><h6 class=\"p1\"><strong>D\u013a\u017eka praxe<\/strong><\/h6><p class=\"p1\">bez po\u017eiadavky na odborn\u00fa prax<\/p><h6 class=\"p1\"><strong>Zru\u010dnosti, schopnosti<\/strong><\/h6><p class=\"p1\">V\u0161eobecn\u00e9 sp\u00f4sobilosti: manu\u00e1lna zru\u010dnos\u0165<\/p><h6 class=\"p1\"><strong>Osobnostn\u00e9 predpoklady<\/strong><\/h6><p class=\"p1\">ochota pom\u00e1ha\u0165 (zmysel pre spolupatri\u010dnos\u0165)<\/p>\t\t\t\t\t\t<\/div>\n\t\t\t\t<\/div>\n\t\t\t\t<\/div>\r\n\t\t\t\t\t<\/div>\r\n\t\t\t\t<\/div>\r\n\t\t<div class=\"elementor-element elementor-element-b7661da e-flex e-con-boxed e-con e-parent\" data-id=\"b7661da\" data-element_type=\"container\" data-core-v316-plus=\"true\">\r\n\t\t\t\t\t<div class=\"e-con-inner\">\r\n\t\t<div class=\"elementor-element elementor-element-0e4607f e-con-full e-flex e-con e-parent\" data-id=\"0e4607f\" data-element_type=\"container\" data-core-v316-plus=\"true\">\r\n\t\t\t\t<div class=\"elementor-element elementor-element-52fc6bd elementor-widget elementor-widget-heading\" data-id=\"52fc6bd\" data-element_type=\"widget\" data-widget_type=\"heading.default\">\n\t\t\t\t<div class=\"elementor-widget-container\">\n\t\t\t<h2 class=\"elementor-heading-title elementor-size-default\">\u010cO O\u010cAK\u00c1VAME<\/h2>\t\t<\/div>\n\t\t\t\t<\/div>\n\t\t\t\t<div class=\"elementor-element elementor-element-1cc7328 elementor-widget elementor-widget-text-editor\" data-id=\"1cc7328\" data-element_type=\"widget\" data-widget_type=\"text-editor.default\">\n\t\t\t\t<div class=\"elementor-widget-container\">\n\t\t\t\t\t\t\t<p>Pr\u00e1ce vo v\u00fd\u0161kach, mont\u00e1\u017e krovov, striech, pomocn\u00e9 stavebn\u00e9 pr\u00e1ce na budov\u00e1ch<\/p>\t\t\t\t\t\t<\/div>\n\t\t\t\t<\/div>\n\t\t\t\t<\/div>\r\n\t\t<div class=\"elementor-element elementor-element-0251969 e-con-full e-flex e-con e-parent\" data-id=\"0251969\" data-element_type=\"container\" data-core-v316-plus=\"true\">\r\n\t\t\t\t<div class=\"elementor-element elementor-element-bc78154 elementor-widget elementor-widget-text-editor\" data-id=\"bc78154\" data-element_type=\"widget\" data-widget_type=\"text-editor.default\">\n\t\t\t\t<div class=\"elementor-widget-container\">\n\t\t\t\t\t\t\t<p>\u2013 Zodpovednos\u0165<br \/>\u2013 Samostatnos\u0165<br \/>\u2013 Profesionalitu<br \/>\u2013 Vedomos\u0165 cudzieho jazyka v\u00fdhodou<br \/>\u2013 Vodi\u010dsk\u00fd preukaz podmienkou<\/p><p>Ak m\u00e1te chu\u0165 pracova\u0165 v priate\u013eskom kolekt\u00edve s mo\u017enos\u0165ou kari\u00e9rneho rastu, nev\u00e1hajte a vypl\u0148te dotazn\u00edk ni\u017e\u0161ie, popr\u00edpade volajte na tel. \u010d. +421 907 784 340 pre viac inform\u00e1ci\u00ed.<\/p>\t\t\t\t\t\t<\/div>\n\t\t\t\t<\/div>\n\t\t\t\t<\/div>\r\n\t\t\t\t\t<\/div>\r\n\t\t\t\t<\/div>\r\n\t\t<div class=\"elementor-element elementor-element-dfb32b3 e-flex e-con-boxed e-con e-parent\" data-id=\"dfb32b3\" data-element_type=\"container\" data-core-v316-plus=\"true\">\r\n\t\t\t\t\t<div class=\"e-con-inner\">\r\n\t\t<div class=\"elementor-element elementor-element-561fff0 e-con-full e-flex e-con e-parent\" data-id=\"561fff0\" data-element_type=\"container\" data-core-v316-plus=\"true\">\r\n\t\t\t\t<div class=\"elementor-element elementor-element-751e4ea elementor-widget elementor-widget-heading\" data-id=\"751e4ea\" data-element_type=\"widget\" data-widget_type=\"heading.default\">\n\t\t\t\t<div class=\"elementor-widget-container\">\n\t\t\t<h2 class=\"elementor-heading-title elementor-size-default\">Omietk\u00e1r<\/h2>\t\t<\/div>\n\t\t\t\t<\/div>\n\t\t\t\t<\/div>\r\n\t\t<div class=\"elementor-element elementor-element-2ea10d4 e-con-full e-flex e-con e-parent\" data-id=\"2ea10d4\" data-element_type=\"container\" data-core-v316-plus=\"true\">\r\n\t\t\t\t<div class=\"elementor-element elementor-element-adb2c07 elementor-widget elementor-widget-text-editor\" data-id=\"adb2c07\" data-element_type=\"widget\" data-widget_type=\"text-editor.default\">\n\t\t\t\t<div class=\"elementor-widget-container\">\n\t\t\t\t\t\t\t<p>\u2013 vypl\u00e1canie 2x mesa\u010dne<br \/>\u2013 zabezpe\u010den\u00e9 ubytovanie<br \/>\u2013 mo\u017enos\u0165 dlhodobej aj kr\u00e1tkodobej spolupr\u00e1ce<br \/>\u2013 zabezpe\u010den\u00e9 pracovn\u00e9 oble\u010denie, v\u00fdstroj, n\u00e1radie a doprava<br \/>\u2013 zabezpe\u010den\u00e9 pracovn\u00e9 vozidlo<\/p>\t\t\t\t\t\t<\/div>\n\t\t\t\t<\/div>\n\t\t\t\t<\/div>\r\n\t\t\t\t\t<\/div>\r\n\t\t\t\t<\/div>\r\n\t\t<div class=\"elementor-element elementor-element-726ca8f e-flex e-con-boxed e-con e-parent\" data-id=\"726ca8f\" data-element_type=\"container\" data-core-v316-plus=\"true\">\r\n\t\t\t\t\t<div class=\"e-con-inner\">\r\n\t\t\t\t<div class=\"elementor-element elementor-element-ce68c98 cms-cf7-layout-1 elementor-widget elementor-widget-cms_ctf7\" data-id=\"ce68c98\" data-element_type=\"widget\" data-widget_type=\"cms_ctf7.default\">\n\t\t\t\t<div class=\"elementor-widget-container\">\n\t\t\t    <div id=\"cms_ctf7-ce68c98\" class=\"cms-cf7 overflow-hidden bg-white p-20 p-lg-30 p-xl-50 cms-radius-16 cms-shadow-3\">\r\n        <div class=\"cms-cf7-inner\">                <div class=\"cms-form-heading cms-heading text-24 font-500 mt-n12\">Kontakt<\/div>\r\n                        <div class=\"pt-20\">\n<div class=\"wpcf7 no-js\" id=\"wpcf7-f6738-o1\" lang=\"en-US\" dir=\"ltr\">\n<div class=\"screen-reader-response\"><p role=\"status\" aria-live=\"polite\" aria-atomic=\"true\"><\/p> <ul><\/ul><\/div>\n<form action=\"\/en\/wp-json\/wp\/v2\/pages\/6762#wpcf7-f6738-o1\" method=\"post\" class=\"wpcf7-form init\" aria-label=\"Contact form\" novalidate=\"novalidate\" data-status=\"init\" data-trp-original-action=\"\/en\/wp-json\/wp\/v2\/pages\/6762#wpcf7-f6738-o1\">\n<div style=\"display: none;\">\n<input type=\"hidden\" name=\"_wpcf7\" value=\"6738\" \/>\n<input type=\"hidden\" name=\"_wpcf7_version\" value=\"5.9.3\" \/>\n<input type=\"hidden\" name=\"_wpcf7_locale\" value=\"en_US\" \/>\n<input type=\"hidden\" name=\"_wpcf7_unit_tag\" value=\"wpcf7-f6738-o1\" \/>\n<input type=\"hidden\" name=\"_wpcf7_container_post\" value=\"0\" \/>\n<input type=\"hidden\" name=\"_wpcf7_posted_data_hash\" value=\"\" \/>\n<\/div>\n<p><label> Va\u0161e meno<br \/>\n<span class=\"wpcf7-form-control-wrap\" data-name=\"your-name\"><input size=\"40\" class=\"wpcf7-form-control wpcf7-text wpcf7-validates-as-required\" autocomplete=\"name\" aria-required=\"true\" aria-invalid=\"false\" value=\"\" type=\"text\" name=\"your-name\" \/><\/span> <\/label>\n<\/p>\n<p><label> V\u00e1\u0161 email<br \/>\n<span class=\"wpcf7-form-control-wrap\" data-name=\"your-email\"><input size=\"40\" class=\"wpcf7-form-control wpcf7-email wpcf7-validates-as-required wpcf7-text wpcf7-validates-as-email\" autocomplete=\"email\" aria-required=\"true\" aria-invalid=\"false\" value=\"\" type=\"email\" name=\"your-email\" \/><\/span> <\/label>\n<\/p>\n<p><label> Predmet<br \/>\n<span class=\"wpcf7-form-control-wrap\" data-name=\"your-subject\"><input size=\"40\" class=\"wpcf7-form-control wpcf7-text wpcf7-validates-as-required\" aria-required=\"true\" aria-invalid=\"false\" value=\"\" type=\"text\" name=\"your-subject\" \/><\/span> <\/label>\n<\/p>\n<p>Ak\u00fa poz\u00edciu h\u013ead\u00e1te?<br \/>\n<span class=\"wpcf7-form-control-wrap\" data-name=\"checkbox-230\"><span class=\"wpcf7-form-control wpcf7-checkbox\"><span class=\"wpcf7-list-item first\"><label><input type=\"checkbox\" name=\"checkbox-230[]\" value=\"Omietk\u00e1r\" \/><span class=\"wpcf7-list-item-label\">Omietk\u00e1r<\/span><\/label><\/span><span class=\"wpcf7-list-item\"><label><input type=\"checkbox\" name=\"checkbox-230[]\" value=\"Zatep\u013eova\u010d\" \/><span class=\"wpcf7-list-item-label\">Zatep\u013eova\u010d<\/span><\/label><\/span><span class=\"wpcf7-list-item last\"><label><input type=\"checkbox\" name=\"checkbox-230[]\" value=\"Strech\u00e1r\" \/><span class=\"wpcf7-list-item-label\">Strech\u00e1r<\/span><\/label><\/span><\/span><\/span>\n<\/p>\n<p><label> Va\u0161a spr\u00e1va (volite\u013en\u00e9)<br \/>\n<span class=\"wpcf7-form-control-wrap\" data-name=\"your-message\"><textarea cols=\"40\" rows=\"10\" class=\"wpcf7-form-control wpcf7-textarea\" aria-invalid=\"false\" name=\"your-message\"><\/textarea><\/span> <\/label>\n<\/p>\n<p><button class=\"wpcf7-form-control wpcf7-submit\" type=\"submit\"><span class=\"cms-btn-content\"><span class=\"cms-btn-text\">Odosla\u0165<\/span><\/span><\/button>\n<\/p><div class=\"wpcf7-response-output\" aria-hidden=\"true\"><\/div>\n<input type=\"hidden\" name=\"trp-form-language\" value=\"en\"\/><\/form>\n<\/div>\n<\/div>\r\n        <\/div>\r\n    <\/div>\r\n\t\t<\/div>\n\t\t\t\t<\/div>\n\t\t\t\t\t<\/div>\r\n\t\t\t\t<\/div>\r\n\t\t\t\t<\/div>","protected":false},"excerpt":{"rendered":"<p>\u010cO O\u010cAK\u00c1VAME Pr\u00e1ce vo v\u00fd\u0161kach, V\u00fdstavba, prer\u00e1banie, obkladanie a zatep\u013eovanie rodinn\u00fdch domov, bytoviek a \u010dast\u00ed domov (kom\u00ednov, prie\u010dok, fas\u00e1d), pomocn\u00e9 stavebn\u00e9 pr\u00e1ce na budov\u00e1ch Po\u017eadovan\u00e9 vzdelanie Z\u00e1kladn\u00e9 vzdelanie D\u013a\u017eka praxe bez po\u017eiadavky na odborn\u00fa prax Zru\u010dnosti, schopnosti V\u0161eobecn\u00e9 sp\u00f4sobilosti: manu\u00e1lna zru\u010dnos\u0165 Osobnostn\u00e9 predpoklady ochota pom\u00e1ha\u0165 (zmysel pre spolupatri\u010dnos\u0165) \u010cO O\u010cAK\u00c1VAME Pr\u00e1ce vo v\u00fd\u0161kach, mont\u00e1\u017e krovov, [&hellip;]<\/p>","protected":false},"author":1,"featured_media":6018,"parent":0,"menu_order":0,"comment_status":"closed","ping_status":"closed","template":"","meta":{"om_disable_all_campaigns":false,"_monsterinsights_skip_tracking":false,"_monsterinsights_sitenote_active":false,"_monsterinsights_sitenote_note":"","_monsterinsights_sitenote_category":0,"footnotes":""},"yoast_head":"<!-- This site is optimized with the Yoast SEO plugin v22.4 - https:\/\/yoast.com\/wordpress\/plugins\/seo\/ -->\n<title>Pr\u00e1ca zatep\u013eova\u010da budov | Kukla.sk | Obnova budov<\/title>\n<meta name=\"description\" content=\"Pracujte pre n\u00e1s ako zatep\u013eova\u010d. V\u00fdplata 2x do mesiaca. Zauj\u00edmav\u00e9 platov\u00e9 ohodnotenie. Mo\u017enos\u0165 ubytovania. Zabezpe\u010den\u00e9 pracovn\u00e9 oble\u010denie\" \/>\n<meta name=\"robots\" content=\"index, follow, max-snippet:-1, max-image-preview:large, max-video-preview:-1\" \/>\n<link rel=\"canonical\" href=\"https:\/\/www.kukla.sk\/en\/zateplovac\/\" \/>\n<meta property=\"og:locale\" content=\"en_US\" \/>\n<meta property=\"og:type\" content=\"article\" \/>\n<meta property=\"og:title\" content=\"Pr\u00e1ca zatep\u013eova\u010da budov | Kukla.sk | Obnova budov\" \/>\n<meta property=\"og:description\" content=\"Pracujte pre n\u00e1s ako zatep\u013eova\u010d. V\u00fdplata 2x do mesiaca. Zauj\u00edmav\u00e9 platov\u00e9 ohodnotenie. Mo\u017enos\u0165 ubytovania. Zabezpe\u010den\u00e9 pracovn\u00e9 oble\u010denie\" \/>\n<meta property=\"og:url\" content=\"https:\/\/www.kukla.sk\/en\/zateplovac\/\" \/>\n<meta property=\"og:site_name\" content=\"Kukla.sk | Obnova budov\" \/>\n<meta property=\"article:modified_time\" content=\"2023-10-10T09:20:14+00:00\" \/>\n<meta property=\"og:image\" content=\"https:\/\/www.kukla.sk\/wp-content\/uploads\/2023\/09\/AdobeStock_609990556-scaled.jpeg\" \/>\n\t<meta property=\"og:image:width\" content=\"2560\" \/>\n\t<meta property=\"og:image:height\" content=\"1621\" \/>\n\t<meta property=\"og:image:type\" content=\"image\/jpeg\" \/>\n<meta name=\"twitter:card\" content=\"summary_large_image\" \/>\n<meta name=\"twitter:label1\" content=\"Est. reading time\" \/>\n\t<meta name=\"twitter:data1\" content=\"1 minute\" \/>\n<script type=\"application\/ld+json\" class=\"yoast-schema-graph\">{\"@context\":\"https:\/\/schema.org\",\"@graph\":[{\"@type\":\"WebPage\",\"@id\":\"https:\/\/www.kukla.sk\/zateplovac\/\",\"url\":\"https:\/\/www.kukla.sk\/zateplovac\/\",\"name\":\"Pr\u00e1ca zatep\u013eova\u010da budov | Kukla.sk | Obnova budov\",\"isPartOf\":{\"@id\":\"https:\/\/www.kukla.sk\/#website\"},\"primaryImageOfPage\":{\"@id\":\"https:\/\/www.kukla.sk\/zateplovac\/#primaryimage\"},\"image\":{\"@id\":\"https:\/\/www.kukla.sk\/zateplovac\/#primaryimage\"},\"thumbnailUrl\":\"https:\/\/www.kukla.sk\/wp-content\/uploads\/2023\/09\/AdobeStock_609990556-scaled.jpeg\",\"datePublished\":\"2023-09-10T11:26:18+00:00\",\"dateModified\":\"2023-10-10T09:20:14+00:00\",\"description\":\"Pracujte pre n\u00e1s ako zatep\u013eova\u010d. V\u00fdplata 2x do mesiaca. Zauj\u00edmav\u00e9 platov\u00e9 ohodnotenie. Mo\u017enos\u0165 ubytovania. Zabezpe\u010den\u00e9 pracovn\u00e9 oble\u010denie\",\"breadcrumb\":{\"@id\":\"https:\/\/www.kukla.sk\/zateplovac\/#breadcrumb\"},\"inLanguage\":\"en-US\",\"potentialAction\":[{\"@type\":\"ReadAction\",\"target\":[\"https:\/\/www.kukla.sk\/zateplovac\/\"]}]},{\"@type\":\"ImageObject\",\"inLanguage\":\"en-US\",\"@id\":\"https:\/\/www.kukla.sk\/zateplovac\/#primaryimage\",\"url\":\"https:\/\/www.kukla.sk\/wp-content\/uploads\/2023\/09\/AdobeStock_609990556-scaled.jpeg\",\"contentUrl\":\"https:\/\/www.kukla.sk\/wp-content\/uploads\/2023\/09\/AdobeStock_609990556-scaled.jpeg\",\"width\":2560,\"height\":1621,\"caption\":\"natieranie striech asfaltom\"},{\"@type\":\"BreadcrumbList\",\"@id\":\"https:\/\/www.kukla.sk\/zateplovac\/#breadcrumb\",\"itemListElement\":[{\"@type\":\"ListItem\",\"position\":1,\"name\":\"Domov\",\"item\":\"https:\/\/www.kukla.sk\/\"},{\"@type\":\"ListItem\",\"position\":2,\"name\":\"Zatep\u013eova\u010d\"}]},{\"@type\":\"WebSite\",\"@id\":\"https:\/\/www.kukla.sk\/#website\",\"url\":\"https:\/\/www.kukla.sk\/\",\"name\":\"Kukla.sk | Obnova budov\",\"description\":\"\",\"publisher\":{\"@id\":\"https:\/\/www.kukla.sk\/#organization\"},\"potentialAction\":[{\"@type\":\"SearchAction\",\"target\":{\"@type\":\"EntryPoint\",\"urlTemplate\":\"https:\/\/www.kukla.sk\/?s={search_term_string}\"},\"query-input\":\"required name=search_term_string\"}],\"inLanguage\":\"en-US\"},{\"@type\":\"Organization\",\"@id\":\"https:\/\/www.kukla.sk\/#organization\",\"name\":\"Kukla.sk\",\"url\":\"https:\/\/www.kukla.sk\/\",\"logo\":{\"@type\":\"ImageObject\",\"inLanguage\":\"en-US\",\"@id\":\"https:\/\/www.kukla.sk\/#\/schema\/logo\/image\/\",\"url\":\"https:\/\/www.kukla.sk\/wp-content\/uploads\/2023\/06\/cropped-logo-kukla-domecek.png\",\"contentUrl\":\"https:\/\/www.kukla.sk\/wp-content\/uploads\/2023\/06\/cropped-logo-kukla-domecek.png\",\"width\":512,\"height\":512,\"caption\":\"Kukla.sk\"},\"image\":{\"@id\":\"https:\/\/www.kukla.sk\/#\/schema\/logo\/image\/\"}}]}<\/script>\n<!-- \/ Yoast SEO plugin. -->","yoast_head_json":{"title":"Pr\u00e1ca zatep\u013eova\u010da budov | Kukla.sk | Obnova budov","description":"Pracujte pre n\u00e1s ako zatep\u013eova\u010d. V\u00fdplata 2x do mesiaca. Zauj\u00edmav\u00e9 platov\u00e9 ohodnotenie. Mo\u017enos\u0165 ubytovania. Zabezpe\u010den\u00e9 pracovn\u00e9 oble\u010denie","robots":{"index":"index","follow":"follow","max-snippet":"max-snippet:-1","max-image-preview":"max-image-preview:large","max-video-preview":"max-video-preview:-1"},"canonical":"https:\/\/www.kukla.sk\/en\/zateplovac\/","og_locale":"en_US","og_type":"article","og_title":"Pr\u00e1ca zatep\u013eova\u010da budov | Kukla.sk | Obnova budov","og_description":"Pracujte pre n\u00e1s ako zatep\u013eova\u010d. V\u00fdplata 2x do mesiaca. Zauj\u00edmav\u00e9 platov\u00e9 ohodnotenie. Mo\u017enos\u0165 ubytovania. Zabezpe\u010den\u00e9 pracovn\u00e9 oble\u010denie","og_url":"https:\/\/www.kukla.sk\/en\/zateplovac\/","og_site_name":"Kukla.sk | Obnova budov","article_modified_time":"2023-10-10T09:20:14+00:00","og_image":[{"width":2560,"height":1621,"url":"https:\/\/www.kukla.sk\/wp-content\/uploads\/2023\/09\/AdobeStock_609990556-scaled.jpeg","type":"image\/jpeg"}],"twitter_card":"summary_large_image","twitter_misc":{"Est. reading time":"1 minute"},"schema":{"@context":"https:\/\/schema.org","@graph":[{"@type":"WebPage","@id":"https:\/\/www.kukla.sk\/zateplovac\/","url":"https:\/\/www.kukla.sk\/zateplovac\/","name":"Pr\u00e1ca zatep\u013eova\u010da budov | Kukla.sk | Obnova budov","isPartOf":{"@id":"https:\/\/www.kukla.sk\/#website"},"primaryImageOfPage":{"@id":"https:\/\/www.kukla.sk\/zateplovac\/#primaryimage"},"image":{"@id":"https:\/\/www.kukla.sk\/zateplovac\/#primaryimage"},"thumbnailUrl":"https:\/\/www.kukla.sk\/wp-content\/uploads\/2023\/09\/AdobeStock_609990556-scaled.jpeg","datePublished":"2023-09-10T11:26:18+00:00","dateModified":"2023-10-10T09:20:14+00:00","description":"Pracujte pre n\u00e1s ako zatep\u013eova\u010d. V\u00fdplata 2x do mesiaca. Zauj\u00edmav\u00e9 platov\u00e9 ohodnotenie. Mo\u017enos\u0165 ubytovania. Zabezpe\u010den\u00e9 pracovn\u00e9 oble\u010denie","breadcrumb":{"@id":"https:\/\/www.kukla.sk\/zateplovac\/#breadcrumb"},"inLanguage":"en-US","potentialAction":[{"@type":"ReadAction","target":["https:\/\/www.kukla.sk\/zateplovac\/"]}]},{"@type":"ImageObject","inLanguage":"en-US","@id":"https:\/\/www.kukla.sk\/zateplovac\/#primaryimage","url":"https:\/\/www.kukla.sk\/wp-content\/uploads\/2023\/09\/AdobeStock_609990556-scaled.jpeg","contentUrl":"https:\/\/www.kukla.sk\/wp-content\/uploads\/2023\/09\/AdobeStock_609990556-scaled.jpeg","width":2560,"height":1621,"caption":"natieranie striech asfaltom"},{"@type":"BreadcrumbList","@id":"https:\/\/www.kukla.sk\/zateplovac\/#breadcrumb","itemListElement":[{"@type":"ListItem","position":1,"name":"Domov","item":"https:\/\/www.kukla.sk\/"},{"@type":"ListItem","position":2,"name":"Zatep\u013eova\u010d"}]},{"@type":"WebSite","@id":"https:\/\/www.kukla.sk\/#website","url":"https:\/\/www.kukla.sk\/","name":"Kukla.sk | Obnova budov","description":"","publisher":{"@id":"https:\/\/www.kukla.sk\/#organization"},"potentialAction":[{"@type":"SearchAction","target":{"@type":"EntryPoint","urlTemplate":"https:\/\/www.kukla.sk\/?s={search_term_string}"},"query-input":"required name=search_term_string"}],"inLanguage":"en-US"},{"@type":"Organization","@id":"https:\/\/www.kukla.sk\/#organization","name":"Kukla.sk","url":"https:\/\/www.kukla.sk\/","logo":{"@type":"ImageObject","inLanguage":"en-US","@id":"https:\/\/www.kukla.sk\/#\/schema\/logo\/image\/","url":"https:\/\/www.kukla.sk\/wp-content\/uploads\/2023\/06\/cropped-logo-kukla-domecek.png","contentUrl":"https:\/\/www.kukla.sk\/wp-content\/uploads\/2023\/06\/cropped-logo-kukla-domecek.png","width":512,"height":512,"caption":"Kukla.sk"},"image":{"@id":"https:\/\/www.kukla.sk\/#\/schema\/logo\/image\/"}}]}},"_links":{"self":[{"href":"https:\/\/www.kukla.sk\/en\/wp-json\/wp\/v2\/pages\/6762"}],"collection":[{"href":"https:\/\/www.kukla.sk\/en\/wp-json\/wp\/v2\/pages"}],"about":[{"href":"https:\/\/www.kukla.sk\/en\/wp-json\/wp\/v2\/types\/page"}],"author":[{"embeddable":true,"href":"https:\/\/www.kukla.sk\/en\/wp-json\/wp\/v2\/users\/1"}],"replies":[{"embeddable":true,"href":"https:\/\/www.kukla.sk\/en\/wp-json\/wp\/v2\/comments?post=6762"}],"version-history":[{"count":5,"href":"https:\/\/www.kukla.sk\/en\/wp-json\/wp\/v2\/pages\/6762\/revisions"}],"predecessor-version":[{"id":6891,"href":"https:\/\/www.kukla.sk\/en\/wp-json\/wp\/v2\/pages\/6762\/revisions\/6891"}],"wp:featuredmedia":[{"embeddable":true,"href":"https:\/\/www.kukla.sk\/en\/wp-json\/wp\/v2\/media\/6018"}],"wp:attachment":[{"href":"https:\/\/www.kukla.sk\/en\/wp-json\/wp\/v2\/media?parent=6762"}],"curies":[{"name":"wp","href":"https:\/\/api.w.org\/{rel}","templated":true}]}}